{"id":140,"date":"2023-11-20T14:34:10","date_gmt":"2023-11-20T13:34:10","guid":{"rendered":"https:\/\/quentinplemarie.com\/?page_id=140"},"modified":"2024-06-18T21:00:48","modified_gmt":"2024-06-18T19:00:48","slug":"le-talisman-de-calypso","status":"publish","type":"page","link":"https:\/\/quentinplemarie.com\/?page_id=140","title":{"rendered":"Le Talisman de Calypso"},"content":{"rendered":"\n<figure data-wp-context=\"{&quot;imageId&quot;:&quot;69fb34894bbeb&quot;}\" data-wp-interactive=\"core\/image\" class=\"wp-block-image aligncenter size-large is-resized is-style-default wp-lightbox-container\"><img fetchpriority=\"high\" decoding=\"async\" width=\"724\" height=\"1024\" data-wp-class--hide=\"state.isContentHidden\" data-wp-class--show=\"state.isContentVisible\" data-wp-init=\"callbacks.setButtonStyles\" data-wp-on-async--click=\"actions.showLightbox\" data-wp-on-async--load=\"callbacks.setButtonStyles\" data-wp-on-async-window--resize=\"callbacks.setButtonStyles\" src=\"http:\/\/quentinplemarie.com\/wp-content\/uploads\/2023\/11\/Calypso-724x1024.png\" alt=\"\" class=\"wp-image-104\" style=\"width:255px;height:auto\" srcset=\"https:\/\/quentinplemarie.com\/wp-content\/uploads\/2023\/11\/Calypso-724x1024.png 724w, https:\/\/quentinplemarie.com\/wp-content\/uploads\/2023\/11\/Calypso-400x566.png 400w, https:\/\/quentinplemarie.com\/wp-content\/uploads\/2023\/11\/Calypso-212x300.png 212w, https:\/\/quentinplemarie.com\/wp-content\/uploads\/2023\/11\/Calypso-768x1087.png 768w, https:\/\/quentinplemarie.com\/wp-content\/uploads\/2023\/11\/Calypso.png 1000w\" sizes=\"(max-width: 724px) 100vw, 724px\" \/><button\n\t\t\tclass=\"lightbox-trigger\"\n\t\t\ttype=\"button\"\n\t\t\taria-haspopup=\"dialog\"\n\t\t\taria-label=\"Agrandir\"\n\t\t\tdata-wp-init=\"callbacks.initTriggerButton\"\n\t\t\tdata-wp-on-async--click=\"actions.showLightbox\"\n\t\t\tdata-wp-style--right=\"state.imageButtonRight\"\n\t\t\tdata-wp-style--top=\"state.imageButtonTop\"\n\t\t>\n\t\t\t<svg xmlns=\"http:\/\/www.w3.org\/2000\/svg\" width=\"12\" height=\"12\" fill=\"none\" viewBox=\"0 0 12 12\">\n\t\t\t\t<path fill=\"#fff\" d=\"M2 0a2 2 0 0 0-2 2v2h1.5V2a.5.5 0 0 1 .5-.5h2V0H2Zm2 10.5H2a.5.5 0 0 1-.5-.5V8H0v2a2 2 0 0 0 2 2h2v-1.5ZM8 12v-1.5h2a.5.5 0 0 0 .5-.5V8H12v2a2 2 0 0 1-2 2H8Zm2-12a2 2 0 0 1 2 2v2h-1.5V2a.5.5 0 0 0-.5-.5H8V0h2Z\" \/>\n\t\t\t<\/svg>\n\t\t<\/button><\/figure>\n\n\n\n<h4 class=\"wp-block-heading\"><span style=\"text-decoration: underline;\">Pr\u00e9sentation<\/span><\/h4>\n\n\n\n<p><strong>Titre : <\/strong>Le Talisman de Calypso<br><strong>Genre(s) :<\/strong> Fantastique, aventure, romance<br><strong>Nombre de mots :<\/strong> ~3000<\/p>\n\n\n\n<p><strong>R\u00e9sum\u00e9 :<\/strong> <em>\u00c9chou\u00e9 sur une \u00eele en apparence d\u00e9serte, Edward n&rsquo;a qu&rsquo;une pens\u00e9e : retrouver celle qu&rsquo;il aime. Une qu\u00eate hors du temps, traversant les mers et les continents, et qui recevra un l\u00e9ger coup de pouce du destin&#8230;<\/em><\/p>\n\n\n\n<h4 class=\"wp-block-heading\"><span style=\"text-decoration: underline;\">O\u00f9 lire cette histoire ?<\/span><\/h4>\n\n\n\n<div class=\"wp-block-group has-global-padding is-layout-constrained wp-block-group-is-layout-constrained\">\n<div class=\"wp-block-group has-global-padding is-layout-constrained wp-block-group-is-layout-constrained\">\n<div class=\"wp-block-group is-content-justification-center is-nowrap is-layout-flex wp-container-core-group-is-layout-23441af8 wp-block-group-is-layout-flex\">\n<div class=\"wp-block-group is-vertical is-content-justification-center is-layout-flex wp-container-core-group-is-layout-ce155fab wp-block-group-is-layout-flex\">\n<p class=\"has-text-align-center\">Dans sa premi\u00e8re version :<\/p>\n\n\n\n<div class=\"wp-block-buttons is-layout-flex wp-block-buttons-is-layout-flex\">\n<div class=\"wp-block-button\"><a class=\"wp-block-button__link wp-element-button\" href=\"https:\/\/www.wattpad.com\/story\/84181784-le-talisman-de-calypso\" target=\"_blank\" rel=\"noreferrer noopener\">Sur Wattpad<\/a><\/div>\n<\/div>\n<\/div>\n\n\n\n<div class=\"wp-block-group is-vertical is-content-justification-center is-layout-flex wp-container-core-group-is-layout-ce155fab wp-block-group-is-layout-flex\">\n<p>En version d\u00e9finitive :<\/p>\n\n\n\n<div class=\"wp-block-buttons is-layout-flex wp-block-buttons-is-layout-flex\">\n<div class=\"wp-block-button\"><a class=\"wp-block-button__link wp-element-button\" href=\"https:\/\/quentinplemarie.com\/?page_id=584\" target=\"_blank\" rel=\"noreferrer noopener\">Le Personarium<\/a><\/div>\n<\/div>\n<\/div>\n<\/div>\n<\/div>\n<\/div>\n\n\n\n<hr class=\"wp-block-separator has-alpha-channel-opacity is-style-wide\"\/>\n\n\n\n<h4 class=\"wp-block-heading\"><span style=\"text-decoration: underline;\">Les anecdotes de l&rsquo;histoire<\/span><\/h4>\n\n\n\n<p>Cette histoire a \u00e9t\u00e9 \u00e9crite en 2012 dans le contexte d&rsquo;un concours de nouvelles annuel organis\u00e9 par l&rsquo;\u00e9cole d&rsquo;ing\u00e9nieur o\u00f9 j&rsquo;\u00e9tais alors \u00e9l\u00e8ve et ayant pour th\u00e8me \u00ab\u00a0La M\u00e9diterran\u00e9e\u00a0\u00bb.<\/p>\n\n\n\n<p>La mer M\u00e9diterran\u00e9e occupe en effet une place centrale dans le r\u00e9cit, et y est d&rsquo;une certaine mani\u00e8re personnifi\u00e9e \u00e0 travers le personnage de Calypso&#8230;<\/p>\n\n\n\n<hr class=\"wp-block-separator has-alpha-channel-opacity is-style-wide\"\/>\n\n\n\n<h4 class=\"wp-block-heading\"><span style=\"text-decoration: underline;\">Quelques commentaires de lecteurs<\/span><\/h4>\n\n\n\n<blockquote class=\"wp-block-quote is-layout-flow wp-block-quote-is-layout-flow\">\n<p><em>La fin \u00e9tait tr\u00e8s belle, tout autant que l&rsquo;histoire\u2665<\/em><\/p>\n<cite>saviornela02, sur <strong>Wattpad<\/strong><\/cite><\/blockquote>\n\n\n\n<blockquote class=\"wp-block-quote is-layout-flow wp-block-quote-is-layout-flow\">\n<p><em>[&#8230;] Tr\u00e8s belle histoire, bien narr\u00e9e, immersive !<\/em><\/p>\n<cite>LePaladinErrant, sur <strong>Wattpad<\/strong><\/cite><\/blockquote>\n\n\n\n<blockquote class=\"wp-block-quote is-layout-flow wp-block-quote-is-layout-flow\">\n<p><em>Wow ,tr\u00e8s belle histoire \ud83d\udc9e\ud83d\udc9e\ud83d\udc9e<\/em><\/p>\n<cite>Halis-Ozu, sur <strong>Wattpad<\/strong><\/cite><\/blockquote>\n","protected":false},"excerpt":{"rendered":"<p>Pr\u00e9sentation Titre : Le Talisman de CalypsoGenre(s) : Fantastique, aventure, romanceNombre de mots : ~3000 R\u00e9sum\u00e9 : \u00c9chou\u00e9 sur une \u00eele en apparence d\u00e9serte, Edward n&rsquo;a qu&rsquo;une pens\u00e9e : retrouver&#8230;<\/p>\n","protected":false},"author":1,"featured_media":0,"parent":0,"menu_order":0,"comment_status":"closed","ping_status":"closed","template":"","meta":{"om_disable_all_campaigns":false,"_monsterinsights_skip_tracking":false,"_monsterinsights_sitenote_active":false,"_monsterinsights_sitenote_note":"","_monsterinsights_sitenote_category":0,"_uf_show_specific_survey":0,"_uf_disable_surveys":false,"_EventAllDay":false,"_EventTimezone":"","_EventStartDate":"","_EventEndDate":"","_EventStartDateUTC":"","_EventEndDateUTC":"","_EventShowMap":false,"_EventShowMapLink":false,"_EventURL":"","_EventCost":"","_EventCostDescription":"","_EventCurrencySymbol":"","_EventCurrencyCode":"","_EventCurrencyPosition":"","_EventDateTimeSeparator":"","_EventTimeRangeSeparator":"","_EventOrganizerID":[],"_EventVenueID":[],"_OrganizerEmail":"","_OrganizerPhone":"","_OrganizerWebsite":"","_VenueAddress":"","_VenueCity":"","_VenueCountry":"","_VenueProvince":"","_VenueState":"","_VenueZip":"","_VenuePhone":"","_VenueURL":"","_VenueStateProvince":"","_VenueLat":"","_VenueLng":"","_VenueShowMap":false,"_VenueShowMapLink":false,"footnotes":""},"class_list":["post-140","page","type-page","status-publish","hentry"],"aioseo_notices":[],"jetpack_sharing_enabled":true,"_links":{"self":[{"href":"https:\/\/quentinplemarie.com\/index.php?rest_route=\/wp\/v2\/pages\/140","targetHints":{"allow":["GET"]}}],"collection":[{"href":"https:\/\/quentinplemarie.com\/index.php?rest_route=\/wp\/v2\/pages"}],"about":[{"href":"https:\/\/quentinplemarie.com\/index.php?rest_route=\/wp\/v2\/types\/page"}],"author":[{"embeddable":true,"href":"https:\/\/quentinplemarie.com\/index.php?rest_route=\/wp\/v2\/users\/1"}],"replies":[{"embeddable":true,"href":"https:\/\/quentinplemarie.com\/index.php?rest_route=%2Fwp%2Fv2%2Fcomments&post=140"}],"version-history":[{"count":17,"href":"https:\/\/quentinplemarie.com\/index.php?rest_route=\/wp\/v2\/pages\/140\/revisions"}],"predecessor-version":[{"id":592,"href":"https:\/\/quentinplemarie.com\/index.php?rest_route=\/wp\/v2\/pages\/140\/revisions\/592"}],"wp:attachment":[{"href":"https:\/\/quentinplemarie.com\/index.php?rest_route=%2Fwp%2Fv2%2Fmedia&parent=140"}],"curies":[{"name":"wp","href":"https:\/\/api.w.org\/{rel}","templated":true}]}}