{"id":188,"date":"2023-12-07T11:20:03","date_gmt":"2023-12-07T10:20:03","guid":{"rendered":"https:\/\/quentinplemarie.com\/?page_id=188"},"modified":"2025-01-03T16:48:27","modified_gmt":"2025-01-03T15:48:27","slug":"la-machine-a-voyager-dans-le-temps","status":"publish","type":"page","link":"https:\/\/quentinplemarie.com\/?page_id=188","title":{"rendered":"La machine \u00e0 voyager dans le temps"},"content":{"rendered":"\n<figure data-wp-context=\"{&quot;imageId&quot;:&quot;69fb351e98ff1&quot;}\" data-wp-interactive=\"core\/image\" class=\"wp-block-image aligncenter size-large is-resized is-style-default wp-lightbox-container\"><img fetchpriority=\"high\" decoding=\"async\" width=\"724\" height=\"1024\" data-wp-class--hide=\"state.isContentHidden\" data-wp-class--show=\"state.isContentVisible\" data-wp-init=\"callbacks.setButtonStyles\" data-wp-on-async--click=\"actions.showLightbox\" data-wp-on-async--load=\"callbacks.setButtonStyles\" data-wp-on-async-window--resize=\"callbacks.setButtonStyles\" src=\"http:\/\/quentinplemarie.com\/wp-content\/uploads\/2023\/11\/machine-a-voyager-dans-le-temps-724x1024.png\" alt=\"\" class=\"wp-image-133\" style=\"width:255px;height:auto\" srcset=\"https:\/\/quentinplemarie.com\/wp-content\/uploads\/2023\/11\/machine-a-voyager-dans-le-temps-724x1024.png 724w, https:\/\/quentinplemarie.com\/wp-content\/uploads\/2023\/11\/machine-a-voyager-dans-le-temps-400x566.png 400w, https:\/\/quentinplemarie.com\/wp-content\/uploads\/2023\/11\/machine-a-voyager-dans-le-temps-212x300.png 212w, https:\/\/quentinplemarie.com\/wp-content\/uploads\/2023\/11\/machine-a-voyager-dans-le-temps-768x1086.png 768w, https:\/\/quentinplemarie.com\/wp-content\/uploads\/2023\/11\/machine-a-voyager-dans-le-temps-1086x1536.png 1086w, https:\/\/quentinplemarie.com\/wp-content\/uploads\/2023\/11\/machine-a-voyager-dans-le-temps-1448x2048.png 1448w\" sizes=\"(max-width: 724px) 100vw, 724px\" \/><button\n\t\t\tclass=\"lightbox-trigger\"\n\t\t\ttype=\"button\"\n\t\t\taria-haspopup=\"dialog\"\n\t\t\taria-label=\"Agrandir\"\n\t\t\tdata-wp-init=\"callbacks.initTriggerButton\"\n\t\t\tdata-wp-on-async--click=\"actions.showLightbox\"\n\t\t\tdata-wp-style--right=\"state.imageButtonRight\"\n\t\t\tdata-wp-style--top=\"state.imageButtonTop\"\n\t\t>\n\t\t\t<svg xmlns=\"http:\/\/www.w3.org\/2000\/svg\" width=\"12\" height=\"12\" fill=\"none\" viewBox=\"0 0 12 12\">\n\t\t\t\t<path fill=\"#fff\" d=\"M2 0a2 2 0 0 0-2 2v2h1.5V2a.5.5 0 0 1 .5-.5h2V0H2Zm2 10.5H2a.5.5 0 0 1-.5-.5V8H0v2a2 2 0 0 0 2 2h2v-1.5ZM8 12v-1.5h2a.5.5 0 0 0 .5-.5V8H12v2a2 2 0 0 1-2 2H8Zm2-12a2 2 0 0 1 2 2v2h-1.5V2a.5.5 0 0 0-.5-.5H8V0h2Z\" \/>\n\t\t\t<\/svg>\n\t\t<\/button><\/figure>\n\n\n\n<h4 class=\"wp-block-heading\"><span style=\"text-decoration: underline;\">Pr\u00e9sentation<\/span><\/h4>\n\n\n\n<p><strong>Titre : <\/strong>La machine \u00e0 voyager dans le temps<br><strong>Genre(s) :<\/strong> Science-fiction<br><strong>Nombre de mots :<\/strong> ~2000<\/p>\n\n\n\n<p><strong>R\u00e9sum\u00e9 :<\/strong> <em>Le r\u00e9serv\u00e9 et brillant Lucas, 11 ans, a d\u00e9cid\u00e9 de fabriquer une machine \u00e0 voyager dans le temps. Mais il va recevoir une visite inattendue&#8230;<\/em><\/p>\n\n\n\n<h4 class=\"wp-block-heading\"><span style=\"text-decoration: underline;\">O\u00f9 lire cette histoire ?<\/span><\/h4>\n\n\n\n<div class=\"wp-block-group is-content-justification-center is-nowrap is-layout-flex wp-container-core-group-is-layout-23441af8 wp-block-group-is-layout-flex\">\n<div class=\"wp-block-group is-vertical is-layout-flex wp-container-core-group-is-layout-fe9cc265 wp-block-group-is-layout-flex\">\n<p>Dans sa premi\u00e8re version :<\/p>\n<\/div>\n\n\n\n<p>Dans sa version d\u00e9finitive :<\/p>\n<\/div>\n\n\n\n<div class=\"wp-block-buttons is-content-justification-center is-layout-flex wp-container-core-buttons-is-layout-a89b3969 wp-block-buttons-is-layout-flex\">\n<div class=\"wp-block-button has-custom-width wp-block-button__width-25 has-custom-font-size is-style-fill has-medium-font-size\"><a class=\"wp-block-button__link has-base-color has-text-color has-link-color wp-element-button\" href=\"https:\/\/www.wattpad.com\/story\/83615949-la-machine-%C3%A0-voyager-dans-le-temps\" target=\"_blank\" rel=\"noreferrer noopener\">Sur Wattpad<\/a><\/div>\n\n\n\n<div class=\"wp-block-button has-custom-width wp-block-button__width-25 has-custom-font-size is-style-fill has-medium-font-size\"><a class=\"wp-block-button__link has-base-color has-text-color has-link-color wp-element-button\" href=\"https:\/\/quentinplemarie.com\/?page_id=584\" style=\"padding-right:0;padding-left:0\">Le Personarium<\/a><\/div>\n<\/div>\n\n\n\n<hr class=\"wp-block-separator has-alpha-channel-opacity is-style-wide\"\/>\n\n\n\n<h4 class=\"wp-block-heading\"><span style=\"text-decoration: underline;\">Les anecdotes de l&rsquo;histoire<\/span><\/h4>\n\n\n\n<p>Cette histoire a \u00e9t\u00e9 publi\u00e9e en juin 2017 dans la revue SFFF <strong>Gandahar n\u00b09<\/strong> d\u00e9di\u00e9e aux <em>Paradoxes temporels<\/em> (voir lien ci-dessous) !<\/p>\n\n\n\n<p><\/p>\n\n\n\n<figure class=\"wp-block-image aligncenter size-large is-resized\"><a href=\"https:\/\/www.gandahar.net\/2017\/06\/17\/gandahar-n-9-paradoxes-temporels\/\" target=\"_blank\" rel=\"noreferrer noopener\"><img decoding=\"async\" width=\"667\" height=\"1024\" src=\"https:\/\/quentinplemarie.com\/wp-content\/uploads\/2023\/12\/1700039916-667x1024.jpg\" alt=\"\" class=\"wp-image-200\" style=\"width:278px;height:auto\" srcset=\"https:\/\/quentinplemarie.com\/wp-content\/uploads\/2023\/12\/1700039916-667x1024.jpg 667w, https:\/\/quentinplemarie.com\/wp-content\/uploads\/2023\/12\/1700039916-400x614.jpg 400w, https:\/\/quentinplemarie.com\/wp-content\/uploads\/2023\/12\/1700039916-196x300.jpg 196w, https:\/\/quentinplemarie.com\/wp-content\/uploads\/2023\/12\/1700039916-768x1178.jpg 768w, https:\/\/quentinplemarie.com\/wp-content\/uploads\/2023\/12\/1700039916.jpg 945w\" sizes=\"(max-width: 667px) 100vw, 667px\" \/><\/a><\/figure>\n\n\n\n<hr class=\"wp-block-separator has-alpha-channel-opacity is-style-wide\"\/>\n\n\n\n<h4 class=\"wp-block-heading\"><span style=\"text-decoration: underline;\">Quelques commentaires de lecteurs<\/span><\/h4>\n\n\n\n<blockquote class=\"wp-block-quote is-layout-flow wp-block-quote-is-layout-flow\">\n<p><em>G\u00e9nialissime j&rsquo;ai ador\u00e9 du d\u00e9but jusqu&rsquo;\u00e0 la fin, transport\u00e9e tout y est l&rsquo;intelligence du r\u00e9cit, l&rsquo;\u00e9motion, ce qu&rsquo;il faut pour que le r\u00e9cit se tienne et une magnifique fin&#8230;. Vivement de pouvoir en lire d&rsquo;autre, j&rsquo;adh\u00e8re \u00e0 1000%<\/em><\/p>\n<cite>Ndiwwa, sur <strong>Wattpad<\/strong><\/cite><\/blockquote>\n\n\n\n<blockquote class=\"wp-block-quote is-layout-flow wp-block-quote-is-layout-flow\">\n<p><em>J&rsquo;adore ces histoires de voyage dans le temps. Et celle-ci est vraiment excellente !<\/em><\/p>\n<cite>Danie68, sur <strong>Wattpad<\/strong><\/cite><\/blockquote>\n\n\n\n<blockquote class=\"wp-block-quote is-layout-flow wp-block-quote-is-layout-flow\">\n<p><em>J aime \u00e9norm\u00e9ment ton style et cette histoire est super&#8230; continu<\/em><\/p>\n<cite>Libertas62, sur <strong>Wattpad<\/strong><\/cite><\/blockquote>\n","protected":false},"excerpt":{"rendered":"<p>Pr\u00e9sentation Titre : La machine \u00e0 voyager dans le tempsGenre(s) : Science-fictionNombre de mots : ~2000 R\u00e9sum\u00e9 : Le r\u00e9serv\u00e9 et brillant Lucas, 11 ans, a d\u00e9cid\u00e9 de fabriquer une&#8230;<\/p>\n","protected":false},"author":1,"featured_media":0,"parent":0,"menu_order":0,"comment_status":"closed","ping_status":"closed","template":"","meta":{"om_disable_all_campaigns":false,"_monsterinsights_skip_tracking":false,"_monsterinsights_sitenote_active":false,"_monsterinsights_sitenote_note":"","_monsterinsights_sitenote_category":0,"_uf_show_specific_survey":0,"_uf_disable_surveys":false,"_EventAllDay":false,"_EventTimezone":"","_EventStartDate":"","_EventEndDate":"","_EventStartDateUTC":"","_EventEndDateUTC":"","_EventShowMap":false,"_EventShowMapLink":false,"_EventURL":"","_EventCost":"","_EventCostDescription":"","_EventCurrencySymbol":"","_EventCurrencyCode":"","_EventCurrencyPosition":"","_EventDateTimeSeparator":"","_EventTimeRangeSeparator":"","_EventOrganizerID":[],"_EventVenueID":[],"_OrganizerEmail":"","_OrganizerPhone":"","_OrganizerWebsite":"","_VenueAddress":"","_VenueCity":"","_VenueCountry":"","_VenueProvince":"","_VenueState":"","_VenueZip":"","_VenuePhone":"","_VenueURL":"","_VenueStateProvince":"","_VenueLat":"","_VenueLng":"","_VenueShowMap":false,"_VenueShowMapLink":false,"footnotes":""},"class_list":["post-188","page","type-page","status-publish","hentry"],"aioseo_notices":[],"jetpack_sharing_enabled":true,"_links":{"self":[{"href":"https:\/\/quentinplemarie.com\/index.php?rest_route=\/wp\/v2\/pages\/188","targetHints":{"allow":["GET"]}}],"collection":[{"href":"https:\/\/quentinplemarie.com\/index.php?rest_route=\/wp\/v2\/pages"}],"about":[{"href":"https:\/\/quentinplemarie.com\/index.php?rest_route=\/wp\/v2\/types\/page"}],"author":[{"embeddable":true,"href":"https:\/\/quentinplemarie.com\/index.php?rest_route=\/wp\/v2\/users\/1"}],"replies":[{"embeddable":true,"href":"https:\/\/quentinplemarie.com\/index.php?rest_route=%2Fwp%2Fv2%2Fcomments&post=188"}],"version-history":[{"count":15,"href":"https:\/\/quentinplemarie.com\/index.php?rest_route=\/wp\/v2\/pages\/188\/revisions"}],"predecessor-version":[{"id":685,"href":"https:\/\/quentinplemarie.com\/index.php?rest_route=\/wp\/v2\/pages\/188\/revisions\/685"}],"wp:attachment":[{"href":"https:\/\/quentinplemarie.com\/index.php?rest_route=%2Fwp%2Fv2%2Fmedia&parent=188"}],"curies":[{"name":"wp","href":"https:\/\/api.w.org\/{rel}","templated":true}]}}