{"id":218,"date":"2023-12-07T12:31:55","date_gmt":"2023-12-07T11:31:55","guid":{"rendered":"https:\/\/quentinplemarie.com\/?page_id=218"},"modified":"2025-01-03T16:49:43","modified_gmt":"2025-01-03T15:49:43","slug":"la-balafre-du-lion","status":"publish","type":"page","link":"https:\/\/quentinplemarie.com\/?page_id=218","title":{"rendered":"La balafre du lion"},"content":{"rendered":"\n<figure data-wp-context=\"{&quot;imageId&quot;:&quot;69fb3582eaab6&quot;}\" data-wp-interactive=\"core\/image\" class=\"wp-block-image aligncenter size-large is-resized is-style-default wp-lightbox-container\"><img fetchpriority=\"high\" decoding=\"async\" width=\"724\" height=\"1024\" data-wp-class--hide=\"state.isContentHidden\" data-wp-class--show=\"state.isContentVisible\" data-wp-init=\"callbacks.setButtonStyles\" data-wp-on-async--click=\"actions.showLightbox\" data-wp-on-async--load=\"callbacks.setButtonStyles\" data-wp-on-async-window--resize=\"callbacks.setButtonStyles\" src=\"http:\/\/quentinplemarie.com\/wp-content\/uploads\/2023\/11\/balafre-du-lion-v2-724x1024.png\" alt=\"\" class=\"wp-image-135\" style=\"width:255px;height:auto\" srcset=\"https:\/\/quentinplemarie.com\/wp-content\/uploads\/2023\/11\/balafre-du-lion-v2-724x1024.png 724w, https:\/\/quentinplemarie.com\/wp-content\/uploads\/2023\/11\/balafre-du-lion-v2-400x566.png 400w, https:\/\/quentinplemarie.com\/wp-content\/uploads\/2023\/11\/balafre-du-lion-v2-212x300.png 212w, https:\/\/quentinplemarie.com\/wp-content\/uploads\/2023\/11\/balafre-du-lion-v2-768x1086.png 768w, https:\/\/quentinplemarie.com\/wp-content\/uploads\/2023\/11\/balafre-du-lion-v2-1086x1536.png 1086w, https:\/\/quentinplemarie.com\/wp-content\/uploads\/2023\/11\/balafre-du-lion-v2-1448x2048.png 1448w\" sizes=\"(max-width: 724px) 100vw, 724px\" \/><button\n\t\t\tclass=\"lightbox-trigger\"\n\t\t\ttype=\"button\"\n\t\t\taria-haspopup=\"dialog\"\n\t\t\taria-label=\"Agrandir\"\n\t\t\tdata-wp-init=\"callbacks.initTriggerButton\"\n\t\t\tdata-wp-on-async--click=\"actions.showLightbox\"\n\t\t\tdata-wp-style--right=\"state.imageButtonRight\"\n\t\t\tdata-wp-style--top=\"state.imageButtonTop\"\n\t\t>\n\t\t\t<svg xmlns=\"http:\/\/www.w3.org\/2000\/svg\" width=\"12\" height=\"12\" fill=\"none\" viewBox=\"0 0 12 12\">\n\t\t\t\t<path fill=\"#fff\" d=\"M2 0a2 2 0 0 0-2 2v2h1.5V2a.5.5 0 0 1 .5-.5h2V0H2Zm2 10.5H2a.5.5 0 0 1-.5-.5V8H0v2a2 2 0 0 0 2 2h2v-1.5ZM8 12v-1.5h2a.5.5 0 0 0 .5-.5V8H12v2a2 2 0 0 1-2 2H8Zm2-12a2 2 0 0 1 2 2v2h-1.5V2a.5.5 0 0 0-.5-.5H8V0h2Z\" \/>\n\t\t\t<\/svg>\n\t\t<\/button><\/figure>\n\n\n\n<h4 class=\"wp-block-heading\"><span style=\"text-decoration: underline;\">Pr\u00e9sentation<\/span><\/h4>\n\n\n\n<p><strong>Titre : <\/strong>La balafre du lion<br><strong>Genre(s) :<\/strong> Fantasy, suspense, horreur, romance<br><strong>Nombre de mots :<\/strong> ~9000<\/p>\n\n\n\n<p><strong>R\u00e9sum\u00e9 :<\/strong> <\/p>\n\n\n\n<p><em>Dans les profondeurs lugubres d&rsquo;un cachot t\u00e9n\u00e9breux, un prisonnier sans nom subit chaque jour les myst\u00e9rieuses exp\u00e9rimentations de ses ge\u00f4liers sans visage. <\/em><br><em>Qui est-il ? Depuis combien de temps est-il enferm\u00e9 ? Qu&rsquo;a-t-il fait pour en arriver l\u00e0 ? <\/em><br><em>A mesure que le temps passe, ses souvenirs et son humanit\u00e9 s&rsquo;effacent. Parviendra-t-il \u00e0 retrouver sa m\u00e9moire, son identit\u00e9, et sa libert\u00e9 ?<\/em><\/p>\n\n\n\n<h4 class=\"wp-block-heading\"><span style=\"text-decoration: underline;\">O\u00f9 lire cette histoire ?<\/span><\/h4>\n\n\n\n<div class=\"wp-block-group is-content-justification-center is-nowrap is-layout-flex wp-container-core-group-is-layout-23441af8 wp-block-group-is-layout-flex\">\n<div class=\"wp-block-group is-vertical is-layout-flex wp-container-core-group-is-layout-fe9cc265 wp-block-group-is-layout-flex\">\n<p>Dans sa premi\u00e8re version :<\/p>\n<\/div>\n\n\n\n<p>Dans sa version d\u00e9finitive :<\/p>\n<\/div>\n\n\n\n<div class=\"wp-block-buttons is-content-justification-center is-layout-flex wp-container-core-buttons-is-layout-a89b3969 wp-block-buttons-is-layout-flex\">\n<div class=\"wp-block-button is-style-fill\"><a class=\"wp-block-button__link has-base-color has-text-color has-link-color wp-element-button\" href=\"https:\/\/www.wattpad.com\/story\/91419676-la-balafre-du-lion\" target=\"_blank\" rel=\"noreferrer noopener\">Sur Wattpad<\/a><\/div>\n\n\n\n<div class=\"wp-block-button is-style-fill\"><a class=\"wp-block-button__link has-base-color has-text-color has-link-color wp-element-button\" href=\"https:\/\/quentinplemarie.com\/?page_id=584\">Le Personarium<\/a><\/div>\n<\/div>\n\n\n\n<hr class=\"wp-block-separator has-alpha-channel-opacity is-style-wide\"\/>\n\n\n\n<h4 class=\"wp-block-heading\"><span style=\"text-decoration: underline;\">Les anecdotes de l&rsquo;histoire<\/span><\/h4>\n\n\n\n<h6 class=\"wp-block-heading\"><strong>Encore un concours<\/strong><\/h6>\n\n\n\n<p>Cette histoire a \u00e9t\u00e9 \u00e9crite en 2011 dans le cadre d&rsquo;un concours de nouvelles organis\u00e9 par l&rsquo;\u00e9cole d&rsquo;ing\u00e9nieur o\u00f9 j&rsquo;\u00e9tais alors \u00e9l\u00e8ve, et dont le th\u00e8me \u00e9tait \u00ab\u00a0M\u00e9tamorphoses\u00a0\u00bb.<\/p>\n\n\n\n<h6 class=\"wp-block-heading\"><strong>Un autre univers<\/strong><\/h6>\n\n\n\n<p>A l&rsquo;origine, cette histoire narrait la naissance de l&rsquo;un des personnages phares d&rsquo;une trilogie Fantasy dont j&rsquo;avais commenc\u00e9 l&rsquo;\u00e9criture au lyc\u00e9e. Ce projet a, comme beaucoup d&rsquo;autres, \u00e9t\u00e9 abandonn\u00e9\/mis de c\u00f4t\u00e9 depuis&#8230; <br>Mais l&rsquo;histoire du prisonnier n\u00b0241234 est rest\u00e9e, a \u00e9volu\u00e9, et a int\u00e9gr\u00e9 un nouvel univers&#8230; dont elle est maintenant un \u00e9l\u00e9ment cl\u00e9 !<\/p>\n\n\n\n<hr class=\"wp-block-separator has-alpha-channel-opacity is-style-wide\"\/>\n\n\n\n<h4 class=\"wp-block-heading\"><span style=\"text-decoration: underline;\">Quelques commentaires de lecteurs<\/span><\/h4>\n\n\n\n<blockquote class=\"wp-block-quote is-layout-flow wp-block-quote-is-layout-flow\">\n<p><em>[&#8230;] J&rsquo;aime beaucoup l&rsquo;id\u00e9e que malgr\u00e9 tout, son cerveau a toujours gard\u00e9 le souvenir d&rsquo;Iris, m\u00eame cach\u00e9. Que gr\u00e2ce \u00e0 \u00e7a, il a surv\u00e9cu, et vaincu. Texte toujours aussi bien \u00e9crit.<\/em><\/p>\n<cite>Danie68, sur <strong>Wattpad<\/strong><\/cite><\/blockquote>\n","protected":false},"excerpt":{"rendered":"<p>Pr\u00e9sentation Titre : La balafre du lionGenre(s) : Fantasy, suspense, horreur, romanceNombre de mots : ~9000 R\u00e9sum\u00e9 : Dans les profondeurs lugubres d&rsquo;un cachot t\u00e9n\u00e9breux, un prisonnier sans nom subit&#8230;<\/p>\n","protected":false},"author":1,"featured_media":0,"parent":0,"menu_order":0,"comment_status":"closed","ping_status":"closed","template":"","meta":{"om_disable_all_campaigns":false,"_monsterinsights_skip_tracking":false,"_monsterinsights_sitenote_active":false,"_monsterinsights_sitenote_note":"","_monsterinsights_sitenote_category":0,"_uf_show_specific_survey":0,"_uf_disable_surveys":false,"_EventAllDay":false,"_EventTimezone":"","_EventStartDate":"","_EventEndDate":"","_EventStartDateUTC":"","_EventEndDateUTC":"","_EventShowMap":false,"_EventShowMapLink":false,"_EventURL":"","_EventCost":"","_EventCostDescription":"","_EventCurrencySymbol":"","_EventCurrencyCode":"","_EventCurrencyPosition":"","_EventDateTimeSeparator":"","_EventTimeRangeSeparator":"","_EventOrganizerID":[],"_EventVenueID":[],"_OrganizerEmail":"","_OrganizerPhone":"","_OrganizerWebsite":"","_VenueAddress":"","_VenueCity":"","_VenueCountry":"","_VenueProvince":"","_VenueState":"","_VenueZip":"","_VenuePhone":"","_VenueURL":"","_VenueStateProvince":"","_VenueLat":"","_VenueLng":"","_VenueShowMap":false,"_VenueShowMapLink":false,"footnotes":""},"class_list":["post-218","page","type-page","status-publish","hentry"],"aioseo_notices":[],"jetpack_sharing_enabled":true,"_links":{"self":[{"href":"https:\/\/quentinplemarie.com\/index.php?rest_route=\/wp\/v2\/pages\/218","targetHints":{"allow":["GET"]}}],"collection":[{"href":"https:\/\/quentinplemarie.com\/index.php?rest_route=\/wp\/v2\/pages"}],"about":[{"href":"https:\/\/quentinplemarie.com\/index.php?rest_route=\/wp\/v2\/types\/page"}],"author":[{"embeddable":true,"href":"https:\/\/quentinplemarie.com\/index.php?rest_route=\/wp\/v2\/users\/1"}],"replies":[{"embeddable":true,"href":"https:\/\/quentinplemarie.com\/index.php?rest_route=%2Fwp%2Fv2%2Fcomments&post=218"}],"version-history":[{"count":5,"href":"https:\/\/quentinplemarie.com\/index.php?rest_route=\/wp\/v2\/pages\/218\/revisions"}],"predecessor-version":[{"id":687,"href":"https:\/\/quentinplemarie.com\/index.php?rest_route=\/wp\/v2\/pages\/218\/revisions\/687"}],"wp:attachment":[{"href":"https:\/\/quentinplemarie.com\/index.php?rest_route=%2Fwp%2Fv2%2Fmedia&parent=218"}],"curies":[{"name":"wp","href":"https:\/\/api.w.org\/{rel}","templated":true}]}}