{"id":220,"date":"2023-12-07T12:32:13","date_gmt":"2023-12-07T11:32:13","guid":{"rendered":"https:\/\/quentinplemarie.com\/?page_id=220"},"modified":"2025-01-03T16:50:07","modified_gmt":"2025-01-03T15:50:07","slug":"a-travers-la-frontiere","status":"publish","type":"page","link":"https:\/\/quentinplemarie.com\/?page_id=220","title":{"rendered":"A travers la fronti\u00e8re"},"content":{"rendered":"\n<figure data-wp-context=\"{&quot;imageId&quot;:&quot;69fb3456ca4c0&quot;}\" data-wp-interactive=\"core\/image\" class=\"wp-block-image aligncenter size-large is-resized is-style-default wp-lightbox-container\"><img fetchpriority=\"high\" decoding=\"async\" width=\"724\" height=\"1024\" data-wp-class--hide=\"state.isContentHidden\" data-wp-class--show=\"state.isContentVisible\" data-wp-init=\"callbacks.setButtonStyles\" data-wp-on-async--click=\"actions.showLightbox\" data-wp-on-async--load=\"callbacks.setButtonStyles\" data-wp-on-async-window--resize=\"callbacks.setButtonStyles\" src=\"http:\/\/quentinplemarie.com\/wp-content\/uploads\/2023\/11\/frontiere-v2-test-724x1024.png\" alt=\"\" class=\"wp-image-136\" style=\"width:255px;height:auto\" srcset=\"https:\/\/quentinplemarie.com\/wp-content\/uploads\/2023\/11\/frontiere-v2-test-724x1024.png 724w, https:\/\/quentinplemarie.com\/wp-content\/uploads\/2023\/11\/frontiere-v2-test-400x566.png 400w, https:\/\/quentinplemarie.com\/wp-content\/uploads\/2023\/11\/frontiere-v2-test-212x300.png 212w, https:\/\/quentinplemarie.com\/wp-content\/uploads\/2023\/11\/frontiere-v2-test-768x1086.png 768w, https:\/\/quentinplemarie.com\/wp-content\/uploads\/2023\/11\/frontiere-v2-test-1086x1536.png 1086w, https:\/\/quentinplemarie.com\/wp-content\/uploads\/2023\/11\/frontiere-v2-test-1448x2048.png 1448w\" sizes=\"(max-width: 724px) 100vw, 724px\" \/><button\n\t\t\tclass=\"lightbox-trigger\"\n\t\t\ttype=\"button\"\n\t\t\taria-haspopup=\"dialog\"\n\t\t\taria-label=\"Agrandir\"\n\t\t\tdata-wp-init=\"callbacks.initTriggerButton\"\n\t\t\tdata-wp-on-async--click=\"actions.showLightbox\"\n\t\t\tdata-wp-style--right=\"state.imageButtonRight\"\n\t\t\tdata-wp-style--top=\"state.imageButtonTop\"\n\t\t>\n\t\t\t<svg xmlns=\"http:\/\/www.w3.org\/2000\/svg\" width=\"12\" height=\"12\" fill=\"none\" viewBox=\"0 0 12 12\">\n\t\t\t\t<path fill=\"#fff\" d=\"M2 0a2 2 0 0 0-2 2v2h1.5V2a.5.5 0 0 1 .5-.5h2V0H2Zm2 10.5H2a.5.5 0 0 1-.5-.5V8H0v2a2 2 0 0 0 2 2h2v-1.5ZM8 12v-1.5h2a.5.5 0 0 0 .5-.5V8H12v2a2 2 0 0 1-2 2H8Zm2-12a2 2 0 0 1 2 2v2h-1.5V2a.5.5 0 0 0-.5-.5H8V0h2Z\" \/>\n\t\t\t<\/svg>\n\t\t<\/button><\/figure>\n\n\n\n<h4 class=\"wp-block-heading\"><span style=\"text-decoration: underline;\">Pr\u00e9sentation<\/span><\/h4>\n\n\n\n<p><strong>Titre : <\/strong>A travers la Fronti\u00e8re<br><strong>Genre(s) :<\/strong> Fantastique, suspense<br><strong>Nombre de mots :<\/strong> ~14000<\/p>\n\n\n\n<p><strong>R\u00e9sum\u00e9 :<\/strong> <em>O\u00f9 suis-je ?<br>Je suis\u2026 mort ?<br>Dans ce cas, qui est ce type qui me parle \u00e0 travers ce miroir et qui pr\u00e9tend me conna\u00eetre mieux que quiconque ? Est-ce moi\u2026 ou quelqu&rsquo;un d&rsquo;autre ?<br>Et pourquoi me d\u00e9teste-t-il au point de me tra\u00eener de force dans son monde pour me torturer ?<br>\u2026 Quelles erreurs ai-je bien pu commettre\u2026 quand j&rsquo;\u00e9tais toujours vivant ?<\/em><\/p>\n\n\n\n<h4 class=\"wp-block-heading\"><span style=\"text-decoration: underline;\">O\u00f9 lire cette histoire ?<\/span><\/h4>\n\n\n\n<div class=\"wp-block-group is-content-justification-center is-nowrap is-layout-flex wp-container-core-group-is-layout-23441af8 wp-block-group-is-layout-flex\">\n<div class=\"wp-block-group is-vertical is-layout-flex wp-container-core-group-is-layout-fe9cc265 wp-block-group-is-layout-flex\">\n<p>Dans sa premi\u00e8re version :<\/p>\n<\/div>\n\n\n\n<p>Dans sa version d\u00e9finitive :<\/p>\n<\/div>\n\n\n\n<div class=\"wp-block-buttons is-content-justification-center is-layout-flex wp-container-core-buttons-is-layout-a89b3969 wp-block-buttons-is-layout-flex\">\n<div class=\"wp-block-button is-style-fill\"><a class=\"wp-block-button__link has-base-color has-text-color has-link-color wp-element-button\" href=\"https:\/\/www.wattpad.com\/story\/111230795-a-travers-la-fronti%C3%A8re\" target=\"_blank\" rel=\"noreferrer noopener\">Sur Wattpad<\/a><\/div>\n\n\n\n<div class=\"wp-block-button is-style-fill\"><a class=\"wp-block-button__link has-base-color has-text-color has-link-color wp-element-button\" href=\"https:\/\/quentinplemarie.com\/?page_id=584\">Le Personarium<\/a><\/div>\n<\/div>\n\n\n\n<hr class=\"wp-block-separator has-alpha-channel-opacity is-style-wide\"\/>\n\n\n\n<h4 class=\"wp-block-heading\"><span style=\"text-decoration: underline;\">Les anecdotes de l&rsquo;histoire<\/span><\/h4>\n\n\n\n<h6 class=\"wp-block-heading\">Gen\u00e8se dans une Bo\u00eete<\/h6>\n\n\n\n<p>En 2012, l&rsquo;\u00e9cole d&rsquo;ing\u00e9nieur, pourtant purement scientifique, nous confie \u00e0 chacun le projet d&rsquo;\u00e9crire une nouvelle, dans le genre de notre choix, d&rsquo;environ 10000 mots.<br>Marqu\u00e9 d&rsquo;une certaine noirceur typique de cette p\u00e9riode de ma vie de jeune adulte, j&rsquo;y soumets \u00ab\u00a0A travers la Fronti\u00e8re\u00a0\u00bb, r\u00e9cit fantastique d&rsquo;un homme tu\u00e9 dans une ruelle faisant face \u00e0 sa propre conscience. qui re\u00e7oit une note plus que correcte.<br>Cependant, l&rsquo;histoire que j&rsquo;avais pr\u00e9vu de soumettre \u00e0 l&rsquo;origine, et dont j&rsquo;avais pr\u00e9sent\u00e9 le premier chapitre lors de la revue des \u00e9bauches, \u00e9tait bien diff\u00e9rente. Il s&rsquo;agissait alors d&rsquo;un thriller, mettant en sc\u00e8ne la rencontre d&rsquo;un homme et d&rsquo;une femme \u00e0 bord de l&rsquo;Eurostar, \u00e0 la poursuite d&rsquo;une myst\u00e9rieuse arme num\u00e9rique&#8230;<\/p>\n\n\n\n<p>Histoire que je n&rsquo;ai pas soumise car elle d\u00e9passait tr\u00e8s largement le quota de mots autoris\u00e9, et qui finira par devenir&#8230; <strong><a href=\"https:\/\/quentinplemarie.com\/?page_id=75\" title=\"Le Jour o\u00f9 la Bo\u00eete s\u2019est ouverte\">Le Jour o\u00f9 la Bo\u00eete s&rsquo;est ouverte.<\/a><\/strong><\/p>\n\n\n\n<hr class=\"wp-block-separator has-alpha-channel-opacity is-style-wide\"\/>\n\n\n\n<h4 class=\"wp-block-heading\"><span style=\"text-decoration: underline;\">Quelques commentaires de lecteurs<\/span><\/h4>\n\n\n\n<blockquote class=\"wp-block-quote is-layout-flow wp-block-quote-is-layout-flow\">\n<p><em>Ah l\u00e0 l\u00e0, je confirme&#8230; Ton style est tr\u00e8s prenant. Une chose que j&rsquo;aime beaucoup : les longues phrases qui gardent un sens clair.<\/em><\/p>\n<cite>LageEnder, sur <strong>Wattpad<\/strong><\/cite><\/blockquote>\n\n\n\n<blockquote class=\"wp-block-quote is-layout-flow wp-block-quote-is-layout-flow\">\n<p><em>C&rsquo;est tr\u00e8s bien \u00e9crit bravo \ud83d\ude09<\/em><\/p>\n<cite>adriarc, sur <strong>Wattpad<\/strong><\/cite><\/blockquote>\n","protected":false},"excerpt":{"rendered":"<p>Pr\u00e9sentation Titre : A travers la Fronti\u00e8reGenre(s) : Fantastique, suspenseNombre de mots : ~14000 R\u00e9sum\u00e9 : O\u00f9 suis-je ?Je suis\u2026 mort ?Dans ce cas, qui est ce type qui me&#8230;<\/p>\n","protected":false},"author":1,"featured_media":0,"parent":0,"menu_order":0,"comment_status":"closed","ping_status":"closed","template":"","meta":{"om_disable_all_campaigns":false,"_monsterinsights_skip_tracking":false,"_monsterinsights_sitenote_active":false,"_monsterinsights_sitenote_note":"","_monsterinsights_sitenote_category":0,"_uf_show_specific_survey":0,"_uf_disable_surveys":false,"_EventAllDay":false,"_EventTimezone":"","_EventStartDate":"","_EventEndDate":"","_EventStartDateUTC":"","_EventEndDateUTC":"","_EventShowMap":false,"_EventShowMapLink":false,"_EventURL":"","_EventCost":"","_EventCostDescription":"","_EventCurrencySymbol":"","_EventCurrencyCode":"","_EventCurrencyPosition":"","_EventDateTimeSeparator":"","_EventTimeRangeSeparator":"","_EventOrganizerID":[],"_EventVenueID":[],"_OrganizerEmail":"","_OrganizerPhone":"","_OrganizerWebsite":"","_VenueAddress":"","_VenueCity":"","_VenueCountry":"","_VenueProvince":"","_VenueState":"","_VenueZip":"","_VenuePhone":"","_VenueURL":"","_VenueStateProvince":"","_VenueLat":"","_VenueLng":"","_VenueShowMap":false,"_VenueShowMapLink":false,"footnotes":""},"class_list":["post-220","page","type-page","status-publish","hentry"],"aioseo_notices":[],"jetpack_sharing_enabled":true,"_links":{"self":[{"href":"https:\/\/quentinplemarie.com\/index.php?rest_route=\/wp\/v2\/pages\/220","targetHints":{"allow":["GET"]}}],"collection":[{"href":"https:\/\/quentinplemarie.com\/index.php?rest_route=\/wp\/v2\/pages"}],"about":[{"href":"https:\/\/quentinplemarie.com\/index.php?rest_route=\/wp\/v2\/types\/page"}],"author":[{"embeddable":true,"href":"https:\/\/quentinplemarie.com\/index.php?rest_route=\/wp\/v2\/users\/1"}],"replies":[{"embeddable":true,"href":"https:\/\/quentinplemarie.com\/index.php?rest_route=%2Fwp%2Fv2%2Fcomments&post=220"}],"version-history":[{"count":4,"href":"https:\/\/quentinplemarie.com\/index.php?rest_route=\/wp\/v2\/pages\/220\/revisions"}],"predecessor-version":[{"id":688,"href":"https:\/\/quentinplemarie.com\/index.php?rest_route=\/wp\/v2\/pages\/220\/revisions\/688"}],"wp:attachment":[{"href":"https:\/\/quentinplemarie.com\/index.php?rest_route=%2Fwp%2Fv2%2Fmedia&parent=220"}],"curies":[{"name":"wp","href":"https:\/\/api.w.org\/{rel}","templated":true}]}}