{"id":222,"date":"2023-12-07T12:32:26","date_gmt":"2023-12-07T11:32:26","guid":{"rendered":"https:\/\/quentinplemarie.com\/?page_id=222"},"modified":"2025-01-03T16:50:41","modified_gmt":"2025-01-03T15:50:41","slug":"en-attendant-laube","status":"publish","type":"page","link":"https:\/\/quentinplemarie.com\/?page_id=222","title":{"rendered":"En attendant l&rsquo;aube"},"content":{"rendered":"\n<figure data-wp-context=\"{&quot;imageId&quot;:&quot;69fb346939269&quot;}\" data-wp-interactive=\"core\/image\" class=\"wp-block-image aligncenter size-large is-resized is-style-default wp-lightbox-container\"><img fetchpriority=\"high\" decoding=\"async\" width=\"724\" height=\"1024\" data-wp-class--hide=\"state.isContentHidden\" data-wp-class--show=\"state.isContentVisible\" data-wp-init=\"callbacks.setButtonStyles\" data-wp-on-async--click=\"actions.showLightbox\" data-wp-on-async--load=\"callbacks.setButtonStyles\" data-wp-on-async-window--resize=\"callbacks.setButtonStyles\" src=\"http:\/\/quentinplemarie.com\/wp-content\/uploads\/2023\/11\/en-attendant-laube-724x1024.png\" alt=\"\" class=\"wp-image-137\" style=\"width:255px;height:auto\" srcset=\"https:\/\/quentinplemarie.com\/wp-content\/uploads\/2023\/11\/en-attendant-laube-724x1024.png 724w, https:\/\/quentinplemarie.com\/wp-content\/uploads\/2023\/11\/en-attendant-laube-400x566.png 400w, https:\/\/quentinplemarie.com\/wp-content\/uploads\/2023\/11\/en-attendant-laube-212x300.png 212w, https:\/\/quentinplemarie.com\/wp-content\/uploads\/2023\/11\/en-attendant-laube-768x1086.png 768w, https:\/\/quentinplemarie.com\/wp-content\/uploads\/2023\/11\/en-attendant-laube-1086x1536.png 1086w, https:\/\/quentinplemarie.com\/wp-content\/uploads\/2023\/11\/en-attendant-laube-1448x2048.png 1448w\" sizes=\"(max-width: 724px) 100vw, 724px\" \/><button\n\t\t\tclass=\"lightbox-trigger\"\n\t\t\ttype=\"button\"\n\t\t\taria-haspopup=\"dialog\"\n\t\t\taria-label=\"Agrandir\"\n\t\t\tdata-wp-init=\"callbacks.initTriggerButton\"\n\t\t\tdata-wp-on-async--click=\"actions.showLightbox\"\n\t\t\tdata-wp-style--right=\"state.imageButtonRight\"\n\t\t\tdata-wp-style--top=\"state.imageButtonTop\"\n\t\t>\n\t\t\t<svg xmlns=\"http:\/\/www.w3.org\/2000\/svg\" width=\"12\" height=\"12\" fill=\"none\" viewBox=\"0 0 12 12\">\n\t\t\t\t<path fill=\"#fff\" d=\"M2 0a2 2 0 0 0-2 2v2h1.5V2a.5.5 0 0 1 .5-.5h2V0H2Zm2 10.5H2a.5.5 0 0 1-.5-.5V8H0v2a2 2 0 0 0 2 2h2v-1.5ZM8 12v-1.5h2a.5.5 0 0 0 .5-.5V8H12v2a2 2 0 0 1-2 2H8Zm2-12a2 2 0 0 1 2 2v2h-1.5V2a.5.5 0 0 0-.5-.5H8V0h2Z\" \/>\n\t\t\t<\/svg>\n\t\t<\/button><\/figure>\n\n\n\n<h4 class=\"wp-block-heading\"><span style=\"text-decoration: underline;\">Pr\u00e9sentation<\/span><\/h4>\n\n\n\n<p><strong>Titre : <\/strong>En attendant l&rsquo;aube<br><strong>Genre(s) :<\/strong> Fantasy, thriller, suspense<br><strong>Nombre de mots :<\/strong> ~14000<\/p>\n\n\n\n<p><strong>R\u00e9sum\u00e9 :<\/strong> <\/p>\n\n\n\n<p><em>D&rsquo;un c\u00f4t\u00e9, un chevalier novice emport\u00e9 par une bataille qui le d\u00e9passe. De l&rsquo;autre, un jeune homme au c\u0153ur bris\u00e9, au travail monotone, et combattant des addictions toxiques. Leurs histoires n&rsquo;ont rien en commun, et pourtant, leurs destins sont \u00e9trangement li\u00e9s. Pourquoi continuer \u00e0 se battre, lorsque plus rien ne semble avoir d&rsquo;importance ?<\/em><\/p>\n\n\n\n<h4 class=\"wp-block-heading\"><span style=\"text-decoration: underline;\">O\u00f9 lire cette histoire ?<\/span><\/h4>\n\n\n\n<div class=\"wp-block-group is-content-justification-center is-nowrap is-layout-flex wp-container-core-group-is-layout-23441af8 wp-block-group-is-layout-flex\">\n<div class=\"wp-block-group is-vertical is-layout-flex wp-container-core-group-is-layout-fe9cc265 wp-block-group-is-layout-flex\">\n<p>Dans sa premi\u00e8re version :<\/p>\n<\/div>\n\n\n\n<p>Dans sa version d\u00e9finitive :<\/p>\n<\/div>\n\n\n\n<div class=\"wp-block-buttons is-content-justification-center is-layout-flex wp-container-core-buttons-is-layout-a89b3969 wp-block-buttons-is-layout-flex\">\n<div class=\"wp-block-button is-style-fill\"><a class=\"wp-block-button__link has-base-color has-text-color has-link-color wp-element-button\" href=\"https:\/\/www.wattpad.com\/story\/137541707-en-attendant-l%27aube\" target=\"_blank\" rel=\"noreferrer noopener\">Sur Wattpad<\/a><\/div>\n\n\n\n<div class=\"wp-block-button is-style-fill\"><a class=\"wp-block-button__link has-base-color has-text-color has-link-color wp-element-button\" href=\"https:\/\/quentinplemarie.com\/?page_id=584\">Le Personarium<\/a><\/div>\n<\/div>\n\n\n\n<hr class=\"wp-block-separator has-alpha-channel-opacity is-style-wide\"\/>\n\n\n\n<h4 class=\"wp-block-heading\"><span style=\"text-decoration: underline;\">Les anecdotes de l&rsquo;histoire<\/span><\/h4>\n\n\n\n<h6 class=\"wp-block-heading\">Dualit\u00e9 et parall\u00e8les<\/h6>\n\n\n\n<p>Ecrite en 2013, cette histoire est victime d&rsquo;une des fac\u00e9ties d&rsquo;\u00e9criture pr\u00e9sente dans la plupart de mes nouvelles de l&rsquo;\u00e9poque : la notion de dualit\u00e9 et de parall\u00e8le entre deux personnages\/situations\/temporalit\u00e9s.<br>On retrouve ce concept dans \u00ab\u00a0La balafre du lion\u00a0\u00bb, avec l&rsquo;alternance de flashbacks, dans \u00ab\u00a0A travers la Fronti\u00e8re\u00a0\u00bb, avec l&rsquo;opposition de la r\u00e9alit\u00e9 et du monde de l&rsquo;inconscient, et ici avec le parall\u00e8le entre les deux personnages principaux.<\/p>\n\n\n\n<p>Notion que l&rsquo;on retrouve \u00e9galement dans mon premier thriller \u00ab\u00a0<strong><a href=\"https:\/\/quentinplemarie.com\/?page_id=75\" title=\"Le Jour o\u00f9 la Bo\u00eete s\u2019est ouverte\">Le Jour o\u00f9 la Bo\u00eete s&rsquo;est ouverte<\/a><\/strong>\u00a0\u00bb (dont, rappelons-le, la premi\u00e8re version a \u00e9t\u00e9 \u00e9crite en 2014) avec l&rsquo;alternance entre les points de vue de Peter et Ana\u00efs&#8230;<\/p>\n\n\n\n<hr class=\"wp-block-separator has-alpha-channel-opacity is-style-wide\"\/>\n\n\n\n<h4 class=\"wp-block-heading\"><span style=\"text-decoration: underline;\">Quelques commentaires de lecteurs<\/span><\/h4>\n\n\n\n<blockquote class=\"wp-block-quote is-layout-flow wp-block-quote-is-layout-flow\">\n<p><em>\u00c9norme !!! J&rsquo;ai ador\u00e9 ^^<\/em><\/p>\n<cite>JCLuans, sur <strong>Wattpad<\/strong><\/cite><\/blockquote>\n\n\n\n<blockquote class=\"wp-block-quote is-layout-flow wp-block-quote-is-layout-flow\">\n<p><em>Incroyable histoire! On se croirais vraiment dans la peau du personnage! Je vois qu\u2019il n\u2019y a pas que moi qui fait des histoire sur les temps anciens!<\/em><\/p>\n<cite>Layle07, sur <strong>Wattpad<\/strong><\/cite><\/blockquote>\n\n\n\n<blockquote class=\"wp-block-quote is-layout-flow wp-block-quote-is-layout-flow\">\n<p><em>Debut fulgurant, on se prend dans la bataille merveilleusement bien conter. Hate de lire la suite<\/em><\/p>\n<cite>ItsAppolis, sur <strong>Wattpad<\/strong><\/cite><\/blockquote>\n","protected":false},"excerpt":{"rendered":"<p>Pr\u00e9sentation Titre : En attendant l&rsquo;aubeGenre(s) : Fantasy, thriller, suspenseNombre de mots : ~14000 R\u00e9sum\u00e9 : D&rsquo;un c\u00f4t\u00e9, un chevalier novice emport\u00e9 par une bataille qui le d\u00e9passe. De l&rsquo;autre,&#8230;<\/p>\n","protected":false},"author":1,"featured_media":0,"parent":0,"menu_order":0,"comment_status":"closed","ping_status":"closed","template":"","meta":{"om_disable_all_campaigns":false,"_monsterinsights_skip_tracking":false,"_monsterinsights_sitenote_active":false,"_monsterinsights_sitenote_note":"","_monsterinsights_sitenote_category":0,"_uf_show_specific_survey":0,"_uf_disable_surveys":false,"_EventAllDay":false,"_EventTimezone":"","_EventStartDate":"","_EventEndDate":"","_EventStartDateUTC":"","_EventEndDateUTC":"","_EventShowMap":false,"_EventShowMapLink":false,"_EventURL":"","_EventCost":"","_EventCostDescription":"","_EventCurrencySymbol":"","_EventCurrencyCode":"","_EventCurrencyPosition":"","_EventDateTimeSeparator":"","_EventTimeRangeSeparator":"","_EventOrganizerID":[],"_EventVenueID":[],"_OrganizerEmail":"","_OrganizerPhone":"","_OrganizerWebsite":"","_VenueAddress":"","_VenueCity":"","_VenueCountry":"","_VenueProvince":"","_VenueState":"","_VenueZip":"","_VenuePhone":"","_VenueURL":"","_VenueStateProvince":"","_VenueLat":"","_VenueLng":"","_VenueShowMap":false,"_VenueShowMapLink":false,"footnotes":""},"class_list":["post-222","page","type-page","status-publish","hentry"],"aioseo_notices":[],"jetpack_sharing_enabled":true,"_links":{"self":[{"href":"https:\/\/quentinplemarie.com\/index.php?rest_route=\/wp\/v2\/pages\/222","targetHints":{"allow":["GET"]}}],"collection":[{"href":"https:\/\/quentinplemarie.com\/index.php?rest_route=\/wp\/v2\/pages"}],"about":[{"href":"https:\/\/quentinplemarie.com\/index.php?rest_route=\/wp\/v2\/types\/page"}],"author":[{"embeddable":true,"href":"https:\/\/quentinplemarie.com\/index.php?rest_route=\/wp\/v2\/users\/1"}],"replies":[{"embeddable":true,"href":"https:\/\/quentinplemarie.com\/index.php?rest_route=%2Fwp%2Fv2%2Fcomments&post=222"}],"version-history":[{"count":4,"href":"https:\/\/quentinplemarie.com\/index.php?rest_route=\/wp\/v2\/pages\/222\/revisions"}],"predecessor-version":[{"id":689,"href":"https:\/\/quentinplemarie.com\/index.php?rest_route=\/wp\/v2\/pages\/222\/revisions\/689"}],"wp:attachment":[{"href":"https:\/\/quentinplemarie.com\/index.php?rest_route=%2Fwp%2Fv2%2Fmedia&parent=222"}],"curies":[{"name":"wp","href":"https:\/\/api.w.org\/{rel}","templated":true}]}}