{"id":224,"date":"2023-12-07T12:32:38","date_gmt":"2023-12-07T11:32:38","guid":{"rendered":"https:\/\/quentinplemarie.com\/?page_id=224"},"modified":"2025-03-28T22:43:23","modified_gmt":"2025-03-28T21:43:23","slug":"la-berceuse-argentee","status":"publish","type":"page","link":"https:\/\/quentinplemarie.com\/?page_id=224","title":{"rendered":"La berceuse argent\u00e9e"},"content":{"rendered":"\n<figure data-wp-context=\"{&quot;imageId&quot;:&quot;69fb353a31a11&quot;}\" data-wp-interactive=\"core\/image\" class=\"wp-block-image aligncenter size-large is-resized is-style-default wp-lightbox-container\"><img fetchpriority=\"high\" decoding=\"async\" width=\"724\" height=\"1024\" data-wp-class--hide=\"state.isContentHidden\" data-wp-class--show=\"state.isContentVisible\" data-wp-init=\"callbacks.setButtonStyles\" data-wp-on-async--click=\"actions.showLightbox\" data-wp-on-async--load=\"callbacks.setButtonStyles\" data-wp-on-async-window--resize=\"callbacks.setButtonStyles\" src=\"http:\/\/quentinplemarie.com\/wp-content\/uploads\/2023\/12\/la-berceuse-argentee-724x1024.png\" alt=\"\" class=\"wp-image-282\" style=\"width:255px;height:auto\" srcset=\"https:\/\/quentinplemarie.com\/wp-content\/uploads\/2023\/12\/la-berceuse-argentee-724x1024.png 724w, https:\/\/quentinplemarie.com\/wp-content\/uploads\/2023\/12\/la-berceuse-argentee-400x566.png 400w, https:\/\/quentinplemarie.com\/wp-content\/uploads\/2023\/12\/la-berceuse-argentee-212x300.png 212w, https:\/\/quentinplemarie.com\/wp-content\/uploads\/2023\/12\/la-berceuse-argentee-768x1086.png 768w, https:\/\/quentinplemarie.com\/wp-content\/uploads\/2023\/12\/la-berceuse-argentee-1086x1536.png 1086w, https:\/\/quentinplemarie.com\/wp-content\/uploads\/2023\/12\/la-berceuse-argentee-1448x2048.png 1448w\" sizes=\"(max-width: 724px) 100vw, 724px\" \/><button\n\t\t\tclass=\"lightbox-trigger\"\n\t\t\ttype=\"button\"\n\t\t\taria-haspopup=\"dialog\"\n\t\t\taria-label=\"Agrandir\"\n\t\t\tdata-wp-init=\"callbacks.initTriggerButton\"\n\t\t\tdata-wp-on-async--click=\"actions.showLightbox\"\n\t\t\tdata-wp-style--right=\"state.imageButtonRight\"\n\t\t\tdata-wp-style--top=\"state.imageButtonTop\"\n\t\t>\n\t\t\t<svg xmlns=\"http:\/\/www.w3.org\/2000\/svg\" width=\"12\" height=\"12\" fill=\"none\" viewBox=\"0 0 12 12\">\n\t\t\t\t<path fill=\"#fff\" d=\"M2 0a2 2 0 0 0-2 2v2h1.5V2a.5.5 0 0 1 .5-.5h2V0H2Zm2 10.5H2a.5.5 0 0 1-.5-.5V8H0v2a2 2 0 0 0 2 2h2v-1.5ZM8 12v-1.5h2a.5.5 0 0 0 .5-.5V8H12v2a2 2 0 0 1-2 2H8Zm2-12a2 2 0 0 1 2 2v2h-1.5V2a.5.5 0 0 0-.5-.5H8V0h2Z\" \/>\n\t\t\t<\/svg>\n\t\t<\/button><\/figure>\n\n\n\n<h4 class=\"wp-block-heading\"><span style=\"text-decoration: underline;\">Pr\u00e9sentation<\/span><\/h4>\n\n\n\n<p><strong>Titre : <\/strong>La berceuse argent\u00e9e &#8211; Gin&rsquo;iro no Kumori-uta<br><strong>Genre(s) :<\/strong> Historique, myst\u00e8re, action<br><strong>Nombre de mots :<\/strong> ~13000<\/p>\n\n\n\n<p><strong>R\u00e9sum\u00e9 :<\/strong> <\/p>\n\n\n\n<p><em>Gin&rsquo;iro Hiroshi \u00e9tait un homme puissant et respect\u00e9. A sa mort, il laisse derri\u00e8re lui sa femme Kimiko, atteinte d&rsquo;une maladie incurable, et son fils Daisuke, \u00e0 qui il l\u00e8gue sa multinationale et une \u00e9trange petite bo\u00eete en bois sculpt\u00e9. <\/em><\/p>\n\n\n\n<p><em>Avec l&rsquo;aide de son meilleur ami Matsuda, Daisuke va tenter de d\u00e9couvrir ce que ce p\u00e8re distant a cherch\u00e9 \u00e0 lui transmettre, mais les deux jeunes hommes sont bien loin d&rsquo;imaginer quels secrets et l\u00e9gendes sont enferm\u00e9s dans le myst\u00e9rieux coffret&#8230;<\/em><\/p>\n\n\n\n<h4 class=\"wp-block-heading\"><span style=\"text-decoration: underline;\">O\u00f9 lire cette histoire ?<\/span><\/h4>\n\n\n\n<div class=\"wp-block-group has-global-padding is-layout-constrained wp-block-group-is-layout-constrained\">\n<div class=\"wp-block-group has-global-padding is-layout-constrained wp-block-group-is-layout-constrained\">\n<div class=\"wp-block-group has-global-padding is-layout-constrained wp-block-group-is-layout-constrained\">\n<div class=\"wp-block-group is-content-justification-center is-nowrap is-layout-flex wp-container-core-group-is-layout-23441af8 wp-block-group-is-layout-flex\">\n<div class=\"wp-block-group is-vertical is-content-justification-center is-layout-flex wp-container-core-group-is-layout-ce155fab wp-block-group-is-layout-flex\">\n<p class=\"has-text-align-center\">Dans sa premi\u00e8re version :<\/p>\n\n\n\n<div class=\"wp-block-buttons is-layout-flex wp-block-buttons-is-layout-flex\">\n<div class=\"wp-block-button\"><a class=\"wp-block-button__link wp-element-button\" href=\"https:\/\/www.wattpad.com\/story\/125770801-la-berceuse-argent%C3%A9e-gin%27iro-no-kumori-uta\" target=\"_blank\" rel=\"noreferrer noopener\">Sur Wattpad<\/a><\/div>\n<\/div>\n<\/div>\n\n\n\n<div class=\"wp-block-group is-vertical is-content-justification-center is-layout-flex wp-container-core-group-is-layout-ce155fab wp-block-group-is-layout-flex\">\n<p>En version d\u00e9finitive :<\/p>\n\n\n\n<div class=\"wp-block-buttons is-layout-flex wp-block-buttons-is-layout-flex\">\n<div class=\"wp-block-button\"><a class=\"wp-block-button__link wp-element-button\" href=\"https:\/\/quentinplemarie.com\/?page_id=584\" target=\"_blank\" rel=\"noreferrer noopener\">Le Personarium<\/a><\/div>\n<\/div>\n<\/div>\n<\/div>\n<\/div>\n<\/div>\n<\/div>\n\n\n\n<hr class=\"wp-block-separator has-alpha-channel-opacity is-style-wide\"\/>\n\n\n\n<h4 class=\"wp-block-heading\"><span style=\"text-decoration: underline;\">Les anecdotes de l&rsquo;histoire<\/span><\/h4>\n\n\n\n<h6 class=\"wp-block-heading\">Passion Japon<\/h6>\n\n\n\n<p>Cette histoire se d\u00e9marque de mes autres nouvelles \u00e9crites \u00e0 la m\u00eame \u00e9poque par son d\u00e9cor : le Japon.<br>Un pays dont la culture me passionne&#8230; ce qui, je pense, se ressent clairement dans la nouvelle, narrant le r\u00e9cit d&rsquo;un Daimyo imaginaire de l&rsquo;\u00e8re Edo, et explorant la mythologie shinto, ses l\u00e9gendes, ses dieux, et ses d\u00e9mons&#8230;<\/p>\n\n\n\n<hr class=\"wp-block-separator has-alpha-channel-opacity is-style-wide\"\/>\n\n\n\n<h4 class=\"wp-block-heading\"><span style=\"text-decoration: underline;\">Quelques commentaires de lecteurs<\/span><\/h4>\n","protected":false},"excerpt":{"rendered":"<p>Pr\u00e9sentation Titre : La berceuse argent\u00e9e &#8211; Gin&rsquo;iro no Kumori-utaGenre(s) : Historique, myst\u00e8re, actionNombre de mots : ~13000 R\u00e9sum\u00e9 : Gin&rsquo;iro Hiroshi \u00e9tait un homme puissant et respect\u00e9. A sa&#8230;<\/p>\n","protected":false},"author":1,"featured_media":0,"parent":0,"menu_order":0,"comment_status":"closed","ping_status":"closed","template":"","meta":{"om_disable_all_campaigns":false,"_monsterinsights_skip_tracking":false,"_monsterinsights_sitenote_active":false,"_monsterinsights_sitenote_note":"","_monsterinsights_sitenote_category":0,"_uf_show_specific_survey":0,"_uf_disable_surveys":false,"_EventAllDay":false,"_EventTimezone":"","_EventStartDate":"","_EventEndDate":"","_EventStartDateUTC":"","_EventEndDateUTC":"","_EventShowMap":false,"_EventShowMapLink":false,"_EventURL":"","_EventCost":"","_EventCostDescription":"","_EventCurrencySymbol":"","_EventCurrencyCode":"","_EventCurrencyPosition":"","_EventDateTimeSeparator":"","_EventTimeRangeSeparator":"","_EventOrganizerID":[],"_EventVenueID":[],"_OrganizerEmail":"","_OrganizerPhone":"","_OrganizerWebsite":"","_VenueAddress":"","_VenueCity":"","_VenueCountry":"","_VenueProvince":"","_VenueState":"","_VenueZip":"","_VenuePhone":"","_VenueURL":"","_VenueStateProvince":"","_VenueLat":"","_VenueLng":"","_VenueShowMap":false,"_VenueShowMapLink":false,"footnotes":""},"class_list":["post-224","page","type-page","status-publish","hentry"],"aioseo_notices":[],"jetpack_sharing_enabled":true,"_links":{"self":[{"href":"https:\/\/quentinplemarie.com\/index.php?rest_route=\/wp\/v2\/pages\/224","targetHints":{"allow":["GET"]}}],"collection":[{"href":"https:\/\/quentinplemarie.com\/index.php?rest_route=\/wp\/v2\/pages"}],"about":[{"href":"https:\/\/quentinplemarie.com\/index.php?rest_route=\/wp\/v2\/types\/page"}],"author":[{"embeddable":true,"href":"https:\/\/quentinplemarie.com\/index.php?rest_route=\/wp\/v2\/users\/1"}],"replies":[{"embeddable":true,"href":"https:\/\/quentinplemarie.com\/index.php?rest_route=%2Fwp%2Fv2%2Fcomments&post=224"}],"version-history":[{"count":4,"href":"https:\/\/quentinplemarie.com\/index.php?rest_route=\/wp\/v2\/pages\/224\/revisions"}],"predecessor-version":[{"id":722,"href":"https:\/\/quentinplemarie.com\/index.php?rest_route=\/wp\/v2\/pages\/224\/revisions\/722"}],"wp:attachment":[{"href":"https:\/\/quentinplemarie.com\/index.php?rest_route=%2Fwp%2Fv2%2Fmedia&parent=224"}],"curies":[{"name":"wp","href":"https:\/\/api.w.org\/{rel}","templated":true}]}}