{"id":228,"date":"2023-12-07T12:33:07","date_gmt":"2023-12-07T11:33:07","guid":{"rendered":"https:\/\/quentinplemarie.com\/?page_id=228"},"modified":"2025-01-03T16:58:04","modified_gmt":"2025-01-03T15:58:04","slug":"la-grande-evasion-de-captain-emerald","status":"publish","type":"page","link":"https:\/\/quentinplemarie.com\/?page_id=228","title":{"rendered":"La grande \u00e9vasion de Captain Emerald"},"content":{"rendered":"\n<figure data-wp-context=\"{&quot;imageId&quot;:&quot;69fb35f7d7d1b&quot;}\" data-wp-interactive=\"core\/image\" class=\"wp-block-image aligncenter size-large is-resized is-style-default wp-lightbox-container\"><img fetchpriority=\"high\" decoding=\"async\" width=\"724\" height=\"1024\" data-wp-class--hide=\"state.isContentHidden\" data-wp-class--show=\"state.isContentVisible\" data-wp-init=\"callbacks.setButtonStyles\" data-wp-on-async--click=\"actions.showLightbox\" data-wp-on-async--load=\"callbacks.setButtonStyles\" data-wp-on-async-window--resize=\"callbacks.setButtonStyles\" src=\"http:\/\/quentinplemarie.com\/wp-content\/uploads\/2023\/12\/captain-emerald-724x1024.png\" alt=\"\" class=\"wp-image-287\" style=\"width:255px;height:auto\" srcset=\"https:\/\/quentinplemarie.com\/wp-content\/uploads\/2023\/12\/captain-emerald-724x1024.png 724w, https:\/\/quentinplemarie.com\/wp-content\/uploads\/2023\/12\/captain-emerald-400x566.png 400w, https:\/\/quentinplemarie.com\/wp-content\/uploads\/2023\/12\/captain-emerald-212x300.png 212w, https:\/\/quentinplemarie.com\/wp-content\/uploads\/2023\/12\/captain-emerald-768x1086.png 768w, https:\/\/quentinplemarie.com\/wp-content\/uploads\/2023\/12\/captain-emerald-1086x1536.png 1086w, https:\/\/quentinplemarie.com\/wp-content\/uploads\/2023\/12\/captain-emerald-1448x2048.png 1448w\" sizes=\"(max-width: 724px) 100vw, 724px\" \/><button\n\t\t\tclass=\"lightbox-trigger\"\n\t\t\ttype=\"button\"\n\t\t\taria-haspopup=\"dialog\"\n\t\t\taria-label=\"Agrandir\"\n\t\t\tdata-wp-init=\"callbacks.initTriggerButton\"\n\t\t\tdata-wp-on-async--click=\"actions.showLightbox\"\n\t\t\tdata-wp-style--right=\"state.imageButtonRight\"\n\t\t\tdata-wp-style--top=\"state.imageButtonTop\"\n\t\t>\n\t\t\t<svg xmlns=\"http:\/\/www.w3.org\/2000\/svg\" width=\"12\" height=\"12\" fill=\"none\" viewBox=\"0 0 12 12\">\n\t\t\t\t<path fill=\"#fff\" d=\"M2 0a2 2 0 0 0-2 2v2h1.5V2a.5.5 0 0 1 .5-.5h2V0H2Zm2 10.5H2a.5.5 0 0 1-.5-.5V8H0v2a2 2 0 0 0 2 2h2v-1.5ZM8 12v-1.5h2a.5.5 0 0 0 .5-.5V8H12v2a2 2 0 0 1-2 2H8Zm2-12a2 2 0 0 1 2 2v2h-1.5V2a.5.5 0 0 0-.5-.5H8V0h2Z\" \/>\n\t\t\t<\/svg>\n\t\t<\/button><\/figure>\n\n\n\n<h4 class=\"wp-block-heading\"><span style=\"text-decoration: underline;\">Pr\u00e9sentation<\/span><\/h4>\n\n\n\n<p><strong>Titre : <\/strong>La grande \u00e9vasion de Captain Emerald<br><strong>Genre(s) :<\/strong> Super-h\u00e9ros, aventure, humour<br><strong>Nombre de mots :<\/strong> ~2000<\/p>\n\n\n\n<p><strong>R\u00e9sum\u00e9 :<\/strong> <\/p>\n\n\n\n<p><em>Lass\u00e9 d&rsquo;un quotidien sans issue, Captain Emerald, \u00ab\u00a0le h\u00e9ros le plus courageux du monde\u00a0\u00bb, d\u00e9cide de se lancer dans une \u00e9pop\u00e9e de laquelle il n&rsquo;est pas s\u00fbr de revenir&#8230;<\/em><\/p>\n\n\n\n<h4 class=\"wp-block-heading\"><span style=\"text-decoration: underline;\">O\u00f9 lire cette histoire ?<\/span><\/h4>\n\n\n\n<div class=\"wp-block-group is-content-justification-center is-nowrap is-layout-flex wp-container-core-group-is-layout-23441af8 wp-block-group-is-layout-flex\">\n<div class=\"wp-block-group is-vertical is-layout-flex wp-container-core-group-is-layout-fe9cc265 wp-block-group-is-layout-flex\">\n<p>Dans sa premi\u00e8re version :<\/p>\n<\/div>\n\n\n\n<p>Dans sa version d\u00e9finitive :<\/p>\n<\/div>\n\n\n\n<div class=\"wp-block-buttons is-content-justification-center is-layout-flex wp-container-core-buttons-is-layout-a89b3969 wp-block-buttons-is-layout-flex\">\n<div class=\"wp-block-button is-style-fill\"><a class=\"wp-block-button__link has-base-color has-text-color has-link-color wp-element-button\" href=\"https:\/\/www.wattpad.com\/story\/96368489-la-grande-%C3%A9vasion-de-captain-emerald\" target=\"_blank\" rel=\"noreferrer noopener\">Sur Wattpad<\/a><\/div>\n\n\n\n<div class=\"wp-block-button is-style-fill\"><a class=\"wp-block-button__link has-base-color has-text-color has-link-color wp-element-button\" href=\"https:\/\/quentinplemarie.com\/?page_id=584\">Le Personarium<\/a><\/div>\n<\/div>\n\n\n\n<hr class=\"wp-block-separator has-alpha-channel-opacity is-style-wide\"\/>\n\n\n\n<h4 class=\"wp-block-heading\"><span style=\"text-decoration: underline;\">Les anecdotes de l&rsquo;histoire<\/span><\/h4>\n\n\n\n<h6 class=\"wp-block-heading\">Encore un concours<\/h6>\n\n\n\n<p>Comme beaucoup d&rsquo;autres de mes nouvelles, cette histoire a \u00e9t\u00e9 soumise \u00e0 un concours : \u00ab\u00a048h pour \u00e9crire\u00a0\u00bb, un concours annuel organis\u00e9 par la maison d&rsquo;\u00e9dition \u00e0 compte d&rsquo;auteur Edilivre o\u00f9 les participants disposent de deux jours pour soumettre un court r\u00e9cit sur un th\u00e8me d\u00e9voil\u00e9 au dernier moment.<\/p>\n\n\n\n<p>L&rsquo;\u00e9dition 2016 portait ainsi sur le th\u00e8me \u00ab\u00a0La diff\u00e9rence\u00a0\u00bb. Et il se trouve que \u00ab\u00a0La grande \u00e9vasion de Captain Emerald\u00a0\u00bb ne s&rsquo;est pas trop mal plac\u00e9e, puisqu&rsquo;elle a termin\u00e9 en <strong>8<sup>\u00e8me<\/sup> place, sur pr\u00e8s de 1000 participations<\/strong> !<\/p>\n\n\n\n<hr class=\"wp-block-separator has-alpha-channel-opacity is-style-wide\"\/>\n\n\n\n<h4 class=\"wp-block-heading\"><span style=\"text-decoration: underline;\">Quelques commentaires de lecteurs<\/span><\/h4>\n\n\n\n<blockquote class=\"wp-block-quote is-layout-flow wp-block-quote-is-layout-flow\">\n<p><em>Superbe histoire, amusante et touchante. Merci.<\/em><\/p>\n<cite>EbenNight, sur <strong>Wattpad<\/strong><\/cite><\/blockquote>\n\n\n\n<blockquote class=\"wp-block-quote is-layout-flow wp-block-quote-is-layout-flow\">\n<p><em>Si Pixar choisit ta nouvelle pour le sc\u00e9nario de Toy Story 5, ils vont faire un tabac ! Sinon, j&rsquo;ai bien aim\u00e9, j&rsquo;aime beaucoup ta mani\u00e8re d&rsquo;\u00e9crire !<\/em><\/p>\n<cite>saviornela02, sur <strong>Wattpad<\/strong><\/cite><\/blockquote>\n","protected":false},"excerpt":{"rendered":"<p>Pr\u00e9sentation Titre : La grande \u00e9vasion de Captain EmeraldGenre(s) : Super-h\u00e9ros, aventure, humourNombre de mots : ~2000 R\u00e9sum\u00e9 : Lass\u00e9 d&rsquo;un quotidien sans issue, Captain Emerald, \u00ab\u00a0le h\u00e9ros le plus&#8230;<\/p>\n","protected":false},"author":1,"featured_media":0,"parent":0,"menu_order":0,"comment_status":"closed","ping_status":"closed","template":"","meta":{"om_disable_all_campaigns":false,"_monsterinsights_skip_tracking":false,"_monsterinsights_sitenote_active":false,"_monsterinsights_sitenote_note":"","_monsterinsights_sitenote_category":0,"_uf_show_specific_survey":0,"_uf_disable_surveys":false,"_EventAllDay":false,"_EventTimezone":"","_EventStartDate":"","_EventEndDate":"","_EventStartDateUTC":"","_EventEndDateUTC":"","_EventShowMap":false,"_EventShowMapLink":false,"_EventURL":"","_EventCost":"","_EventCostDescription":"","_EventCurrencySymbol":"","_EventCurrencyCode":"","_EventCurrencyPosition":"","_EventDateTimeSeparator":"","_EventTimeRangeSeparator":"","_EventOrganizerID":[],"_EventVenueID":[],"_OrganizerEmail":"","_OrganizerPhone":"","_OrganizerWebsite":"","_VenueAddress":"","_VenueCity":"","_VenueCountry":"","_VenueProvince":"","_VenueState":"","_VenueZip":"","_VenuePhone":"","_VenueURL":"","_VenueStateProvince":"","_VenueLat":"","_VenueLng":"","_VenueShowMap":false,"_VenueShowMapLink":false,"footnotes":""},"class_list":["post-228","page","type-page","status-publish","hentry"],"aioseo_notices":[],"jetpack_sharing_enabled":true,"_links":{"self":[{"href":"https:\/\/quentinplemarie.com\/index.php?rest_route=\/wp\/v2\/pages\/228","targetHints":{"allow":["GET"]}}],"collection":[{"href":"https:\/\/quentinplemarie.com\/index.php?rest_route=\/wp\/v2\/pages"}],"about":[{"href":"https:\/\/quentinplemarie.com\/index.php?rest_route=\/wp\/v2\/types\/page"}],"author":[{"embeddable":true,"href":"https:\/\/quentinplemarie.com\/index.php?rest_route=\/wp\/v2\/users\/1"}],"replies":[{"embeddable":true,"href":"https:\/\/quentinplemarie.com\/index.php?rest_route=%2Fwp%2Fv2%2Fcomments&post=228"}],"version-history":[{"count":3,"href":"https:\/\/quentinplemarie.com\/index.php?rest_route=\/wp\/v2\/pages\/228\/revisions"}],"predecessor-version":[{"id":694,"href":"https:\/\/quentinplemarie.com\/index.php?rest_route=\/wp\/v2\/pages\/228\/revisions\/694"}],"wp:attachment":[{"href":"https:\/\/quentinplemarie.com\/index.php?rest_route=%2Fwp%2Fv2%2Fmedia&parent=228"}],"curies":[{"name":"wp","href":"https:\/\/api.w.org\/{rel}","templated":true}]}}