{"id":26,"date":"2023-11-13T11:30:03","date_gmt":"2023-11-13T10:30:03","guid":{"rendered":"https:\/\/quentinplemarie.com\/?page_id=26"},"modified":"2025-01-03T17:11:51","modified_gmt":"2025-01-03T16:11:51","slug":"a-propos-de-moi","status":"publish","type":"page","link":"https:\/\/quentinplemarie.com\/?page_id=26","title":{"rendered":"Qui suis-je ?"},"content":{"rendered":"\n<figure class=\"wp-block-image alignleft size-full is-resized\"><img fetchpriority=\"high\" decoding=\"async\" width=\"497\" height=\"465\" src=\"https:\/\/quentinplemarie.com\/wp-content\/uploads\/2023\/11\/IMG-20230502-WA0011.jpg\" alt=\"\" class=\"wp-image-145\" style=\"width:233px;height:auto\" srcset=\"https:\/\/quentinplemarie.com\/wp-content\/uploads\/2023\/11\/IMG-20230502-WA0011.jpg 497w, https:\/\/quentinplemarie.com\/wp-content\/uploads\/2023\/11\/IMG-20230502-WA0011-400x374.jpg 400w, https:\/\/quentinplemarie.com\/wp-content\/uploads\/2023\/11\/IMG-20230502-WA0011-300x281.jpg 300w\" sizes=\"(max-width: 497px) 100vw, 497px\" \/><\/figure>\n\n\n\n<p>&nbsp;\u00ab<em> Qui suis-je ?&#8230; <\/em>\u00bb<\/p>\n\n\n\n<p>Une question simple et complexe \u00e0 la fois, \u00e0 laquelle je ne suis pas s\u00fbr d&rsquo;avoir une r\u00e9ponse, m\u00eame aujourd&rsquo;hui.<\/p>\n\n\n\n<p>Un curieux m\u00e9lange d&rsquo;esprit scientifique et de cr\u00e9ativit\u00e9 artistique, manifest\u00e9 tr\u00e8s t\u00f4t par des passions contradictoires, allant de l&rsquo;invention d&rsquo;histoires saugrenues \u00e0 l&rsquo;\u00e9laboration d&rsquo;exp\u00e9riences qui l&rsquo;\u00e9taient tout autant.<\/p>\n\n\n\n<p>Plus tard, si mes \u00e9tudes m&rsquo;ont men\u00e9 sur le chemin de l&rsquo;ing\u00e9nierie, de l&rsquo;\u00e9nergie et de l&rsquo;\u00e9lectrochimie, elles m&rsquo;ont \u00e9galement permis de voyager et vivre dans de nombreux pays, notamment l&rsquo;Angleterre et le Canada, et d&rsquo;alimenter cette imagination d\u00e9bordante qui ne m&rsquo;a jamais vraiment l\u00e2ch\u00e9.<\/p>\n\n\n\n<p>Des histoires, des aventures et des personnages plein la t\u00eate, auxquels je m&rsquo;\u00e9vertue \u00e0 donner vie depuis 2011. Dans des nouvelles et autres histoires courtes, dans un premier temps. Etant moi-m\u00eame un lecteur appr\u00e9ciant tous les genres, berc\u00e9 par les aventures de Sherlock Holmes et Harry Potter, puis par les romans d&rsquo;Isaac Asimov, Philip K. Dick, Jean-Philippe Jaworski ou encore Haruki Murakami, j&rsquo;y ai explor\u00e9 tout un panorama de genres. On y notera une dominance SFFF (science-fiction, fantastique, fantasy), sans laisser de c\u00f4t\u00e9 le thriller et la romance. Autant de r\u00e9cits que j&rsquo;ai publi\u00e9s sur Wattpad entre 2016 et 2018, et dont certains ont re\u00e7u un accueil chaleureux m&rsquo;encourageant dans mes efforts d&rsquo;\u00e9criture.<\/p>\n\n\n\n<p>Ma nouvelle SF\/steampunk&nbsp;\u00ab<em> Un coeur battant dans une cage de fer<\/em> \u00bb, narrant l&rsquo;histoire d&rsquo;un conflit opposant humains et machines dans un Londres victorien apocalyptique, a \u00e9t\u00e9 prim\u00e9e par les Wattys 2017 et cumule aujourd&rsquo;hui pr\u00e8s de 14 000 lectures.<\/p>\n\n\n\n<p>Mais ce n&rsquo;est finalement qu&rsquo;en 2023, apr\u00e8s \u00eatre devenu papa d&rsquo;une petite merveille et tirant profit d&rsquo;un pr\u00e9cieux temps consacr\u00e9 \u00e0 l&rsquo;\u00e9criture, que j&rsquo;ai d\u00e9cid\u00e9 de me lancer dans la folle aventure de l&rsquo;auto-\u00e9dition, avec un premier projet : la publication en <strong>janvier 2024 <\/strong>d&rsquo;une \u00e9dition r\u00e9vis\u00e9e, retravaill\u00e9e et compl\u00e8te de mon premier roman paru en 2015 dans une maison d&rsquo;\u00e9dition \u00e0 compte d&rsquo;auteur : \u00ab<em> <a href=\"https:\/\/quentinplemarie.com\/?page_id=75\" title=\"Le Jour o\u00f9 la Bo\u00eete s\u2019est ouverte\"><strong>Le Jour o\u00f9 la Bo\u00eete s&rsquo;est ouverte<\/strong><\/a><\/em> \u00bb.<\/p>\n\n\n\n<p>Puis, <strong>toujours en 2024<\/strong>, j&rsquo;ai donn\u00e9 vie \u00e0 un projet d\u00e9marr\u00e9 plus de dix ans plus t\u00f4t : \u00ab <strong><em><a href=\"https:\/\/quentinplemarie.com\/?page_id=584\" title=\"Le Personarium\">Le Personarium<\/a><\/em><\/strong> \u00bb, recueil de 14 de mes nouvelles m\u00ealant les genres du fantastique et de la SF, reli\u00e9e \u00e0 travers un grand r\u00e9cit fil rouge et compl\u00e9t\u00e9 par des illustrations r\u00e9alis\u00e9es par mes soins. Ce livre ambitieux a fait l&rsquo;objet <strong>d&rsquo;une campagne de pr\u00e9-commande sur Ulule qui a atteint 165% <\/strong>de son objectif initial, et fait l&rsquo;objet d&rsquo;excellents retours.<\/p>\n\n\n\n<p>Une myriade d&rsquo;autres projets est en pr\u00e9paration pour les ann\u00e9es \u00e0 venir. Des projets qui, je l&rsquo;esp\u00e8re, vous plairont autant que je m&rsquo;\u00e9panouis \u00e0 les cr\u00e9er.<\/p>\n\n\n\n<p>Vous pouvez retrouver l&rsquo;ensemble de mes \u00e9crits, mes actualit\u00e9s, et ma boutique en ligne en suivant les liens ci-dessous.<\/p>\n\n\n\n<p>A vous qui avez os\u00e9 pass\u00e9 la porte de mes univers, je vous souhaite un bon voyage, et vous remercie pour le temps que vous passerez entre mes lignes.<\/p>\n\n\n\n<p class=\"has-text-align-right\">Amicalement,<\/p>\n\n\n\n<p class=\"has-text-align-right\">QPL<\/p>\n\n\n\n<div class=\"wp-block-group is-content-justification-center is-nowrap is-layout-flex wp-container-core-group-is-layout-23441af8 wp-block-group-is-layout-flex\">\n<div class=\"wp-block-buttons is-layout-flex wp-block-buttons-is-layout-flex\">\n<div class=\"wp-block-button\"><a class=\"wp-block-button__link has-base-color has-text-color has-link-color wp-element-button\" href=\"https:\/\/quentinplemarie.com\/?page_id=27\">Me lire<\/a><\/div>\n<\/div>\n\n\n\n<div class=\"wp-block-buttons is-layout-flex wp-block-buttons-is-layout-flex\">\n<div class=\"wp-block-button\"><a class=\"wp-block-button__link has-base-color has-text-color has-link-color wp-element-button\" href=\"https:\/\/quentinplemarie.com\/?page_id=162\">Actualit\u00e9s<\/a><\/div>\n<\/div>\n\n\n\n<div class=\"wp-block-buttons is-layout-flex wp-block-buttons-is-layout-flex\">\n<div class=\"wp-block-button\"><a class=\"wp-block-button__link has-base-color has-text-color has-link-color wp-element-button\" href=\"https:\/\/quentinplemarie.com\/?page_id=5\">Boutique<\/a><\/div>\n<\/div>\n<\/div>\n","protected":false},"excerpt":{"rendered":"<p>&nbsp;\u00ab Qui suis-je ?&#8230; \u00bb Une question simple et complexe \u00e0 la fois, \u00e0 laquelle je ne suis pas s\u00fbr d&rsquo;avoir une r\u00e9ponse, m\u00eame aujourd&rsquo;hui. Un curieux m\u00e9lange d&rsquo;esprit scientifique&#8230;<\/p>\n","protected":false},"author":1,"featured_media":0,"parent":0,"menu_order":0,"comment_status":"closed","ping_status":"closed","template":"","meta":{"om_disable_all_campaigns":false,"_monsterinsights_skip_tracking":false,"_monsterinsights_sitenote_active":false,"_monsterinsights_sitenote_note":"","_monsterinsights_sitenote_category":0,"_uf_show_specific_survey":0,"_uf_disable_surveys":false,"_EventAllDay":false,"_EventTimezone":"","_EventStartDate":"","_EventEndDate":"","_EventStartDateUTC":"","_EventEndDateUTC":"","_EventShowMap":false,"_EventShowMapLink":false,"_EventURL":"","_EventCost":"","_EventCostDescription":"","_EventCurrencySymbol":"","_EventCurrencyCode":"","_EventCurrencyPosition":"","_EventDateTimeSeparator":"","_EventTimeRangeSeparator":"","_EventOrganizerID":[],"_EventVenueID":[],"_OrganizerEmail":"","_OrganizerPhone":"","_OrganizerWebsite":"","_VenueAddress":"","_VenueCity":"","_VenueCountry":"","_VenueProvince":"","_VenueState":"","_VenueZip":"","_VenuePhone":"","_VenueURL":"","_VenueStateProvince":"","_VenueLat":"","_VenueLng":"","_VenueShowMap":false,"_VenueShowMapLink":false,"footnotes":""},"class_list":["post-26","page","type-page","status-publish","hentry"],"aioseo_notices":[],"jetpack_sharing_enabled":true,"_links":{"self":[{"href":"https:\/\/quentinplemarie.com\/index.php?rest_route=\/wp\/v2\/pages\/26","targetHints":{"allow":["GET"]}}],"collection":[{"href":"https:\/\/quentinplemarie.com\/index.php?rest_route=\/wp\/v2\/pages"}],"about":[{"href":"https:\/\/quentinplemarie.com\/index.php?rest_route=\/wp\/v2\/types\/page"}],"author":[{"embeddable":true,"href":"https:\/\/quentinplemarie.com\/index.php?rest_route=\/wp\/v2\/users\/1"}],"replies":[{"embeddable":true,"href":"https:\/\/quentinplemarie.com\/index.php?rest_route=%2Fwp%2Fv2%2Fcomments&post=26"}],"version-history":[{"count":9,"href":"https:\/\/quentinplemarie.com\/index.php?rest_route=\/wp\/v2\/pages\/26\/revisions"}],"predecessor-version":[{"id":697,"href":"https:\/\/quentinplemarie.com\/index.php?rest_route=\/wp\/v2\/pages\/26\/revisions\/697"}],"wp:attachment":[{"href":"https:\/\/quentinplemarie.com\/index.php?rest_route=%2Fwp%2Fv2%2Fmedia&parent=26"}],"curies":[{"name":"wp","href":"https:\/\/api.w.org\/{rel}","templated":true}]}}