{"id":299,"date":"2023-12-20T14:47:42","date_gmt":"2023-12-20T13:47:42","guid":{"rendered":"https:\/\/quentinplemarie.com\/?page_id=299"},"modified":"2025-01-03T16:54:49","modified_gmt":"2025-01-03T15:54:49","slug":"si","status":"publish","type":"page","link":"https:\/\/quentinplemarie.com\/?page_id=299","title":{"rendered":"Si"},"content":{"rendered":"\n<figure data-wp-context=\"{&quot;imageId&quot;:&quot;69fb343e3b458&quot;}\" data-wp-interactive=\"core\/image\" class=\"wp-block-image aligncenter size-large is-resized is-style-default wp-lightbox-container\"><img fetchpriority=\"high\" decoding=\"async\" width=\"724\" height=\"1024\" data-wp-class--hide=\"state.isContentHidden\" data-wp-class--show=\"state.isContentVisible\" data-wp-init=\"callbacks.setButtonStyles\" data-wp-on-async--click=\"actions.showLightbox\" data-wp-on-async--load=\"callbacks.setButtonStyles\" data-wp-on-async-window--resize=\"callbacks.setButtonStyles\" src=\"http:\/\/quentinplemarie.com\/wp-content\/uploads\/2023\/12\/si-724x1024.png\" alt=\"\" class=\"wp-image-284\" style=\"width:255px;height:auto\" srcset=\"https:\/\/quentinplemarie.com\/wp-content\/uploads\/2023\/12\/si-724x1024.png 724w, https:\/\/quentinplemarie.com\/wp-content\/uploads\/2023\/12\/si-400x566.png 400w, https:\/\/quentinplemarie.com\/wp-content\/uploads\/2023\/12\/si-212x300.png 212w, https:\/\/quentinplemarie.com\/wp-content\/uploads\/2023\/12\/si-768x1086.png 768w, https:\/\/quentinplemarie.com\/wp-content\/uploads\/2023\/12\/si-1086x1536.png 1086w, https:\/\/quentinplemarie.com\/wp-content\/uploads\/2023\/12\/si-1448x2048.png 1448w\" sizes=\"(max-width: 724px) 100vw, 724px\" \/><button\n\t\t\tclass=\"lightbox-trigger\"\n\t\t\ttype=\"button\"\n\t\t\taria-haspopup=\"dialog\"\n\t\t\taria-label=\"Agrandir\"\n\t\t\tdata-wp-init=\"callbacks.initTriggerButton\"\n\t\t\tdata-wp-on-async--click=\"actions.showLightbox\"\n\t\t\tdata-wp-style--right=\"state.imageButtonRight\"\n\t\t\tdata-wp-style--top=\"state.imageButtonTop\"\n\t\t>\n\t\t\t<svg xmlns=\"http:\/\/www.w3.org\/2000\/svg\" width=\"12\" height=\"12\" fill=\"none\" viewBox=\"0 0 12 12\">\n\t\t\t\t<path fill=\"#fff\" d=\"M2 0a2 2 0 0 0-2 2v2h1.5V2a.5.5 0 0 1 .5-.5h2V0H2Zm2 10.5H2a.5.5 0 0 1-.5-.5V8H0v2a2 2 0 0 0 2 2h2v-1.5ZM8 12v-1.5h2a.5.5 0 0 0 .5-.5V8H12v2a2 2 0 0 1-2 2H8Zm2-12a2 2 0 0 1 2 2v2h-1.5V2a.5.5 0 0 0-.5-.5H8V0h2Z\" \/>\n\t\t\t<\/svg>\n\t\t<\/button><\/figure>\n\n\n\n<h4 class=\"wp-block-heading\"><span style=\"text-decoration: underline;\">Pr\u00e9sentation<\/span><\/h4>\n\n\n\n<p><strong>Titre : <\/strong>Si<br><strong>Genre(s) :<\/strong> Thriller, suspense, science-fiction, anticipation<br><strong>Nombre de mots :<\/strong> ~14000<\/p>\n\n\n\n<p><strong>R\u00e9sum\u00e9 :<\/strong> <\/p>\n\n\n\n<p><em>\u00ab Si vous pouviez revenir en arri\u00e8re&#8230; \u00e0 un ou plusieurs moments de votre vie, o\u00f9 vous estimez avoir fait un mauvais choix, avoir pris une mauvaise d\u00e9cision&#8230; Si vous pouviez, en toute connaissance de cause, changer cette d\u00e9cision, et observer les cons\u00e9quences sur votre vie&#8230; le feriez-vous ? \u00bb<\/em><\/p>\n\n\n\n<p><em>Lorsqu&rsquo;Edvin Larsson, inventeur \u00e9m\u00e9rite associ\u00e9 \u00e0 la police de New York, cr\u00e9e le Tulving Simulator, une machine capable d&rsquo;explorer des versions alternatives de ses souvenirs, il est loin d&rsquo;imaginer les \u00e9v\u00e9nements qui l&rsquo;attendent et \u00e0 quel point certaines d\u00e9cisions de son pass\u00e9 peuvent se montrer capitales pour son avenir&#8230;<\/em><\/p>\n\n\n\n<h4 class=\"wp-block-heading\"><span style=\"text-decoration: underline;\">O\u00f9 lire cette histoire ?<\/span><\/h4>\n\n\n\n<div class=\"wp-block-group is-content-justification-center is-nowrap is-layout-flex wp-container-core-group-is-layout-23441af8 wp-block-group-is-layout-flex\">\n<div class=\"wp-block-group is-vertical is-layout-flex wp-container-core-group-is-layout-fe9cc265 wp-block-group-is-layout-flex\">\n<p>Dans sa premi\u00e8re version :<\/p>\n<\/div>\n\n\n\n<p>Dans sa version d\u00e9finitive :<\/p>\n<\/div>\n\n\n\n<div class=\"wp-block-buttons is-content-justification-center is-layout-flex wp-container-core-buttons-is-layout-a89b3969 wp-block-buttons-is-layout-flex\">\n<div class=\"wp-block-button is-style-fill\"><a class=\"wp-block-button__link has-base-color has-text-color has-link-color wp-element-button\" href=\"https:\/\/www.wattpad.com\/story\/88040563-si\" target=\"_blank\" rel=\"noreferrer noopener\">Sur Wattpad<\/a><\/div>\n\n\n\n<div class=\"wp-block-button is-style-fill\"><a class=\"wp-block-button__link has-base-color has-text-color has-link-color wp-element-button\" href=\"https:\/\/quentinplemarie.com\/?page_id=584\">Le Personarium<\/a><\/div>\n<\/div>\n\n\n\n<hr class=\"wp-block-separator has-alpha-channel-opacity is-style-wide\"\/>\n\n\n\n<h4 class=\"wp-block-heading\"><span style=\"text-decoration: underline;\">Les anecdotes de l&rsquo;histoire<\/span><\/h4>\n\n\n\n<h6 class=\"wp-block-heading\">Var bor du nu ?<\/h6>\n\n\n\n<p>M\u00eame si cette histoire se d\u00e9roule \u00e0 New York dans un futur proche, son personnage principal, Edvin Larsson, est su\u00e9dois. Et pour cause, le sc\u00e9nario de cette nouvelle m&rsquo;est venu lorsque j&rsquo;habitais \u00e0 Link\u00f6ping, en Su\u00e8de, pendant mes \u00e9tudes. Un pays et une ville que j&rsquo;affectionne tout particuli\u00e8rement, et qui reviendront sans nulle doute dans de futurs projets.<\/p>\n\n\n\n<h6 class=\"wp-block-heading\">Archives vid\u00e9o et narration<\/h6>\n\n\n\n<p>(Attention : Spoilers l\u00e9gers)<br>Edvin Larsson a beau \u00eatre au c\u0153ur de l&rsquo;histoire et, indubitablement, son personnage principal (on pourrait d\u00e9battre qu&rsquo;Adrian Poole en est quant \u00e0 lui le v\u00e9ritable \u00ab\u00a0h\u00e9ros\u00a0\u00bb), le scientifique n&rsquo;apparait pas avant la toute fin. En effet, ses seules interventions directes au cours du r\u00e9cit se font \u00e0 travers les vid\u00e9os qu&rsquo;il enregistre au fil de ses essais du Tulving Simulator, tandis que les phases narratives alternent les points de vue des personnages qui l&rsquo;entourent, et subissent les cons\u00e9quences des d\u00e9cisions d&rsquo;Edvin.<br>Ce choix est un exercice de style de ma part, \u00e0 une \u00e9poque o\u00f9 j&rsquo;\u00e9crivais \u00e9norm\u00e9ment d&rsquo;histoires courtes et exp\u00e9rimentait avec diff\u00e9rentes formes de narration.<\/p>\n\n\n\n<hr class=\"wp-block-separator has-alpha-channel-opacity is-style-wide\"\/>\n\n\n\n<h4 class=\"wp-block-heading\"><span style=\"text-decoration: underline;\">Quelques commentaires de lecteurs<\/span><\/h4>\n\n\n\n<blockquote class=\"wp-block-quote is-layout-flow wp-block-quote-is-layout-flow\">\n<p><em>Juste&#8230; Bravo. C&rsquo;est la premi\u00e8re fois que j&rsquo;\u00e9cris un commentaire qui ne corrige pas, mais je voulais dire \u00e0 quel point cette histoire m&rsquo;a plu. Quasiment aucune faute, avec une magnifique morale. Merci !<\/em><\/p>\n<cite>azilizpia, sur <strong>Wattpad<\/strong><\/cite><\/blockquote>\n\n\n\n<blockquote class=\"wp-block-quote is-layout-flow wp-block-quote-is-layout-flow\">\n<p><em>Un r\u00e9cit qui nous fais r\u00e9fl\u00e9chir sur le monde qui nous entoure et sur notre existence. Cette histoire est passionnante et tr\u00e8s bien \u00e9crite. Merci pour tout.<\/em><\/p>\n<cite>timothee13, sur <strong>Wattpad<\/strong><\/cite><\/blockquote>\n\n\n\n<blockquote class=\"wp-block-quote is-layout-flow wp-block-quote-is-layout-flow\">\n<p><em>Superbe dynamique les changements de sc\u00e8nes ! J&rsquo;aime.<\/em><\/p>\n\n\n\n<p><em>Superbe histoire. Bien prenante du d\u00e9but jusqu&rsquo;\u00e0 la fin avec une r\u00e9ponse \u00e0 un questionnement universel : et Si&#8230; Bravo !<\/em><\/p>\n<cite>DroitDhauteur, sur <strong>Wattpad<\/strong><\/cite><\/blockquote>\n\n\n\n<blockquote class=\"wp-block-quote is-layout-flow wp-block-quote-is-layout-flow\">\n<p><em>Quel bonne id\u00e9e ! Changer les souvenirs et voir une nouvelle version d&rsquo;une partie de sa vie! Tr\u00e8s original !<\/em><\/p>\n<cite>Danie68, sur <strong>Wattpad<\/strong><\/cite><\/blockquote>\n","protected":false},"excerpt":{"rendered":"<p>Pr\u00e9sentation Titre : SiGenre(s) : Thriller, suspense, science-fiction, anticipationNombre de mots : ~14000 R\u00e9sum\u00e9 : \u00ab Si vous pouviez revenir en arri\u00e8re&#8230; \u00e0 un ou plusieurs moments de votre vie,&#8230;<\/p>\n","protected":false},"author":1,"featured_media":0,"parent":0,"menu_order":0,"comment_status":"closed","ping_status":"closed","template":"","meta":{"om_disable_all_campaigns":false,"_monsterinsights_skip_tracking":false,"_monsterinsights_sitenote_active":false,"_monsterinsights_sitenote_note":"","_monsterinsights_sitenote_category":0,"_uf_show_specific_survey":0,"_uf_disable_surveys":false,"_EventAllDay":false,"_EventTimezone":"","_EventStartDate":"","_EventEndDate":"","_EventStartDateUTC":"","_EventEndDateUTC":"","_EventShowMap":false,"_EventShowMapLink":false,"_EventURL":"","_EventCost":"","_EventCostDescription":"","_EventCurrencySymbol":"","_EventCurrencyCode":"","_EventCurrencyPosition":"","_EventDateTimeSeparator":"","_EventTimeRangeSeparator":"","_EventOrganizerID":[],"_EventVenueID":[],"_OrganizerEmail":"","_OrganizerPhone":"","_OrganizerWebsite":"","_VenueAddress":"","_VenueCity":"","_VenueCountry":"","_VenueProvince":"","_VenueState":"","_VenueZip":"","_VenuePhone":"","_VenueURL":"","_VenueStateProvince":"","_VenueLat":"","_VenueLng":"","_VenueShowMap":false,"_VenueShowMapLink":false,"footnotes":""},"class_list":["post-299","page","type-page","status-publish","hentry"],"aioseo_notices":[],"jetpack_sharing_enabled":true,"_links":{"self":[{"href":"https:\/\/quentinplemarie.com\/index.php?rest_route=\/wp\/v2\/pages\/299","targetHints":{"allow":["GET"]}}],"collection":[{"href":"https:\/\/quentinplemarie.com\/index.php?rest_route=\/wp\/v2\/pages"}],"about":[{"href":"https:\/\/quentinplemarie.com\/index.php?rest_route=\/wp\/v2\/types\/page"}],"author":[{"embeddable":true,"href":"https:\/\/quentinplemarie.com\/index.php?rest_route=\/wp\/v2\/users\/1"}],"replies":[{"embeddable":true,"href":"https:\/\/quentinplemarie.com\/index.php?rest_route=%2Fwp%2Fv2%2Fcomments&post=299"}],"version-history":[{"count":5,"href":"https:\/\/quentinplemarie.com\/index.php?rest_route=\/wp\/v2\/pages\/299\/revisions"}],"predecessor-version":[{"id":690,"href":"https:\/\/quentinplemarie.com\/index.php?rest_route=\/wp\/v2\/pages\/299\/revisions\/690"}],"wp:attachment":[{"href":"https:\/\/quentinplemarie.com\/index.php?rest_route=%2Fwp%2Fv2%2Fmedia&parent=299"}],"curies":[{"name":"wp","href":"https:\/\/api.w.org\/{rel}","templated":true}]}}