{"id":457,"date":"2024-01-04T14:20:03","date_gmt":"2024-01-04T13:20:03","guid":{"rendered":"https:\/\/quentinplemarie.com\/?page_id=457"},"modified":"2024-01-18T22:27:18","modified_gmt":"2024-01-18T21:27:18","slug":"le-jour-ou-la-boite-sest-ouverte-les-videos","status":"publish","type":"page","link":"https:\/\/quentinplemarie.com\/?page_id=457","title":{"rendered":"Le Jour o\u00f9 la Bo\u00eete s&rsquo;est ouverte &#8211; Les vid\u00e9os"},"content":{"rendered":"\n<p>Retrouvez ci-dessous quelques vid\u00e9os promotionnelles r\u00e9alis\u00e9es par mes soins et vous en d\u00e9voilant un peu plus sur l&rsquo;univers et les personnages de mon thriller \u00ab\u00a0Le Jour o\u00f9 la Bo\u00eete s&rsquo;est ouverte\u00a0\u00bb !<\/p>\n\n\n\n<p><em>Note : les images d&rsquo;illustration utilis\u00e9es dans ces vid\u00e9os ont \u00e9t\u00e9 r\u00e9alis\u00e9es \u00e0 l&rsquo;aide d&rsquo;une intelligence artificielle (Midjourney).<\/em><\/p>\n\n\n\n<h2 class=\"wp-block-heading\">Le \u00ab\u00a0Book trailer\u00a0\u00bb<\/h2>\n\n\n\n<div class=\"wp-block-group is-vertical is-content-justification-center is-layout-flex wp-container-core-group-is-layout-ce155fab wp-block-group-is-layout-flex\">\n<div class=\"wp-block-group is-nowrap is-layout-flex wp-container-core-group-is-layout-6c531013 wp-block-group-is-layout-flex\">\n<div class=\"wp-block-buttons is-content-justification-center is-layout-flex wp-container-core-buttons-is-layout-a89b3969 wp-block-buttons-is-layout-flex\">\n<div class=\"wp-block-button\"><a class=\"wp-block-button__link has-base-color has-text-color has-link-color wp-element-button\" href=\"https:\/\/www.tiktok.com\/@quentin.p.lemarie\/video\/7317256671972183329\" target=\"_blank\" rel=\"noreferrer noopener\">Voir sur Tiktok<\/a><\/div>\n\n\n\n<div class=\"wp-block-button\"><a class=\"wp-block-button__link has-base-color has-text-color has-link-color wp-element-button\" href=\"https:\/\/www.instagram.com\/p\/C1Z5F2WKfRH\/\" target=\"_blank\" rel=\"noreferrer noopener\">Voir sur Instagram<\/a><\/div>\n<\/div>\n<\/div>\n\n\n\n<figure class=\"wp-block-embed is-type-video is-provider-tiktok wp-block-embed-tiktok\"><div class=\"wp-block-embed__wrapper\">\n<blockquote class=\"tiktok-embed\" cite=\"https:\/\/www.tiktok.com\/@quentin.p.lemarie\/video\/7317256671972183329\" data-video-id=\"7317256671972183329\" data-embed-from=\"oembed\" style=\"max-width:605px; min-width:325px;\"> <section> <a target=\"_blank\" title=\"@quentin.p.lemarie\" href=\"https:\/\/www.tiktok.com\/@quentin.p.lemarie?refer=embed\">@quentin.p.lemarie<\/a> <p>ARCHIVES DE LA BOITE DE PANDORE <a title=\"0000\" target=\"_blank\" href=\"https:\/\/www.tiktok.com\/tag\/0000?refer=embed\">#0000<\/a> \u00ab La Bo\u00eete de Pandore a refait surface\u2026 et pourrait mener le monde \u00e0 sa perte si elle venait \u00e0 \u00eatre ouverte\u2026 \u00bb  Cinq ans apr\u00e8s sa myst\u00e9rieuse disparition,\u00a0l\u2019arme technologique\u00a0uniquement connue sous le nom de code\u00a0\u00ab Bo\u00eete de Pandore \u00bb\u00a0refait surface dans un train \u00e0 destination de Londres. D\u00e9velopp\u00e9e dans le plus grand secret, son v\u00e9ritable potentiel est inconnu de tous. Agences d\u2019espionnage, organisations criminelles, r\u00e9seaux d\u2019escrocs\u2026 Tous cherchent \u00e0 mettre la main dessus, quel qu\u2019en soit le prix. Pourtant, une mal\u00e9diction la poursuit :\u00a0tous ceux qui entrent en sa possession finissent par mourir. Lorsque\u00a0Peter, simple informaticien, fait la rencontre d\u2019Ana\u00efs, espionne chevronn\u00e9e, \u00e0 bord de l\u2019Eurostar, il ne se doute pas de la course contre la montre qui les attend dans les rues de Londres. Ni de l\u2019\u00e9trange destin qui les lie\u2026 Mais les apparences pourraient bien \u00eatre trompeuses, et de nombreux secrets \u00eatre enfouis au fond de la Bo\u00eete\u2026 Retrouvez mon premier thriller en auto-\u00e9dition le 20 janvier 2024 sur Amazon aux formats broch\u00e9 et num\u00e9rique ! A tr\u00e8s vite&#8230;  <a title=\"livre\" target=\"_blank\" href=\"https:\/\/www.tiktok.com\/tag\/livre?refer=embed\">#livre<\/a> <a title=\"ecriture\" target=\"_blank\" href=\"https:\/\/www.tiktok.com\/tag\/ecriture?refer=embed\">#ecriture<\/a> <a title=\"writing\" target=\"_blank\" href=\"https:\/\/www.tiktok.com\/tag\/writing?refer=embed\">#writing<\/a> <a title=\"autoedition\" target=\"_blank\" href=\"https:\/\/www.tiktok.com\/tag\/autoedition?refer=embed\">#autoedition<\/a> <a title=\"coverreveal\" target=\"_blank\" href=\"https:\/\/www.tiktok.com\/tag\/coverreveal?refer=embed\">#coverreveal<\/a> <a title=\"couverture\" target=\"_blank\" href=\"https:\/\/www.tiktok.com\/tag\/couverture?refer=embed\">#couverture<\/a> <a title=\"booktrailer\" target=\"_blank\" href=\"https:\/\/www.tiktok.com\/tag\/booktrailer?refer=embed\">#booktrailer<\/a> <a title=\"projet\" target=\"_blank\" href=\"https:\/\/www.tiktok.com\/tag\/projet?refer=embed\">#projet<\/a> <a title=\"sortie\" target=\"_blank\" href=\"https:\/\/www.tiktok.com\/tag\/sortie?refer=embed\">#sortie<\/a> <a title=\"thriller\" target=\"_blank\" href=\"https:\/\/www.tiktok.com\/tag\/thriller?refer=embed\">#thriller<\/a> <a title=\"polar\" target=\"_blank\" href=\"https:\/\/www.tiktok.com\/tag\/polar?refer=embed\">#polar<\/a> <a title=\"roman\" target=\"_blank\" href=\"https:\/\/www.tiktok.com\/tag\/roman?refer=embed\">#roman<\/a> <a title=\"book\" target=\"_blank\" href=\"https:\/\/www.tiktok.com\/tag\/book?refer=embed\">#book<\/a> <a title=\"booktok\" target=\"_blank\" href=\"https:\/\/www.tiktok.com\/tag\/booktok?refer=embed\">#booktok<\/a> <a title=\"datereveal\" target=\"_blank\" href=\"https:\/\/www.tiktok.com\/tag\/datereveal?refer=embed\">#datereveal<\/a> <a title=\"datedesortie\" target=\"_blank\" href=\"https:\/\/www.tiktok.com\/tag\/datedesortie?refer=embed\">#datedesortie<\/a> <a title=\"edition\" target=\"_blank\" href=\"https:\/\/www.tiktok.com\/tag\/edition?refer=embed\">#edition<\/a> <\/p> <a target=\"_blank\" title=\"\u266c son original - Quentin P. Lemari\u00e9\" href=\"https:\/\/www.tiktok.com\/music\/son-original-7317256749541608225?refer=embed\">\u266c son original &#8211; Quentin P. Lemari\u00e9<\/a> <\/section> <\/blockquote> <script async src=\"https:\/\/www.tiktok.com\/embed.js\"><\/script>\n<\/div><\/figure>\n<\/div>\n\n\n\n<h2 class=\"wp-block-heading\">Les personnages<\/h2>\n\n\n\n<h6 class=\"wp-block-heading\">Peter et Ana\u00efs<\/h6>\n\n\n\n<div class=\"wp-block-group is-vertical is-content-justification-center is-layout-flex wp-container-core-group-is-layout-ce155fab wp-block-group-is-layout-flex\">\n<div class=\"wp-block-group is-nowrap is-layout-flex wp-container-core-group-is-layout-6c531013 wp-block-group-is-layout-flex\">\n<div class=\"wp-block-buttons is-layout-flex wp-block-buttons-is-layout-flex\">\n<div class=\"wp-block-button\"><a class=\"wp-block-button__link has-base-color has-text-color has-link-color wp-element-button\" href=\"https:\/\/www.tiktok.com\/@quentin.p.lemarie\/video\/7320226273861602592\" target=\"_blank\" rel=\"noreferrer noopener\">Voir sur Tiktok<\/a><\/div>\n\n\n\n<div class=\"wp-block-button\"><a class=\"wp-block-button__link has-base-color has-text-color has-link-color wp-element-button\">Voir sur Instagram<\/a><\/div>\n<\/div>\n<\/div>\n\n\n\n<figure class=\"wp-block-embed is-type-video is-provider-tiktok wp-block-embed-tiktok\"><div class=\"wp-block-embed__wrapper\">\n<blockquote class=\"tiktok-embed\" cite=\"https:\/\/www.tiktok.com\/@quentin.p.lemarie\/video\/7320226273861602592\" data-video-id=\"7320226273861602592\" data-embed-from=\"oembed\" style=\"max-width:605px; min-width:325px;\"> <section> <a target=\"_blank\" title=\"@quentin.p.lemarie\" href=\"https:\/\/www.tiktok.com\/@quentin.p.lemarie?refer=embed\">@quentin.p.lemarie<\/a> <p>ARCHIVES DE LA BO\u00ceTE DE PANDORE <a title=\"0003\" target=\"_blank\" href=\"https:\/\/www.tiktok.com\/tag\/0003?refer=embed\">#0003<\/a>  PETER HOME ET ANA\u00cfS DOR\u00c9  &#8230; Dossiers manquants, reconstitution en cours&#8230;  Peter Home Age : 27 Profession : responsable de la s\u00e9curit\u00e9 informatique d\u2019une banque en ligne. Personnalit\u00e9 : Solitaire, perspicace, arrogant. Comp\u00e9tences particuli\u00e8res : Accro aux d\u00e9ductions, combat au corps-\u00e0-corps. Lien avec la Bo\u00eete de Pandore : Inconnu  Ana\u00efs Dor\u00e9 Age : 28 Profession : Espionne au sein d\u2019une agence de renseignements ind\u00e9pendante. Personnalit\u00e9 : D\u00e9termin\u00e9e, impatiente, protectrice. Comp\u00e9tences particuli\u00e8res : Experte avec les armes \u00e0 feu, combat au corps-\u00e0-corps.  Lien avec la Bo\u00eete de Pandore : A sa poursuite depuis 5 ans.  Pourquoi sont-ils si \u00e9troitement li\u00e9s \u00e0 la Bo\u00eete&#8230; Et entre eux ?  &#8212;&#8211;  Peter et Ana\u00efs sont les deux protagonistes de mon thriller d&rsquo;espionnage Le Jour o\u00f9 la Bo\u00eete s&rsquo;est ouverte, \u00e9dition r\u00e9vis\u00e9e, sortie pr\u00e9vue le 20 janvier 2024 sur Amazon! Retrouvez la galerie de personnages compl\u00e8te sur mon site !  A tr\u00e8s bient\u00f4t !  <a title=\"livre\" target=\"_blank\" href=\"https:\/\/www.tiktok.com\/tag\/livre?refer=embed\">#livre<\/a> <a title=\"ecriture\" target=\"_blank\" href=\"https:\/\/www.tiktok.com\/tag\/ecriture?refer=embed\">#ecriture<\/a> <a title=\"writing\" target=\"_blank\" href=\"https:\/\/www.tiktok.com\/tag\/writing?refer=embed\">#writing<\/a> <a title=\"book\" target=\"_blank\" href=\"https:\/\/www.tiktok.com\/tag\/book?refer=embed\">#book<\/a> <a title=\"autoedition\" target=\"_blank\" href=\"https:\/\/www.tiktok.com\/tag\/autoedition?refer=embed\">#autoedition<\/a> <a title=\"roman\" target=\"_blank\" href=\"https:\/\/www.tiktok.com\/tag\/roman?refer=embed\">#roman<\/a> <a title=\"novel\" target=\"_blank\" href=\"https:\/\/www.tiktok.com\/tag\/novel?refer=embed\">#novel<\/a> <a title=\"thriller\" target=\"_blank\" href=\"https:\/\/www.tiktok.com\/tag\/thriller?refer=embed\">#thriller<\/a> <a title=\"polar\" target=\"_blank\" href=\"https:\/\/www.tiktok.com\/tag\/polar?refer=embed\">#polar<\/a> <a title=\"romance\" target=\"_blank\" href=\"https:\/\/www.tiktok.com\/tag\/romance?refer=embed\">#romance<\/a> <a title=\"espionnage\" target=\"_blank\" href=\"https:\/\/www.tiktok.com\/tag\/espionnage?refer=embed\">#espionnage<\/a> <a title=\"suspense\" target=\"_blank\" href=\"https:\/\/www.tiktok.com\/tag\/suspense?refer=embed\">#suspense<\/a> <a title=\"amazon\" target=\"_blank\" href=\"https:\/\/www.tiktok.com\/tag\/amazon?refer=embed\">#amazon<\/a> <a title=\"kdp\" target=\"_blank\" href=\"https:\/\/www.tiktok.com\/tag\/kdp?refer=embed\">#kdp<\/a> <a title=\"amazonkdp\" target=\"_blank\" href=\"https:\/\/www.tiktok.com\/tag\/amazonkdp?refer=embed\">#amazonkdp<\/a> <a title=\"ai\" target=\"_blank\" href=\"https:\/\/www.tiktok.com\/tag\/ai?refer=embed\">#ai<\/a> <a title=\"ia\" target=\"_blank\" href=\"https:\/\/www.tiktok.com\/tag\/ia?refer=embed\">#ia<\/a> <a title=\"intelligenceartificielle\" target=\"_blank\" href=\"https:\/\/www.tiktok.com\/tag\/intelligenceartificielle?refer=embed\">#intelligenceartificielle<\/a> <a title=\"trailer\" target=\"_blank\" href=\"https:\/\/www.tiktok.com\/tag\/trailer?refer=embed\">#trailer<\/a> <a title=\"booktrailer\" target=\"_blank\" href=\"https:\/\/www.tiktok.com\/tag\/booktrailer?refer=embed\">#booktrailer<\/a> <a title=\"booktok\" target=\"_blank\" href=\"https:\/\/www.tiktok.com\/tag\/booktok?refer=embed\">#booktok<\/a><\/p> <a target=\"_blank\" title=\"\u266c son original - Quentin P. Lemari\u00e9\" href=\"https:\/\/www.tiktok.com\/music\/son-original-7320226366644177696?refer=embed\">\u266c son original &#8211; Quentin P. Lemari\u00e9<\/a> <\/section> <\/blockquote> <script async src=\"https:\/\/www.tiktok.com\/embed.js\"><\/script>\n<\/div><\/figure>\n<\/div>\n\n\n\n<h6 class=\"wp-block-heading\">Le MI-6<\/h6>\n\n\n\n<figure class=\"wp-block-embed is-type-video is-provider-tiktok wp-block-embed-tiktok\"><div class=\"wp-block-embed__wrapper\">\n<blockquote class=\"tiktok-embed\" cite=\"https:\/\/www.tiktok.com\/@quentin.p.lemarie\/video\/7323221459101355297\" data-video-id=\"7323221459101355297\" data-embed-from=\"oembed\" style=\"max-width:605px; min-width:325px;\"> <section> <a target=\"_blank\" title=\"@quentin.p.lemarie\" href=\"https:\/\/www.tiktok.com\/@quentin.p.lemarie?refer=embed\">@quentin.p.lemarie<\/a> <p>ARCHIVES DE LA BO\u00ceTE DE PANDORE <a title=\"0006\" target=\"_blank\" href=\"https:\/\/www.tiktok.com\/tag\/0006?refer=embed\">#0006<\/a> LE MI-6 Le MI-6 constitue le service de renseignements ext\u00e9rieurs britanniques. Indirectement impliqu\u00e9 dans la cr\u00e9ation de la Bo\u00eete de Pandore, la retrouver est une des priorit\u00e9s absolues de ses agents. Lorsque la Bo\u00eete refait surface sur le sol britannique, Edward Marshall, commandant au MI-6, s&rsquo;investit personnellement dans l&rsquo;affaire. Son \u00e9quipe et lui sont pr\u00eats \u00e0 tout pour emp\u00eacher la Bo\u00eete de tomber entre de mauvaises mains&#8230; Mais y parviendront-ils, ou sont-ils eux aussi manipul\u00e9s par ceux qui cherchent \u00e0 s&#8217;emparer de la Bo\u00eete ? &#8212;&#8211; D\u00e9couvrez Edward Marshall, Vinod Singh, Diane Newsham et Lachland Young, quelques personnages de mon thriller d&rsquo;espionnage Le Jour o\u00f9 la Bo\u00eete s&rsquo;est ouverte, \u00e9dition r\u00e9vis\u00e9e, sortie pr\u00e9vue le 20 janvier 2024 sur Amazon! Retrouvez la galerie de personnages compl\u00e8te sur mon site ! A tr\u00e8s bient\u00f4t ! <a title=\"livre\" target=\"_blank\" href=\"https:\/\/www.tiktok.com\/tag\/livre?refer=embed\">#livre<\/a> <a title=\"ecriture\" target=\"_blank\" href=\"https:\/\/www.tiktok.com\/tag\/ecriture?refer=embed\">#ecriture<\/a> <a title=\"writing\" target=\"_blank\" href=\"https:\/\/www.tiktok.com\/tag\/writing?refer=embed\">#writing<\/a> <a title=\"book\" target=\"_blank\" href=\"https:\/\/www.tiktok.com\/tag\/book?refer=embed\">#book<\/a> <a title=\"autoedition\" target=\"_blank\" href=\"https:\/\/www.tiktok.com\/tag\/autoedition?refer=embed\">#autoedition<\/a> <a title=\"roman\" target=\"_blank\" href=\"https:\/\/www.tiktok.com\/tag\/roman?refer=embed\">#roman<\/a> <a title=\"novel\" target=\"_blank\" href=\"https:\/\/www.tiktok.com\/tag\/novel?refer=embed\">#novel<\/a> <a title=\"thriller\" target=\"_blank\" href=\"https:\/\/www.tiktok.com\/tag\/thriller?refer=embed\">#thriller<\/a> <a title=\"polar\" target=\"_blank\" href=\"https:\/\/www.tiktok.com\/tag\/polar?refer=embed\">#polar<\/a> <a title=\"romance\" target=\"_blank\" href=\"https:\/\/www.tiktok.com\/tag\/romance?refer=embed\">#romance<\/a> <a title=\"espionnage\" target=\"_blank\" href=\"https:\/\/www.tiktok.com\/tag\/espionnage?refer=embed\">#espionnage<\/a> <a title=\"suspense\" target=\"_blank\" href=\"https:\/\/www.tiktok.com\/tag\/suspense?refer=embed\">#suspense<\/a> <a title=\"amazon\" target=\"_blank\" href=\"https:\/\/www.tiktok.com\/tag\/amazon?refer=embed\">#amazon<\/a> <a title=\"kdp\" target=\"_blank\" href=\"https:\/\/www.tiktok.com\/tag\/kdp?refer=embed\">#kdp<\/a> <a title=\"amazonkdp\" target=\"_blank\" href=\"https:\/\/www.tiktok.com\/tag\/amazonkdp?refer=embed\">#amazonkdp<\/a> <a title=\"ai\" target=\"_blank\" href=\"https:\/\/www.tiktok.com\/tag\/ai?refer=embed\">#ai<\/a> <a title=\"ia\" target=\"_blank\" href=\"https:\/\/www.tiktok.com\/tag\/ia?refer=embed\">#ia<\/a> <a title=\"intelligenceartificielle\" target=\"_blank\" href=\"https:\/\/www.tiktok.com\/tag\/intelligenceartificielle?refer=embed\">#intelligenceartificielle<\/a> <a title=\"trailer\" target=\"_blank\" href=\"https:\/\/www.tiktok.com\/tag\/trailer?refer=embed\">#trailer<\/a> <a title=\"booktrailer\" target=\"_blank\" href=\"https:\/\/www.tiktok.com\/tag\/booktrailer?refer=embed\">#booktrailer<\/a> <a title=\"booktok\" target=\"_blank\" href=\"https:\/\/www.tiktok.com\/tag\/booktok?refer=embed\">#booktok<\/a> <\/p> <a target=\"_blank\" title=\"\u266c son original - Quentin P. Lemari\u00e9\" href=\"https:\/\/www.tiktok.com\/music\/son-original-7323221472901335841?refer=embed\">\u266c son original &#8211; Quentin P. Lemari\u00e9<\/a> <\/section> <\/blockquote> <script async src=\"https:\/\/www.tiktok.com\/embed.js\"><\/script>\n<\/div><\/figure>\n\n\n\n<h2 class=\"wp-block-heading\">Les extraits vid\u00e9o<\/h2>\n\n\n\n<figure class=\"wp-block-embed is-type-video is-provider-tiktok wp-block-embed-tiktok\"><div class=\"wp-block-embed__wrapper\">\n<blockquote class=\"tiktok-embed\" cite=\"https:\/\/www.tiktok.com\/@quentin.p.lemarie\/video\/7325073198783991072\" data-video-id=\"7325073198783991072\" data-embed-from=\"oembed\" style=\"max-width:605px; min-width:325px;\"> <section> <a target=\"_blank\" title=\"@quentin.p.lemarie\" href=\"https:\/\/www.tiktok.com\/@quentin.p.lemarie?refer=embed\">@quentin.p.lemarie<\/a> <p>ARCHIVES DE LA BO\u00ceTE DE PANDORE <a title=\"0231\" target=\"_blank\" href=\"https:\/\/www.tiktok.com\/tag\/0231?refer=embed\">#0231<\/a> EXTRAIT DES DONN\u00c9ES DE SURVEILLANCE DE BAKER STREET, LONDRES D\u00e9couvrez dans cette vid\u00e9o un court extrait du chapitre 2 de l&rsquo;\u00e9dition r\u00e9vis\u00e9e de mon thriller Le Jour o\u00f9 la Bo\u00eete s&rsquo;est ouverte ! L&rsquo;int\u00e9gralit\u00e9 des 4 premiers chapitres est disponible gratuitement sur mon profil Wattpad ! Suivez le lien dans ma bio pour vous y rendre ! J&rsquo;esp\u00e8re que ces aper\u00e7us vous plairont&#8230; Et si c&rsquo;est le cas, je vous attends le 20 janvier pour ouvrir la Bo\u00eete de Pandore en compagnie d&rsquo;Ana\u00efs et de Peter ! A tr\u00e8s tr\u00e8s bient\u00f4t! QPL <a title=\"livre\" target=\"_blank\" href=\"https:\/\/www.tiktok.com\/tag\/livre?refer=embed\">#livre<\/a> <a title=\"ecriture\" target=\"_blank\" href=\"https:\/\/www.tiktok.com\/tag\/ecriture?refer=embed\">#ecriture<\/a> <a title=\"writing\" target=\"_blank\" href=\"https:\/\/www.tiktok.com\/tag\/writing?refer=embed\">#writing<\/a> <a title=\"autoedition\" target=\"_blank\" href=\"https:\/\/www.tiktok.com\/tag\/autoedition?refer=embed\">#autoedition<\/a> <a title=\"ebook\" target=\"_blank\" href=\"https:\/\/www.tiktok.com\/tag\/ebook?refer=embed\">#ebook<\/a> <a title=\"book\" target=\"_blank\" href=\"https:\/\/www.tiktok.com\/tag\/book?refer=embed\">#book<\/a> <a title=\"romance\" target=\"_blank\" href=\"https:\/\/www.tiktok.com\/tag\/romance?refer=embed\">#romance<\/a> <a title=\"suspense\" target=\"_blank\" href=\"https:\/\/www.tiktok.com\/tag\/suspense?refer=embed\">#suspense<\/a> <a title=\"thriller\" target=\"_blank\" href=\"https:\/\/www.tiktok.com\/tag\/thriller?refer=embed\">#thriller<\/a> <a title=\"espionnage\" target=\"_blank\" href=\"https:\/\/www.tiktok.com\/tag\/espionnage?refer=embed\">#espionnage<\/a> <a title=\"polar\" target=\"_blank\" href=\"https:\/\/www.tiktok.com\/tag\/polar?refer=embed\">#polar<\/a> <a title=\"roman\" target=\"_blank\" href=\"https:\/\/www.tiktok.com\/tag\/roman?refer=embed\">#roman<\/a> <a title=\"amazon\" target=\"_blank\" href=\"https:\/\/www.tiktok.com\/tag\/amazon?refer=embed\">#amazon<\/a> <a title=\"kdp\" target=\"_blank\" href=\"https:\/\/www.tiktok.com\/tag\/kdp?refer=embed\">#kdp<\/a> <a title=\"amazonkdp\" target=\"_blank\" href=\"https:\/\/www.tiktok.com\/tag\/amazonkdp?refer=embed\">#amazonkdp<\/a> <a title=\"wattpad\" target=\"_blank\" href=\"https:\/\/www.tiktok.com\/tag\/wattpad?refer=embed\">#wattpad<\/a> <a title=\"wattpadfrance\" target=\"_blank\" href=\"https:\/\/www.tiktok.com\/tag\/wattpadfrance?refer=embed\">#wattpadfrance<\/a> <a title=\"booktok\" target=\"_blank\" href=\"https:\/\/www.tiktok.com\/tag\/booktok?refer=embed\">#booktok<\/a> <a title=\"booktokfrance\" target=\"_blank\" href=\"https:\/\/www.tiktok.com\/tag\/booktokfrance?refer=embed\">#booktokfrance<\/a> <\/p> <a target=\"_blank\" title=\"\u266c son original - Quentin P. Lemari\u00e9\" href=\"https:\/\/www.tiktok.com\/music\/son-original-7325073269555219232?refer=embed\">\u266c son original &#8211; Quentin P. Lemari\u00e9<\/a> <\/section> <\/blockquote> <script async src=\"https:\/\/www.tiktok.com\/embed.js\"><\/script>\n<\/div><\/figure>\n\n\n\n<hr class=\"wp-block-separator has-alpha-channel-opacity is-style-wide\"\/>\n\n\n\n<div class=\"wp-block-cover\" style=\"min-height:225px;aspect-ratio:unset;\"><span aria-hidden=\"true\" class=\"wp-block-cover__background has-background-dim-20 has-background-dim\"><\/span><img fetchpriority=\"high\" decoding=\"async\" width=\"1024\" height=\"574\" class=\"wp-block-cover__image-background wp-image-461\" alt=\"\" src=\"https:\/\/quentinplemarie.com\/wp-content\/uploads\/2024\/01\/quniting_action_movie_style_backshot_of_a_man_and_a_woman_stand_851b9f31-add5-4a5a-9723-c50d03bbbbd6-1024x574.png\" style=\"object-position:50% 15%\" data-object-fit=\"cover\" data-object-position=\"50% 15%\" srcset=\"https:\/\/quentinplemarie.com\/wp-content\/uploads\/2024\/01\/quniting_action_movie_style_backshot_of_a_man_and_a_woman_stand_851b9f31-add5-4a5a-9723-c50d03bbbbd6-1024x574.png 1024w, https:\/\/quentinplemarie.com\/wp-content\/uploads\/2024\/01\/quniting_action_movie_style_backshot_of_a_man_and_a_woman_stand_851b9f31-add5-4a5a-9723-c50d03bbbbd6-400x224.png 400w, https:\/\/quentinplemarie.com\/wp-content\/uploads\/2024\/01\/quniting_action_movie_style_backshot_of_a_man_and_a_woman_stand_851b9f31-add5-4a5a-9723-c50d03bbbbd6-300x168.png 300w, https:\/\/quentinplemarie.com\/wp-content\/uploads\/2024\/01\/quniting_action_movie_style_backshot_of_a_man_and_a_woman_stand_851b9f31-add5-4a5a-9723-c50d03bbbbd6-768x430.png 768w, https:\/\/quentinplemarie.com\/wp-content\/uploads\/2024\/01\/quniting_action_movie_style_backshot_of_a_man_and_a_woman_stand_851b9f31-add5-4a5a-9723-c50d03bbbbd6.png 1442w\" sizes=\"(max-width: 1024px) 100vw, 1024px\" \/><div class=\"wp-block-cover__inner-container is-layout-flow wp-block-cover-is-layout-flow\">\n<p class=\"has-text-align-center has-large-font-size\">Retour \u00e0 la page du roman<\/p>\n\n\n\n<div class=\"wp-block-buttons is-content-justification-center is-layout-flex wp-container-core-buttons-is-layout-a89b3969 wp-block-buttons-is-layout-flex\">\n<div class=\"wp-block-button is-style-outline is-style-outline--1\"><a class=\"wp-block-button__link wp-element-button\" href=\"https:\/\/quentinplemarie.com\/?page_id=75\">Par ici !<\/a><\/div>\n<\/div>\n<\/div><\/div>\n","protected":false},"excerpt":{"rendered":"<p>Retrouvez ci-dessous quelques vid\u00e9os promotionnelles r\u00e9alis\u00e9es par mes soins et vous en d\u00e9voilant un peu plus sur l&rsquo;univers et les personnages de mon thriller \u00ab\u00a0Le Jour o\u00f9 la Bo\u00eete s&rsquo;est&#8230;<\/p>\n","protected":false},"author":1,"featured_media":0,"parent":0,"menu_order":0,"comment_status":"closed","ping_status":"closed","template":"","meta":{"om_disable_all_campaigns":false,"_monsterinsights_skip_tracking":false,"_monsterinsights_sitenote_active":false,"_monsterinsights_sitenote_note":"","_monsterinsights_sitenote_category":0,"_uf_show_specific_survey":0,"_uf_disable_surveys":false,"_EventAllDay":false,"_EventTimezone":"","_EventStartDate":"","_EventEndDate":"","_EventStartDateUTC":"","_EventEndDateUTC":"","_EventShowMap":false,"_EventShowMapLink":false,"_EventURL":"","_EventCost":"","_EventCostDescription":"","_EventCurrencySymbol":"","_EventCurrencyCode":"","_EventCurrencyPosition":"","_EventDateTimeSeparator":"","_EventTimeRangeSeparator":"","_EventOrganizerID":[],"_EventVenueID":[],"_OrganizerEmail":"","_OrganizerPhone":"","_OrganizerWebsite":"","_VenueAddress":"","_VenueCity":"","_VenueCountry":"","_VenueProvince":"","_VenueState":"","_VenueZip":"","_VenuePhone":"","_VenueURL":"","_VenueStateProvince":"","_VenueLat":"","_VenueLng":"","_VenueShowMap":false,"_VenueShowMapLink":false,"footnotes":""},"class_list":["post-457","page","type-page","status-publish","hentry"],"aioseo_notices":[],"jetpack_sharing_enabled":true,"_links":{"self":[{"href":"https:\/\/quentinplemarie.com\/index.php?rest_route=\/wp\/v2\/pages\/457","targetHints":{"allow":["GET"]}}],"collection":[{"href":"https:\/\/quentinplemarie.com\/index.php?rest_route=\/wp\/v2\/pages"}],"about":[{"href":"https:\/\/quentinplemarie.com\/index.php?rest_route=\/wp\/v2\/types\/page"}],"author":[{"embeddable":true,"href":"https:\/\/quentinplemarie.com\/index.php?rest_route=\/wp\/v2\/users\/1"}],"replies":[{"embeddable":true,"href":"https:\/\/quentinplemarie.com\/index.php?rest_route=%2Fwp%2Fv2%2Fcomments&post=457"}],"version-history":[{"count":6,"href":"https:\/\/quentinplemarie.com\/index.php?rest_route=\/wp\/v2\/pages\/457\/revisions"}],"predecessor-version":[{"id":501,"href":"https:\/\/quentinplemarie.com\/index.php?rest_route=\/wp\/v2\/pages\/457\/revisions\/501"}],"wp:attachment":[{"href":"https:\/\/quentinplemarie.com\/index.php?rest_route=%2Fwp%2Fv2%2Fmedia&parent=457"}],"curies":[{"name":"wp","href":"https:\/\/api.w.org\/{rel}","templated":true}]}}