{"id":584,"date":"2024-06-18T20:45:28","date_gmt":"2024-06-18T18:45:28","guid":{"rendered":"https:\/\/quentinplemarie.com\/?page_id=584"},"modified":"2025-01-03T17:01:08","modified_gmt":"2025-01-03T16:01:08","slug":"le-personarium","status":"publish","type":"page","link":"https:\/\/quentinplemarie.com\/?page_id=584","title":{"rendered":"Le Personarium"},"content":{"rendered":"\n<figure class=\"wp-block-image aligncenter size-large is-resized is-style-default\"><img fetchpriority=\"high\" decoding=\"async\" width=\"752\" height=\"1024\" src=\"https:\/\/quentinplemarie.com\/wp-content\/uploads\/2024\/07\/personarium-mockup-front-only-752x1024.png\" alt=\"\" class=\"wp-image-605\" style=\"width:346px;height:auto\" srcset=\"https:\/\/quentinplemarie.com\/wp-content\/uploads\/2024\/07\/personarium-mockup-front-only-752x1024.png 752w, https:\/\/quentinplemarie.com\/wp-content\/uploads\/2024\/07\/personarium-mockup-front-only-220x300.png 220w, https:\/\/quentinplemarie.com\/wp-content\/uploads\/2024\/07\/personarium-mockup-front-only-768x1046.png 768w, https:\/\/quentinplemarie.com\/wp-content\/uploads\/2024\/07\/personarium-mockup-front-only-1128x1536.png 1128w, https:\/\/quentinplemarie.com\/wp-content\/uploads\/2024\/07\/personarium-mockup-front-only-400x545.png 400w, https:\/\/quentinplemarie.com\/wp-content\/uploads\/2024\/07\/personarium-mockup-front-only.png 1312w\" sizes=\"(max-width: 752px) 100vw, 752px\" \/><figcaption class=\"wp-element-caption\">Couverture : Pauline Gallois Illustrations<\/figcaption><\/figure>\n\n\n\n<h2 class=\"wp-block-heading\">Pr\u00e9sentation du livre<\/h2>\n\n\n\n<p class=\"has-text-align-center\"><strong>Titre : <\/strong>Le Personarium<br><strong>Genre :<\/strong> Fantastique<br><strong>Sous-genre(s) : <\/strong>Science-fiction, fantasy, aventure, suspense<br><strong>Longueur :<\/strong> 552 pages<br><strong>Date de sortie : septembre 2024<\/strong> <br><em><strong>(en pr\u00e9-commande \u00e0 partir du 28 juillet 2024 sur Ulule !)<\/strong><\/em><\/p>\n\n\n\n<p><strong><span style=\"text-decoration: underline;\">R\u00e9sum\u00e9 :<\/span><\/strong><\/p>\n\n\n\n<p class=\"has-text-align-center has-medium-font-size\"><strong><em>\u00ab Le Personarium est un sanctuaire \u00e0 l\u2019intersection des mondes.<\/em><\/strong><br><strong><em>Ceux dont la m\u00e9moire y est conserv\u00e9e ne seront jamais oubli\u00e9s. \u00bb<\/em><\/strong><\/p>\n\n\n\n<p class=\"has-text-align-center\">Lorsqu\u2019un anonyme, \u00e0 l\u2019agonie dans un d\u00e9sert aride, voit se dessiner devant lui les colossales portes du <strong>Personarium<\/strong>, il croit \u00eatre victime d\u2019un mirage. Plong\u00e9 au c\u0153ur d\u2019un d\u00e9dale onirique, des \u0153uvres<strong> <\/strong>\u00e0 l\u2019effigie d\u2019inconnus <strong>le transportent alors vers d\u2019autres contr\u00e9es, d\u2019autres \u00e9poques, d\u2019autres r\u00e9alit\u00e9s.<\/strong><\/p>\n\n\n\n<p class=\"has-text-align-center\">Deux jeunes femmes, \u00e0 Paris pendant la Belle Epoque.<br>Un chevalier et une assassin, au Japon f\u00e9odal.<br>Un scientifique, \u00e0 New York en 2025.<br>Un gar\u00e7on aux pouvoirs surnaturels, dans un futur \u00e0 l\u2019environnement ravag\u00e9.<br><strong>Et tant d\u2019autres destins li\u00e9s, dont les histoires lui sont narr\u00e9es.<\/strong><\/p>\n\n\n\n<p class=\"has-text-align-center\">Mais quel <strong>message<\/strong> le Personarium tente-t-il de lui faire comprendre ? Quel lien existe-t-il entre ce lieu et <strong>son propre pass\u00e9<\/strong> qu\u2019il cherche \u00e0 fuir ? Et qui est le <strong>Conservateur<\/strong>, qui le pourchasse comme une ombre ?<\/p>\n\n\n\n<p class=\"has-text-align-center\"><em>Dans ce recueil de nouvelles m\u00ealant les genres, Quentin P. Lemari\u00e9 joint de nombreux r\u00e9cits in\u00e9dits \u00e0 certaines de ses histoires ayant d\u00e9j\u00e0 rassembl\u00e9 <\/em><strong><em>plusieurs milliers de lecteurs sur Wattpad<\/em><\/strong><em> !<\/em><\/p>\n\n\n\n<hr class=\"wp-block-separator has-alpha-channel-opacity is-style-wide\"\/>\n\n\n\n<h2 class=\"wp-block-heading\">O\u00f9 l&rsquo;acheter ?<\/h2>\n\n\n\n<div class=\"wp-block-group is-content-justification-center is-nowrap is-layout-flex wp-container-core-group-is-layout-23441af8 wp-block-group-is-layout-flex\">\n<div class=\"wp-block-group is-vertical is-content-justification-center is-layout-flex wp-container-core-group-is-layout-73867b6b wp-block-group-is-layout-flex\">\n<p>En version papier ou num\u00e9rique<\/p>\n\n\n\n<div class=\"wp-block-buttons is-layout-flex wp-block-buttons-is-layout-flex\">\n<div class=\"wp-block-button\"><a class=\"wp-block-button__link has-base-color has-text-color has-link-color wp-element-button\" href=\"https:\/\/www.amazon.fr\/Personarium-Quentin-P-Lemari%C3%A9\/dp\/2959142020\" target=\"_blank\" rel=\"noreferrer noopener\">Sur Amazon<\/a><\/div>\n<\/div>\n<\/div>\n\n\n\n<div class=\"wp-block-group is-vertical is-content-justification-center is-layout-flex wp-container-core-group-is-layout-73867b6b wp-block-group-is-layout-flex\">\n<p>En version papier <strong>d\u00e9dicac\u00e9e<\/strong><\/p>\n\n\n\n<div class=\"wp-block-buttons is-layout-flex wp-block-buttons-is-layout-flex\">\n<div class=\"wp-block-button\"><a class=\"wp-block-button__link has-base-color has-text-color has-link-color wp-element-button\" href=\"https:\/\/quentinplemarie.com\/?page_id=5\" target=\"_blank\" rel=\"noreferrer noopener\">Sur ma boutique<\/a><\/div>\n<\/div>\n<\/div>\n<\/div>\n\n\n\n<div class=\"wp-block-group is-vertical is-content-justification-center is-layout-flex wp-container-core-group-is-layout-ce155fab wp-block-group-is-layout-flex\">\n<p class=\"has-text-align-center\">En ao\u00fbt 2024, Personarium a fait l&rsquo;objet d&rsquo;une campagne de pr\u00e9-commande sur Ulule qui a atteint 165% de son objectif initial ! Retrouvez la page de la campagne et ses nombreux bonus ci-dessous :<\/p>\n\n\n\n<div class=\"wp-block-buttons is-layout-flex wp-block-buttons-is-layout-flex\">\n<div class=\"wp-block-button\"><a class=\"wp-block-button__link wp-element-button\" href=\"https:\/\/fr.ulule.com\/le-personarium---recueil-de-nouvelles-fantastiques\/?utm_campaign=presale_191310&amp;utm_source=shared-from-Ulule-project-page-on---http.referer--&amp;utm_medium=uluid_5378474\" target=\"_blank\" rel=\"noreferrer noopener\">Pr\u00e9-commander sur Ulule<\/a><\/div>\n<\/div>\n<\/div>\n\n\n\n<hr class=\"wp-block-separator has-alpha-channel-opacity is-style-wide\"\/>\n\n\n\n<h2 class=\"wp-block-heading\">Les vid\u00e9os du roman<\/h2>\n\n\n\n<div class=\"wp-block-cover\" style=\"min-height:243px;aspect-ratio:unset;\"><span aria-hidden=\"true\" class=\"wp-block-cover__background has-background-dim-20 has-background-dim\"><\/span><img decoding=\"async\" width=\"1447\" height=\"806\" class=\"wp-block-cover__image-background wp-image-277\" alt=\"\" src=\"http:\/\/quentinplemarie.com\/wp-content\/uploads\/2023\/12\/Porte-des-univers-2.png\" data-object-fit=\"cover\" srcset=\"https:\/\/quentinplemarie.com\/wp-content\/uploads\/2023\/12\/Porte-des-univers-2.png 1447w, https:\/\/quentinplemarie.com\/wp-content\/uploads\/2023\/12\/Porte-des-univers-2-400x223.png 400w, https:\/\/quentinplemarie.com\/wp-content\/uploads\/2023\/12\/Porte-des-univers-2-300x167.png 300w, https:\/\/quentinplemarie.com\/wp-content\/uploads\/2023\/12\/Porte-des-univers-2-1024x570.png 1024w, https:\/\/quentinplemarie.com\/wp-content\/uploads\/2023\/12\/Porte-des-univers-2-768x428.png 768w\" sizes=\"(max-width: 1447px) 100vw, 1447px\" \/><div class=\"wp-block-cover__inner-container is-layout-flow wp-block-cover-is-layout-flow\">\n<p class=\"has-text-align-center has-large-font-size\">D\u00e9couvrez les univers du Personarium \u00e0 travers ses vid\u00e9os promotionnelles !<\/p>\n\n\n\n<div class=\"wp-block-buttons is-content-justification-center is-layout-flex wp-container-core-buttons-is-layout-a89b3969 wp-block-buttons-is-layout-flex\">\n<div class=\"wp-block-button is-style-outline is-style-outline--1\"><a class=\"wp-block-button__link wp-element-button\" href=\"https:\/\/quentinplemarie.com\/?page_id=623\" target=\"_blank\" rel=\"noreferrer noopener\">Par ici !<\/a><\/div>\n<\/div>\n<\/div><\/div>\n\n\n\n<hr class=\"wp-block-separator has-alpha-channel-opacity is-style-wide\"\/>\n\n\n\n<h2 class=\"wp-block-heading\">Les histoires du Personarium<\/h2>\n\n\n\n<p>Le Personarium narre le r\u00e9cit d&rsquo;un protagoniste errant dans les m\u00e9andres d&rsquo;un sanctuaire o\u00f9 se trouvent conserv\u00e9s les souvenirs d&rsquo;une quinzaine d&rsquo;illustres (et illustr\u00e9s) personnages, \u00e0 travers autant de nouvelles rassembl\u00e9es dans ce recueil.<\/p>\n\n\n\n<p>D\u00e9couvrez certaines d&rsquo;entre elles (mais pas toutes !) sur Wattpad, dans leur version initiale, avant d&rsquo;avoir \u00e9t\u00e9 remani\u00e9es pour Le Personarium. <strong>Elles y ont d\u00e9j\u00e0 s\u00e9duit plusieurs milliers de lecteurs !<\/strong><\/p>\n\n\n\n<div class=\"wp-block-buttons is-content-justification-center is-layout-flex wp-container-core-buttons-is-layout-a89b3969 wp-block-buttons-is-layout-flex\">\n<div class=\"wp-block-button\"><a class=\"wp-block-button__link wp-element-button\" href=\"https:\/\/quentinplemarie.com\/?page_id=77\" target=\"_blank\" rel=\"noreferrer noopener\">Vers les nouvelles<\/a><\/div>\n<\/div>\n\n\n\n<hr class=\"wp-block-separator has-alpha-channel-opacity is-style-wide\"\/>\n\n\n\n<h2 class=\"wp-block-heading\">Les anecdotes du livre<\/h2>\n\n\n\n<p>A venir&#8230;<\/p>\n\n\n\n<hr class=\"wp-block-separator has-alpha-channel-opacity is-style-wide\"\/>\n\n\n\n<h2 class=\"wp-block-heading\">Les retours des lecteurs<\/h2>\n\n\n\n<div class=\"wp-block-group is-vertical is-content-justification-center is-layout-flex wp-container-core-group-is-layout-ce155fab wp-block-group-is-layout-flex\">\n<p>Retrouvez l&rsquo;avis des lecteurs ayant franchi les portes du Personarium sur les sites ci-dessous !<\/p>\n\n\n\n<div class=\"wp-block-group is-content-justification-center is-nowrap is-layout-flex wp-container-core-group-is-layout-23441af8 wp-block-group-is-layout-flex\">\n<div class=\"wp-block-buttons is-content-justification-center is-layout-flex wp-container-core-buttons-is-layout-a89b3969 wp-block-buttons-is-layout-flex\">\n<div class=\"wp-block-button\"><a class=\"wp-block-button__link wp-element-button\" href=\"https:\/\/www.babelio.com\/livres\/Lemarie-Le-Personarium\/1733847\" target=\"_blank\" rel=\"noreferrer noopener\">Babelio<\/a><\/div>\n<\/div>\n\n\n\n<div class=\"wp-block-buttons is-content-justification-center is-layout-flex wp-container-core-buttons-is-layout-a89b3969 wp-block-buttons-is-layout-flex\">\n<div class=\"wp-block-button\"><a class=\"wp-block-button__link wp-element-button\" href=\"https:\/\/booknode.com\/le_personarium_03594585\" target=\"_blank\" rel=\"noreferrer noopener\">Booknode<\/a><\/div>\n<\/div>\n\n\n\n<div class=\"wp-block-buttons is-content-justification-center is-layout-flex wp-container-core-buttons-is-layout-a89b3969 wp-block-buttons-is-layout-flex\">\n<div class=\"wp-block-button\"><a class=\"wp-block-button__link wp-element-button\" href=\"https:\/\/www.goodreads.com\/book\/show\/219549940-le-personarium\" target=\"_blank\" rel=\"noreferrer noopener\">Goodreads<\/a><\/div>\n<\/div>\n<\/div>\n\n\n\n<div class=\"wp-block-buttons is-layout-flex wp-block-buttons-is-layout-flex\"><\/div>\n\n\n\n<div class=\"wp-block-buttons is-layout-flex wp-block-buttons-is-layout-flex\"><\/div>\n\n\n\n<hr class=\"wp-block-separator has-alpha-channel-opacity is-style-wide\"\/>\n<\/div>\n","protected":false},"excerpt":{"rendered":"<p>Pr\u00e9sentation du livre Titre : Le PersonariumGenre : FantastiqueSous-genre(s) : Science-fiction, fantasy, aventure, suspenseLongueur : 552 pagesDate de sortie : septembre 2024 (en pr\u00e9-commande \u00e0 partir du 28 juillet 2024&#8230;<\/p>\n","protected":false},"author":1,"featured_media":0,"parent":0,"menu_order":0,"comment_status":"closed","ping_status":"closed","template":"","meta":{"om_disable_all_campaigns":false,"_monsterinsights_skip_tracking":false,"_monsterinsights_sitenote_active":false,"_monsterinsights_sitenote_note":"","_monsterinsights_sitenote_category":0,"_uf_show_specific_survey":0,"_uf_disable_surveys":false,"_EventAllDay":false,"_EventTimezone":"","_EventStartDate":"","_EventEndDate":"","_EventStartDateUTC":"","_EventEndDateUTC":"","_EventShowMap":false,"_EventShowMapLink":false,"_EventURL":"","_EventCost":"","_EventCostDescription":"","_EventCurrencySymbol":"","_EventCurrencyCode":"","_EventCurrencyPosition":"","_EventDateTimeSeparator":"","_EventTimeRangeSeparator":"","_EventOrganizerID":[],"_EventVenueID":[],"_OrganizerEmail":"","_OrganizerPhone":"","_OrganizerWebsite":"","_VenueAddress":"","_VenueCity":"","_VenueCountry":"","_VenueProvince":"","_VenueState":"","_VenueZip":"","_VenuePhone":"","_VenueURL":"","_VenueStateProvince":"","_VenueLat":"","_VenueLng":"","_VenueShowMap":false,"_VenueShowMapLink":false,"footnotes":""},"class_list":["post-584","page","type-page","status-publish","hentry"],"aioseo_notices":[],"jetpack_sharing_enabled":true,"_links":{"self":[{"href":"https:\/\/quentinplemarie.com\/index.php?rest_route=\/wp\/v2\/pages\/584","targetHints":{"allow":["GET"]}}],"collection":[{"href":"https:\/\/quentinplemarie.com\/index.php?rest_route=\/wp\/v2\/pages"}],"about":[{"href":"https:\/\/quentinplemarie.com\/index.php?rest_route=\/wp\/v2\/types\/page"}],"author":[{"embeddable":true,"href":"https:\/\/quentinplemarie.com\/index.php?rest_route=\/wp\/v2\/users\/1"}],"replies":[{"embeddable":true,"href":"https:\/\/quentinplemarie.com\/index.php?rest_route=%2Fwp%2Fv2%2Fcomments&post=584"}],"version-history":[{"count":20,"href":"https:\/\/quentinplemarie.com\/index.php?rest_route=\/wp\/v2\/pages\/584\/revisions"}],"predecessor-version":[{"id":695,"href":"https:\/\/quentinplemarie.com\/index.php?rest_route=\/wp\/v2\/pages\/584\/revisions\/695"}],"wp:attachment":[{"href":"https:\/\/quentinplemarie.com\/index.php?rest_route=%2Fwp%2Fv2%2Fmedia&parent=584"}],"curies":[{"name":"wp","href":"https:\/\/api.w.org\/{rel}","templated":true}]}}