{"id":623,"date":"2024-07-23T00:24:06","date_gmt":"2024-07-22T22:24:06","guid":{"rendered":"https:\/\/quentinplemarie.com\/?page_id=623"},"modified":"2024-08-05T15:29:09","modified_gmt":"2024-08-05T13:29:09","slug":"le-personarium-les-videos","status":"publish","type":"page","link":"https:\/\/quentinplemarie.com\/?page_id=623","title":{"rendered":"Le Personarium &#8211; Les vid\u00e9os !"},"content":{"rendered":"\n<p>Retrouvez ici les diff\u00e9rentes vid\u00e9os promotionnelles du Personarium !<\/p>\n\n\n\n<p><em>Note : si toutes les illustrations pr\u00e9sentes dans le livre ont \u00e9t\u00e9 r\u00e9alis\u00e9es par mes soins sans l&rsquo;aide de l&rsquo;intelligence artificielle, certaines images utilis\u00e9es dans les vid\u00e9os ont \u00e9t\u00e9 r\u00e9alis\u00e9es avec le support de Midjourney.<\/em><\/p>\n\n\n\n<hr class=\"wp-block-separator has-alpha-channel-opacity is-style-wide\"\/>\n\n\n\n<h2 class=\"wp-block-heading\">Le Book trailer<\/h2>\n\n\n\n<figure class=\"wp-block-embed is-type-video is-provider-youtube wp-block-embed-youtube wp-embed-aspect-16-9 wp-has-aspect-ratio\"><div class=\"wp-block-embed__wrapper\">\n<iframe title=\"LE PERSONARIUM - BOOK TRAILER\" width=\"500\" height=\"281\" src=\"https:\/\/www.youtube.com\/embed\/oAAuCBTUAX4?start=4&#038;feature=oembed\" frameborder=\"0\" allow=\"accelerometer; autoplay; clipboard-write; encrypted-media; gyroscope; picture-in-picture; web-share\" referrerpolicy=\"strict-origin-when-cross-origin\" allowfullscreen><\/iframe>\n<\/div><\/figure>\n\n\n\n<div class=\"wp-block-buttons is-content-justification-center is-layout-flex wp-container-core-buttons-is-layout-a89b3969 wp-block-buttons-is-layout-flex\">\n<div class=\"wp-block-button\"><a class=\"wp-block-button__link wp-element-button\" href=\"https:\/\/www.instagram.com\/p\/C87WjQ1Kz2U\/\" target=\"_blank\" rel=\"noreferrer noopener\">Voir sur Instagram<\/a><\/div>\n\n\n\n<div class=\"wp-block-button\"><a class=\"wp-block-button__link wp-element-button\" href=\"https:\/\/www.tiktok.com\/@quentin.p.lemarie\/video\/7387426043352632608?_r=1&amp;_t=8i2bagE3ywT\" target=\"_blank\" rel=\"noreferrer noopener\">Voir sur Tiktok<\/a><\/div>\n<\/div>\n\n\n\n<hr class=\"wp-block-separator has-alpha-channel-opacity is-style-wide\"\/>\n\n\n\n<h2 class=\"wp-block-heading\">Les histoires du Personarium<\/h2>\n\n\n\n<h6 class=\"wp-block-heading\">Ceux qui se battent pour la libert\u00e9<\/h6>\n\n\n\n<figure class=\"wp-block-embed is-type-video is-provider-youtube wp-block-embed-youtube wp-embed-aspect-16-9 wp-has-aspect-ratio\"><div class=\"wp-block-embed__wrapper\">\n<iframe title=\"\ud83d\udcda LE PERSONARIUM - CEUX QUI SE BATTENT POUR LA LIBERT\u00c9 \u2728 #booktrailer #amazonkdp #ulule\" width=\"422\" height=\"750\" src=\"https:\/\/www.youtube.com\/embed\/snjMsFpkBoE?feature=oembed\" frameborder=\"0\" allow=\"accelerometer; autoplay; clipboard-write; encrypted-media; gyroscope; picture-in-picture; web-share\" referrerpolicy=\"strict-origin-when-cross-origin\" allowfullscreen><\/iframe>\n<\/div><\/figure>\n\n\n\n<hr class=\"wp-block-separator has-alpha-channel-opacity is-style-wide\"\/>\n\n\n\n<div class=\"wp-block-cover\" style=\"min-height:224px;aspect-ratio:unset;\"><span aria-hidden=\"true\" class=\"wp-block-cover__background has-background-dim\"><\/span><img fetchpriority=\"high\" decoding=\"async\" width=\"768\" height=\"1024\" class=\"wp-block-cover__image-background wp-image-599\" alt=\"\" src=\"http:\/\/quentinplemarie.com\/wp-content\/uploads\/2024\/07\/PERSONARIUM_EBOOK_72_RVB_KOBO-768x1024.jpg\" style=\"object-position:46% 22%\" data-object-fit=\"cover\" data-object-position=\"46% 22%\" srcset=\"https:\/\/quentinplemarie.com\/wp-content\/uploads\/2024\/07\/PERSONARIUM_EBOOK_72_RVB_KOBO-768x1024.jpg 768w, https:\/\/quentinplemarie.com\/wp-content\/uploads\/2024\/07\/PERSONARIUM_EBOOK_72_RVB_KOBO-225x300.jpg 225w, https:\/\/quentinplemarie.com\/wp-content\/uploads\/2024\/07\/PERSONARIUM_EBOOK_72_RVB_KOBO-1152x1536.jpg 1152w, https:\/\/quentinplemarie.com\/wp-content\/uploads\/2024\/07\/PERSONARIUM_EBOOK_72_RVB_KOBO-1536x2048.jpg 1536w, https:\/\/quentinplemarie.com\/wp-content\/uploads\/2024\/07\/PERSONARIUM_EBOOK_72_RVB_KOBO-1320x1760.jpg 1320w, https:\/\/quentinplemarie.com\/wp-content\/uploads\/2024\/07\/PERSONARIUM_EBOOK_72_RVB_KOBO-400x533.jpg 400w, https:\/\/quentinplemarie.com\/wp-content\/uploads\/2024\/07\/PERSONARIUM_EBOOK_72_RVB_KOBO.jpg 1920w\" sizes=\"(max-width: 768px) 100vw, 768px\" \/><div class=\"wp-block-cover__inner-container is-layout-flow wp-block-cover-is-layout-flow\">\n<p class=\"has-text-align-center has-large-font-size\">Retour \u00e0 la page du livre<\/p>\n\n\n\n<div class=\"wp-block-buttons is-content-justification-center is-layout-flex wp-container-core-buttons-is-layout-a89b3969 wp-block-buttons-is-layout-flex\">\n<div class=\"wp-block-button\"><a class=\"wp-block-button__link wp-element-button\" href=\"https:\/\/quentinplemarie.com\/?page_id=584\">Par ici<\/a><\/div>\n<\/div>\n<\/div><\/div>\n","protected":false},"excerpt":{"rendered":"<p>Retrouvez ici les diff\u00e9rentes vid\u00e9os promotionnelles du Personarium ! Note : si toutes les illustrations pr\u00e9sentes dans le livre ont \u00e9t\u00e9 r\u00e9alis\u00e9es par mes soins sans l&rsquo;aide de l&rsquo;intelligence artificielle,&#8230;<\/p>\n","protected":false},"author":1,"featured_media":0,"parent":0,"menu_order":0,"comment_status":"closed","ping_status":"closed","template":"","meta":{"om_disable_all_campaigns":false,"_monsterinsights_skip_tracking":false,"_monsterinsights_sitenote_active":false,"_monsterinsights_sitenote_note":"","_monsterinsights_sitenote_category":0,"_uf_show_specific_survey":0,"_uf_disable_surveys":false,"_EventAllDay":false,"_EventTimezone":"","_EventStartDate":"","_EventEndDate":"","_EventStartDateUTC":"","_EventEndDateUTC":"","_EventShowMap":false,"_EventShowMapLink":false,"_EventURL":"","_EventCost":"","_EventCostDescription":"","_EventCurrencySymbol":"","_EventCurrencyCode":"","_EventCurrencyPosition":"","_EventDateTimeSeparator":"","_EventTimeRangeSeparator":"","_EventOrganizerID":[],"_EventVenueID":[],"_OrganizerEmail":"","_OrganizerPhone":"","_OrganizerWebsite":"","_VenueAddress":"","_VenueCity":"","_VenueCountry":"","_VenueProvince":"","_VenueState":"","_VenueZip":"","_VenuePhone":"","_VenueURL":"","_VenueStateProvince":"","_VenueLat":"","_VenueLng":"","_VenueShowMap":false,"_VenueShowMapLink":false,"footnotes":""},"class_list":["post-623","page","type-page","status-publish","hentry"],"aioseo_notices":[],"jetpack_sharing_enabled":true,"_links":{"self":[{"href":"https:\/\/quentinplemarie.com\/index.php?rest_route=\/wp\/v2\/pages\/623","targetHints":{"allow":["GET"]}}],"collection":[{"href":"https:\/\/quentinplemarie.com\/index.php?rest_route=\/wp\/v2\/pages"}],"about":[{"href":"https:\/\/quentinplemarie.com\/index.php?rest_route=\/wp\/v2\/types\/page"}],"author":[{"embeddable":true,"href":"https:\/\/quentinplemarie.com\/index.php?rest_route=\/wp\/v2\/users\/1"}],"replies":[{"embeddable":true,"href":"https:\/\/quentinplemarie.com\/index.php?rest_route=%2Fwp%2Fv2%2Fcomments&post=623"}],"version-history":[{"count":2,"href":"https:\/\/quentinplemarie.com\/index.php?rest_route=\/wp\/v2\/pages\/623\/revisions"}],"predecessor-version":[{"id":634,"href":"https:\/\/quentinplemarie.com\/index.php?rest_route=\/wp\/v2\/pages\/623\/revisions\/634"}],"wp:attachment":[{"href":"https:\/\/quentinplemarie.com\/index.php?rest_route=%2Fwp%2Fv2%2Fmedia&parent=623"}],"curies":[{"name":"wp","href":"https:\/\/api.w.org\/{rel}","templated":true}]}}