{"id":747,"date":"2025-05-16T08:13:28","date_gmt":"2025-05-16T06:13:28","guid":{"rendered":"https:\/\/quentinplemarie.com\/?page_id=747"},"modified":"2025-05-27T21:57:56","modified_gmt":"2025-05-27T19:57:56","slug":"sous-le-chapiteau-des-cauchemars","status":"publish","type":"page","link":"https:\/\/quentinplemarie.com\/?page_id=747","title":{"rendered":"Sous le chapiteau des cauchemars"},"content":{"rendered":"\n<figure class=\"wp-block-image aligncenter size-large is-resized\"><img fetchpriority=\"high\" decoding=\"async\" width=\"783\" height=\"1024\" src=\"http:\/\/quentinplemarie.com\/wp-content\/uploads\/2025\/05\/cauchemar-Mockup-front-only-e1747572863587-783x1024.png\" alt=\"\" class=\"wp-image-774\" style=\"width:349px;height:auto\" srcset=\"https:\/\/quentinplemarie.com\/wp-content\/uploads\/2025\/05\/cauchemar-Mockup-front-only-e1747572863587-783x1024.png 783w, https:\/\/quentinplemarie.com\/wp-content\/uploads\/2025\/05\/cauchemar-Mockup-front-only-e1747572863587-229x300.png 229w, https:\/\/quentinplemarie.com\/wp-content\/uploads\/2025\/05\/cauchemar-Mockup-front-only-e1747572863587-768x1004.png 768w, https:\/\/quentinplemarie.com\/wp-content\/uploads\/2025\/05\/cauchemar-Mockup-front-only-e1747572863587-1175x1536.png 1175w, https:\/\/quentinplemarie.com\/wp-content\/uploads\/2025\/05\/cauchemar-Mockup-front-only-e1747572863587-1320x1726.png 1320w, https:\/\/quentinplemarie.com\/wp-content\/uploads\/2025\/05\/cauchemar-Mockup-front-only-e1747572863587-400x523.png 400w, https:\/\/quentinplemarie.com\/wp-content\/uploads\/2025\/05\/cauchemar-Mockup-front-only-e1747572863587.png 1366w\" sizes=\"(max-width: 783px) 100vw, 783px\" \/><figcaption class=\"wp-element-caption\">Couverture : \u00a9 Quentin P. Lemari\u00e9<\/figcaption><\/figure>\n\n\n\n<p class=\"has-text-align-center\"><strong>Titre : Sous le chapiteau des cauchemars<br>Genre(s) : <\/strong>fantastique, fantasy urbaine, horreur, historique<strong><br>Nombre de mots : <\/strong>~15000 (64 pages)<strong><br>Date de parution :<br><\/strong>Septembre 2024 (version offerte lors de la campagne Ulule du Personarium)<br>Mai 2025 (\u00e9dition officielle)<\/p>\n\n\n\n<hr class=\"wp-block-separator has-alpha-channel-opacity\"\/>\n\n\n\n<p><strong><span style=\"text-decoration: underline;\">R\u00e9sum\u00e9 :<\/span><\/strong><\/p>\n\n\n\n<p class=\"has-text-align-center\"><strong><strong><em>\u00ab Ici, les chim\u00e8res sont r\u00e9elles, la gravit\u00e9 dispara\u00eet, les pantins prennent vie, les flammes dansent\u2026 \u00bb<\/em><\/strong><br><br><strong>Janvier 1925.<\/strong><br><br><\/strong>Depuis plusieurs d\u00e9cennies,&nbsp;<strong>une troupe de cirque nomade<\/strong>&nbsp;aussi insaisissable qu\u2019un mirage envo\u00fbte l\u2019Europe par leurs tours si incroyables qu\u2019ils en para\u00eessent&#8230;&nbsp;<strong>magiques<\/strong>.<br><br>Un homme, cependant, ne semble pas affect\u00e9 par leurs prodiges venus d\u2019un autre monde.<br><br>Car si&nbsp;<strong>l\u2019inspecteur Gaston Martin<\/strong>&nbsp;assiste \u00e0 la repr\u00e9sentation, c\u2019est pour lever le voile sur&nbsp;<strong>une s\u00e9rie de disparitions<\/strong>&nbsp;d\u2019enfants survenues dans le sillage des saltimbanques.<br><br>Accompagn\u00e9 \u00e0 ses d\u00e9pends de&nbsp;<strong>L\u00e9onie<\/strong>, sa prot\u00e9g\u00e9e, il s\u2019infiltre alors sous le myst\u00e9rieux&nbsp;<strong>chapiteau<\/strong>&nbsp;o\u00f9 se terrent&nbsp;<strong>leurs pires cauchemars<\/strong>&#8230;<strong><br><br><em>\u00ab Sous le chapiteau des cauchemars \u00bb est la 15\u00e8me histoire s\u2019inscrivant dans l\u2019univers du Personarium, recueil de nouvelles fantastiques du m\u00eame auteur !<\/em><\/strong><\/p>\n\n\n\n<hr class=\"wp-block-separator has-alpha-channel-opacity is-style-wide\"\/>\n\n\n\n<h4 class=\"wp-block-heading\"><strong>O\u00f9 l&rsquo;acheter ?<\/strong><\/h4>\n\n\n\n<div class=\"wp-block-group is-content-justification-center is-nowrap is-layout-flex wp-container-core-group-is-layout-23441af8 wp-block-group-is-layout-flex\">\n<div class=\"wp-block-group is-vertical is-content-justification-center is-layout-flex wp-container-core-group-is-layout-ce155fab wp-block-group-is-layout-flex\">\n<p class=\"has-text-align-center\">Au format broch\u00e9 :<\/p>\n\n\n\n<div class=\"wp-block-buttons is-layout-flex wp-block-buttons-is-layout-flex\">\n<div class=\"wp-block-button\"><a class=\"wp-block-button__link wp-element-button\" href=\"https:\/\/quentinplemarie.com\/?page_id=5\" target=\"_blank\" rel=\"noreferrer noopener\">Sur la boutique<\/a><\/div>\n<\/div>\n<\/div>\n\n\n\n<div class=\"wp-block-group is-vertical is-layout-flex wp-container-core-group-is-layout-fe9cc265 wp-block-group-is-layout-flex\">\n<div class=\"wp-block-group is-vertical is-content-justification-center is-layout-flex wp-container-core-group-is-layout-ce155fab wp-block-group-is-layout-flex\">\n<p class=\"has-text-align-center\">Au format num\u00e9rique :<\/p>\n\n\n\n<div class=\"wp-block-buttons is-layout-flex wp-block-buttons-is-layout-flex\">\n<div class=\"wp-block-button\"><a class=\"wp-block-button__link wp-element-button\" href=\"https:\/\/amzn.eu\/d\/1LCL1Mb\" target=\"_blank\" rel=\"noreferrer noopener\">Sur Amazon<\/a><\/div>\n<\/div>\n<\/div>\n<\/div>\n<\/div>\n\n\n\n<hr class=\"wp-block-separator has-alpha-channel-opacity is-style-wide\"\/>\n\n\n\n<p>\u00ab\u00a0Sous le chapiteau des cauchemars\u00a0\u00bb est la 15\u00e8me histoire se d\u00e9roulant dans l&rsquo;univers du Personarium ! D\u00e9couvrez des maintenant l&rsquo;ensemble des mondes conserv\u00e9s derri\u00e8re ses portes myst\u00e9rieuses&#8230;<\/p>\n\n\n\n<div class=\"wp-block-cover\" style=\"min-height:229px;aspect-ratio:unset;\"><span aria-hidden=\"true\" class=\"wp-block-cover__background has-background-dim\"><\/span><img decoding=\"async\" width=\"768\" height=\"1024\" class=\"wp-block-cover__image-background wp-image-599\" alt=\"\" src=\"http:\/\/quentinplemarie.com\/wp-content\/uploads\/2024\/07\/PERSONARIUM_EBOOK_72_RVB_KOBO-768x1024.jpg\" data-object-fit=\"cover\" srcset=\"https:\/\/quentinplemarie.com\/wp-content\/uploads\/2024\/07\/PERSONARIUM_EBOOK_72_RVB_KOBO-768x1024.jpg 768w, https:\/\/quentinplemarie.com\/wp-content\/uploads\/2024\/07\/PERSONARIUM_EBOOK_72_RVB_KOBO-225x300.jpg 225w, https:\/\/quentinplemarie.com\/wp-content\/uploads\/2024\/07\/PERSONARIUM_EBOOK_72_RVB_KOBO-1152x1536.jpg 1152w, https:\/\/quentinplemarie.com\/wp-content\/uploads\/2024\/07\/PERSONARIUM_EBOOK_72_RVB_KOBO-1536x2048.jpg 1536w, https:\/\/quentinplemarie.com\/wp-content\/uploads\/2024\/07\/PERSONARIUM_EBOOK_72_RVB_KOBO-1320x1760.jpg 1320w, https:\/\/quentinplemarie.com\/wp-content\/uploads\/2024\/07\/PERSONARIUM_EBOOK_72_RVB_KOBO-400x533.jpg 400w, https:\/\/quentinplemarie.com\/wp-content\/uploads\/2024\/07\/PERSONARIUM_EBOOK_72_RVB_KOBO.jpg 1920w\" sizes=\"(max-width: 768px) 100vw, 768px\" \/><div class=\"wp-block-cover__inner-container is-layout-flow wp-block-cover-is-layout-flow\">\n<p class=\"has-text-align-center has-large-font-size\">Franchissez les portes du Personarium !<\/p>\n\n\n\n<div class=\"wp-block-buttons is-content-justification-center is-layout-flex wp-container-core-buttons-is-layout-a89b3969 wp-block-buttons-is-layout-flex\">\n<div class=\"wp-block-button\"><a class=\"wp-block-button__link wp-element-button\" href=\"https:\/\/quentinplemarie.com\/?page_id=584\">En savoir plus<\/a><\/div>\n<\/div>\n<\/div><\/div>\n","protected":false},"excerpt":{"rendered":"<p>Titre : Sous le chapiteau des cauchemarsGenre(s) : fantastique, fantasy urbaine, horreur, historiqueNombre de mots : ~15000 (64 pages)Date de parution :Septembre 2024 (version offerte lors de la campagne Ulule&#8230;<\/p>\n","protected":false},"author":1,"featured_media":0,"parent":0,"menu_order":0,"comment_status":"closed","ping_status":"closed","template":"","meta":{"om_disable_all_campaigns":false,"_monsterinsights_skip_tracking":false,"_monsterinsights_sitenote_active":false,"_monsterinsights_sitenote_note":"","_monsterinsights_sitenote_category":0,"_uf_show_specific_survey":0,"_uf_disable_surveys":false,"_EventAllDay":false,"_EventTimezone":"","_EventStartDate":"","_EventEndDate":"","_EventStartDateUTC":"","_EventEndDateUTC":"","_EventShowMap":false,"_EventShowMapLink":false,"_EventURL":"","_EventCost":"","_EventCostDescription":"","_EventCurrencySymbol":"","_EventCurrencyCode":"","_EventCurrencyPosition":"","_EventDateTimeSeparator":"","_EventTimeRangeSeparator":"","_EventOrganizerID":[],"_EventVenueID":[],"_OrganizerEmail":"","_OrganizerPhone":"","_OrganizerWebsite":"","_VenueAddress":"","_VenueCity":"","_VenueCountry":"","_VenueProvince":"","_VenueState":"","_VenueZip":"","_VenuePhone":"","_VenueURL":"","_VenueStateProvince":"","_VenueLat":"","_VenueLng":"","_VenueShowMap":false,"_VenueShowMapLink":false,"footnotes":""},"class_list":["post-747","page","type-page","status-publish","hentry"],"aioseo_notices":[],"jetpack_sharing_enabled":true,"_links":{"self":[{"href":"https:\/\/quentinplemarie.com\/index.php?rest_route=\/wp\/v2\/pages\/747","targetHints":{"allow":["GET"]}}],"collection":[{"href":"https:\/\/quentinplemarie.com\/index.php?rest_route=\/wp\/v2\/pages"}],"about":[{"href":"https:\/\/quentinplemarie.com\/index.php?rest_route=\/wp\/v2\/types\/page"}],"author":[{"embeddable":true,"href":"https:\/\/quentinplemarie.com\/index.php?rest_route=\/wp\/v2\/users\/1"}],"replies":[{"embeddable":true,"href":"https:\/\/quentinplemarie.com\/index.php?rest_route=%2Fwp%2Fv2%2Fcomments&post=747"}],"version-history":[{"count":4,"href":"https:\/\/quentinplemarie.com\/index.php?rest_route=\/wp\/v2\/pages\/747\/revisions"}],"predecessor-version":[{"id":781,"href":"https:\/\/quentinplemarie.com\/index.php?rest_route=\/wp\/v2\/pages\/747\/revisions\/781"}],"wp:attachment":[{"href":"https:\/\/quentinplemarie.com\/index.php?rest_route=%2Fwp%2Fv2%2Fmedia&parent=747"}],"curies":[{"name":"wp","href":"https:\/\/api.w.org\/{rel}","templated":true}]}}