{"id":75,"date":"2023-11-13T13:58:03","date_gmt":"2023-11-13T12:58:03","guid":{"rendered":"https:\/\/quentinplemarie.com\/?page_id=75"},"modified":"2024-02-19T17:27:17","modified_gmt":"2024-02-19T16:27:17","slug":"le-jour-ou-la-boite-sest-ouverte","status":"publish","type":"page","link":"https:\/\/quentinplemarie.com\/?page_id=75","title":{"rendered":"Le Jour o\u00f9 la Bo\u00eete s&rsquo;est ouverte"},"content":{"rendered":"\n<figure class=\"wp-block-image aligncenter size-large is-resized\"><img fetchpriority=\"high\" decoding=\"async\" width=\"747\" height=\"1024\" src=\"https:\/\/quentinplemarie.com\/wp-content\/uploads\/2023\/12\/JBO-Mockup-front-2-747x1024.png\" alt=\"\" class=\"wp-image-319\" style=\"width:381px;height:auto\" srcset=\"https:\/\/quentinplemarie.com\/wp-content\/uploads\/2023\/12\/JBO-Mockup-front-2-747x1024.png 747w, https:\/\/quentinplemarie.com\/wp-content\/uploads\/2023\/12\/JBO-Mockup-front-2-400x548.png 400w, https:\/\/quentinplemarie.com\/wp-content\/uploads\/2023\/12\/JBO-Mockup-front-2-219x300.png 219w, https:\/\/quentinplemarie.com\/wp-content\/uploads\/2023\/12\/JBO-Mockup-front-2-768x1053.png 768w, https:\/\/quentinplemarie.com\/wp-content\/uploads\/2023\/12\/JBO-Mockup-front-2-1120x1536.png 1120w, https:\/\/quentinplemarie.com\/wp-content\/uploads\/2023\/12\/JBO-Mockup-front-2.png 1304w\" sizes=\"(max-width: 747px) 100vw, 747px\" \/><figcaption class=\"wp-element-caption\">Couverture : \u00a9 Quentin P. Lemari\u00e9<\/figcaption><\/figure>\n\n\n\n<h2 class=\"wp-block-heading\">Pr\u00e9sentation du roman<\/h2>\n\n\n\n<p class=\"has-text-align-center\"><strong>Titre : Le Jour o\u00f9 la Bo\u00eete s&rsquo;est ouverte, \u00e9dition r\u00e9vis\u00e9e<\/strong><br><strong>Genre :<\/strong> Thriller<br><strong>Sous-genre(s) : <\/strong>Espionnage, romance, action<br><strong>Longueur :<\/strong> 248 pages<br><strong>Date de sortie : 20 janvier 2024<\/strong><\/p>\n\n\n\n<p><strong><span style=\"text-decoration: underline;\">R\u00e9sum\u00e9 :<\/span><\/strong><\/p>\n\n\n\n<p class=\"has-text-align-center\" style=\"font-size:clamp(0.875rem, 0.875rem + ((1vw - 0.2rem) * 0.773), 1.3rem);\"><em><strong>\u00ab La Bo\u00eete de Pandore a refait surface\u2026 <\/strong><\/em><br><em><strong>et pourrait mener le monde \u00e0 sa perte si elle venait \u00e0 \u00eatre ouverte&#8230; \u00bb<\/strong><\/em><\/p>\n\n\n\n<p>Cinq ans apr\u00e8s sa myst\u00e9rieuse disparition, <strong>l\u2019arme technologique<\/strong> uniquement connue sous le nom de code <strong>\u00ab Bo\u00eete de Pandore \u00bb<\/strong> refait surface dans un train \u00e0 destination de Londres.<br>D\u00e9velopp\u00e9e dans le plus grand secret, son v\u00e9ritable potentiel est inconnu de tous. Agences d\u2019espionnage, organisations criminelles, r\u00e9seaux d\u2019escrocs\u2026 Tous cherchent \u00e0 mettre la main dessus, quel qu\u2019en soit le prix. Pourtant, une mal\u00e9diction la poursuit : <strong>tous ceux qui entrent en sa possession finissent par mourir.<\/strong><br>Lorsque <strong>Peter<\/strong>, informaticien sans histoires, fait la rencontre d\u2019<strong>Ana\u00efs<\/strong>, espionne chevronn\u00e9e, \u00e0 bord de l\u2019Eurostar, il ne se doute pas de la course contre la montre qui les attend dans les rues de Londres. Ni de l\u2019\u00e9trange destin qui les lie&#8230;<br><strong>Mais les apparences pourraient bien \u00eatre trompeuses, et de nombreux secrets \u00eatre enfouis au fond de la Bo\u00eete\u2026<\/strong><\/p>\n\n\n\n<p><em>Dans cette \u00e9dition r\u00e9vis\u00e9e, enrichie et compl\u00e8te de son premier roman, Quentin P. Lemari\u00e9 entra\u00eene le lecteur au c\u0153ur d&rsquo;une course-poursuite haletante et \u00e9poustouflante \u00e0 travers la capitale britannique, o\u00f9 chaque seconde compte&#8230;<\/em><\/p>\n\n\n\n<hr class=\"wp-block-separator has-alpha-channel-opacity is-style-wide\"\/>\n\n\n\n<h2 class=\"wp-block-heading\">O\u00f9 l&rsquo;acheter ?<\/h2>\n\n\n\n<div class=\"wp-block-group is-content-justification-center is-nowrap is-layout-flex wp-container-core-group-is-layout-23441af8 wp-block-group-is-layout-flex\">\n<div class=\"wp-block-group is-vertical is-content-justification-center is-layout-flex wp-container-core-group-is-layout-73867b6b wp-block-group-is-layout-flex\">\n<p>En version papier ou num\u00e9rique<\/p>\n\n\n\n<div class=\"wp-block-buttons is-layout-flex wp-block-buttons-is-layout-flex\">\n<div class=\"wp-block-button\"><a class=\"wp-block-button__link has-base-color has-text-color has-link-color wp-element-button\" href=\"https:\/\/www.amazon.fr\/Jour-Bo%C3%AEte-ouverte-%C3%A9dition-r%C3%A9vis%C3%A9e\/dp\/2959142004\/ref=tmm_pap_swatch_0?_encoding=UTF8&amp;dib_tag=se&amp;dib=eyJ2IjoiMSJ9.KYQLtCVMK5G8Gs1mZxvy9flIRl0jJ_MrDV7IUK2F1kkXVPvBUkzx8CBz9el6nxjAhI9NrEWfXiYF6KKTUyLZPdzRmZdVB9M_NwzTzS-qIhTnBPSkcwi8JtA9bXLuU1VMWj85DGkuGeqjWbwWHVQiyXxhg9aAuJoJNZOzNifuZITp2hw6sm3N6jRkXC9v2fZF0m4E5axPIGUgxwiOljxl_jtEJ8PLTuWY4mNKy9l0nvL83d94LCPIl54OMGdZ0Uqv0_FMJ2FnsUrFFJNFlB8Ml9CYrmCAQaVrrmnFJs2iA_4.n_RBzFFibSvubgvRGG-yIQpAGr4Es3kwQ1knTLAI2LY&amp;qid=1705915059&amp;sr=8-1\" target=\"_blank\" rel=\"noreferrer noopener\">Sur Amazon<\/a><\/div>\n<\/div>\n<\/div>\n\n\n\n<div class=\"wp-block-group is-vertical is-content-justification-center is-layout-flex wp-container-core-group-is-layout-73867b6b wp-block-group-is-layout-flex\">\n<p>En version papier <strong>d\u00e9dicac\u00e9e<\/strong><\/p>\n\n\n\n<div class=\"wp-block-buttons is-layout-flex wp-block-buttons-is-layout-flex\">\n<div class=\"wp-block-button\"><a class=\"wp-block-button__link has-base-color has-text-color has-link-color wp-element-button\" href=\"https:\/\/quentinplemarie.com\/?page_id=5\" target=\"_blank\" rel=\"noreferrer noopener\">Sur ma boutique<\/a><\/div>\n<\/div>\n<\/div>\n<\/div>\n\n\n\n<hr class=\"wp-block-separator has-alpha-channel-opacity is-style-wide\"\/>\n\n\n\n<h2 class=\"wp-block-heading\">Les vid\u00e9os du roman<\/h2>\n\n\n\n<div class=\"wp-block-cover\" style=\"min-height:243px;aspect-ratio:unset;\"><span aria-hidden=\"true\" class=\"wp-block-cover__background has-background-dim-20 has-background-dim\"><\/span><img decoding=\"async\" width=\"1017\" height=\"1017\" class=\"wp-block-cover__image-background wp-image-464\" alt=\"\" src=\"https:\/\/quentinplemarie.com\/wp-content\/uploads\/2024\/01\/Anais-5.png\" style=\"object-position:49% 41%\" data-object-fit=\"cover\" data-object-position=\"49% 41%\" srcset=\"https:\/\/quentinplemarie.com\/wp-content\/uploads\/2024\/01\/Anais-5.png 1017w, https:\/\/quentinplemarie.com\/wp-content\/uploads\/2024\/01\/Anais-5-500x500.png 500w, https:\/\/quentinplemarie.com\/wp-content\/uploads\/2024\/01\/Anais-5-100x100.png 100w, https:\/\/quentinplemarie.com\/wp-content\/uploads\/2024\/01\/Anais-5-400x400.png 400w, https:\/\/quentinplemarie.com\/wp-content\/uploads\/2024\/01\/Anais-5-300x300.png 300w, https:\/\/quentinplemarie.com\/wp-content\/uploads\/2024\/01\/Anais-5-150x150.png 150w, https:\/\/quentinplemarie.com\/wp-content\/uploads\/2024\/01\/Anais-5-768x768.png 768w\" sizes=\"(max-width: 1017px) 100vw, 1017px\" \/><div class=\"wp-block-cover__inner-container is-layout-flow wp-block-cover-is-layout-flow\">\n<p class=\"has-text-align-center has-large-font-size\">D\u00e9couvrez l&rsquo;univers du roman \u00e0 travers ses vid\u00e9os promotionnelles !<\/p>\n\n\n\n<div class=\"wp-block-buttons is-content-justification-center is-layout-flex wp-container-core-buttons-is-layout-a89b3969 wp-block-buttons-is-layout-flex\">\n<div class=\"wp-block-button is-style-outline is-style-outline--1\"><a class=\"wp-block-button__link wp-element-button\" href=\"https:\/\/quentinplemarie.com\/?page_id=457\">Par ici !<\/a><\/div>\n<\/div>\n<\/div><\/div>\n\n\n\n<hr class=\"wp-block-separator has-alpha-channel-opacity is-style-wide\"\/>\n\n\n\n<h2 class=\"wp-block-heading\">Lire un extrait<\/h2>\n\n\n\n<p>D\u00e9couvrez d\u00e8s maintenant les 4 premiers chapitres du roman en <strong>int\u00e9gralit\u00e9<\/strong> et <strong>gratuitement<\/strong> sur Wattpad en suivant lien ci-dessous !<\/p>\n\n\n\n<div class=\"wp-block-buttons is-content-justification-center is-layout-flex wp-container-core-buttons-is-layout-a89b3969 wp-block-buttons-is-layout-flex\">\n<div class=\"wp-block-button\"><a class=\"wp-block-button__link has-base-color has-text-color has-link-color wp-element-button\" href=\"https:\/\/www.wattpad.com\/story\/360682230-le-jour-o%C3%B9-la-bo%C3%AEte-s%27est-ouverte-%C3%A9dition-r%C3%A9vis%C3%A9e\" target=\"_blank\" rel=\"noreferrer noopener\">Les 4 premiers chapitres sur Wattpad !<\/a><\/div>\n<\/div>\n\n\n\n<hr class=\"wp-block-separator has-alpha-channel-opacity is-style-wide\"\/>\n\n\n\n<h2 class=\"wp-block-heading\">Les personnages<\/h2>\n\n\n\n<div class=\"wp-block-cover\" style=\"min-height:255px;aspect-ratio:unset;\"><span aria-hidden=\"true\" class=\"wp-block-cover__background has-background-dim-0 has-background-dim\"><\/span><img decoding=\"async\" width=\"1024\" height=\"578\" class=\"wp-block-cover__image-background wp-image-320\" alt=\"\" src=\"https:\/\/quentinplemarie.com\/wp-content\/uploads\/2023\/12\/quniting_action_movie_style_backshot_of_a_28-year-old_man_and_2_67fec3d8-787f-4ea0-8ed8-227565ae6c96-1024x578.png\" data-object-fit=\"cover\" srcset=\"https:\/\/quentinplemarie.com\/wp-content\/uploads\/2023\/12\/quniting_action_movie_style_backshot_of_a_28-year-old_man_and_2_67fec3d8-787f-4ea0-8ed8-227565ae6c96-1024x578.png 1024w, https:\/\/quentinplemarie.com\/wp-content\/uploads\/2023\/12\/quniting_action_movie_style_backshot_of_a_28-year-old_man_and_2_67fec3d8-787f-4ea0-8ed8-227565ae6c96-400x226.png 400w, https:\/\/quentinplemarie.com\/wp-content\/uploads\/2023\/12\/quniting_action_movie_style_backshot_of_a_28-year-old_man_and_2_67fec3d8-787f-4ea0-8ed8-227565ae6c96-300x169.png 300w, https:\/\/quentinplemarie.com\/wp-content\/uploads\/2023\/12\/quniting_action_movie_style_backshot_of_a_28-year-old_man_and_2_67fec3d8-787f-4ea0-8ed8-227565ae6c96-768x433.png 768w, https:\/\/quentinplemarie.com\/wp-content\/uploads\/2023\/12\/quniting_action_movie_style_backshot_of_a_28-year-old_man_and_2_67fec3d8-787f-4ea0-8ed8-227565ae6c96.png 1451w\" sizes=\"(max-width: 1024px) 100vw, 1024px\" \/><div class=\"wp-block-cover__inner-container is-layout-flow wp-block-cover-is-layout-flow\">\n<p class=\"has-text-align-center has-large-font-size\">D\u00e9couvrez les personnages du roman !<\/p>\n\n\n\n<div class=\"wp-block-buttons is-content-justification-center is-layout-flex wp-container-core-buttons-is-layout-a89b3969 wp-block-buttons-is-layout-flex\">\n<div class=\"wp-block-button is-style-fill\"><a class=\"wp-block-button__link has-base-color has-text-color has-link-color wp-element-button\" href=\"https:\/\/quentinplemarie.com\/?page_id=293\" style=\"border-width:2px\" target=\"_blank\" rel=\"noreferrer noopener\">En savoir plus<\/a><\/div>\n<\/div>\n<\/div><\/div>\n\n\n\n<hr class=\"wp-block-separator has-alpha-channel-opacity is-style-wide\"\/>\n\n\n\n<h2 class=\"wp-block-heading\">Les anecdotes du roman<\/h2>\n\n\n\n<p>A venir&#8230;<\/p>\n\n\n\n<hr class=\"wp-block-separator has-alpha-channel-opacity is-style-wide\"\/>\n\n\n\n<h2 class=\"wp-block-heading\">Les retours des lecteurs<\/h2>\n\n\n\n<p>Vous avez lu le livre ? Encore mieux, vous l&rsquo;avez appr\u00e9ci\u00e9 ? N&rsquo;h\u00e9sitez pas \u00e0 partager votre avis sur votre site pr\u00e9f\u00e9r\u00e9 ! Le Jour o\u00f9 la Bo\u00eete s&rsquo;est ouverte, \u00e9dition r\u00e9vis\u00e9e, est r\u00e9f\u00e9renc\u00e9 partout ! Suivez les liens ci-dessous !<\/p>\n\n\n\n<div class=\"wp-block-buttons is-content-justification-center is-layout-flex wp-container-core-buttons-is-layout-a89b3969 wp-block-buttons-is-layout-flex\">\n<div class=\"wp-block-button is-style-fill\"><a class=\"wp-block-button__link has-base-color has-text-color has-link-color wp-element-button\" href=\"https:\/\/booknode.com\/le_jour_ou_la_boite_sest_ouverte_edition_revisee_03548527\" target=\"_blank\" rel=\"noreferrer noopener\">Booknode<\/a><\/div>\n\n\n\n<div class=\"wp-block-button is-style-fill\"><a class=\"wp-block-button__link has-base-color has-text-color has-link-color wp-element-button\" href=\"https:\/\/www.babelio.com\/livres\/Lemarie-Le-Jour-ou-la-Boite-sest-ouverte-edition-revisee\/1613903\" target=\"_blank\" rel=\"noreferrer noopener\">Babelio<\/a><\/div>\n\n\n\n<div class=\"wp-block-button\"><a class=\"wp-block-button__link has-base-color has-text-color has-link-color wp-element-button\" href=\"https:\/\/www.goodreads.com\/book\/show\/205706744-le-jour-o-la-bo-te-s-est-ouverte-dition-r-vis-e\" target=\"_blank\" rel=\"noreferrer noopener\">Goodreads<\/a><\/div>\n<\/div>\n","protected":false},"excerpt":{"rendered":"<p>Pr\u00e9sentation du roman Titre : Le Jour o\u00f9 la Bo\u00eete s&rsquo;est ouverte, \u00e9dition r\u00e9vis\u00e9eGenre : ThrillerSous-genre(s) : Espionnage, romance, actionLongueur : 248 pagesDate de sortie : 20 janvier 2024 R\u00e9sum\u00e9&#8230;<\/p>\n","protected":false},"author":1,"featured_media":0,"parent":0,"menu_order":0,"comment_status":"closed","ping_status":"closed","template":"","meta":{"om_disable_all_campaigns":false,"_monsterinsights_skip_tracking":false,"_monsterinsights_sitenote_active":false,"_monsterinsights_sitenote_note":"","_monsterinsights_sitenote_category":0,"_uf_show_specific_survey":0,"_uf_disable_surveys":false,"_EventAllDay":false,"_EventTimezone":"","_EventStartDate":"","_EventEndDate":"","_EventStartDateUTC":"","_EventEndDateUTC":"","_EventShowMap":false,"_EventShowMapLink":false,"_EventURL":"","_EventCost":"","_EventCostDescription":"","_EventCurrencySymbol":"","_EventCurrencyCode":"","_EventCurrencyPosition":"","_EventDateTimeSeparator":"","_EventTimeRangeSeparator":"","_EventOrganizerID":[],"_EventVenueID":[],"_OrganizerEmail":"","_OrganizerPhone":"","_OrganizerWebsite":"","_VenueAddress":"","_VenueCity":"","_VenueCountry":"","_VenueProvince":"","_VenueState":"","_VenueZip":"","_VenuePhone":"","_VenueURL":"","_VenueStateProvince":"","_VenueLat":"","_VenueLng":"","_VenueShowMap":false,"_VenueShowMapLink":false,"footnotes":""},"class_list":["post-75","page","type-page","status-publish","hentry"],"aioseo_notices":[],"jetpack_sharing_enabled":true,"_links":{"self":[{"href":"https:\/\/quentinplemarie.com\/index.php?rest_route=\/wp\/v2\/pages\/75","targetHints":{"allow":["GET"]}}],"collection":[{"href":"https:\/\/quentinplemarie.com\/index.php?rest_route=\/wp\/v2\/pages"}],"about":[{"href":"https:\/\/quentinplemarie.com\/index.php?rest_route=\/wp\/v2\/types\/page"}],"author":[{"embeddable":true,"href":"https:\/\/quentinplemarie.com\/index.php?rest_route=\/wp\/v2\/users\/1"}],"replies":[{"embeddable":true,"href":"https:\/\/quentinplemarie.com\/index.php?rest_route=%2Fwp%2Fv2%2Fcomments&post=75"}],"version-history":[{"count":19,"href":"https:\/\/quentinplemarie.com\/index.php?rest_route=\/wp\/v2\/pages\/75\/revisions"}],"predecessor-version":[{"id":536,"href":"https:\/\/quentinplemarie.com\/index.php?rest_route=\/wp\/v2\/pages\/75\/revisions\/536"}],"wp:attachment":[{"href":"https:\/\/quentinplemarie.com\/index.php?rest_route=%2Fwp%2Fv2%2Fmedia&parent=75"}],"curies":[{"name":"wp","href":"https:\/\/api.w.org\/{rel}","templated":true}]}}