{"id":78,"date":"2023-11-13T13:59:42","date_gmt":"2023-11-13T12:59:42","guid":{"rendered":"https:\/\/quentinplemarie.com\/?page_id=78"},"modified":"2025-03-28T22:53:10","modified_gmt":"2025-03-28T21:53:10","slug":"un-coeur-battant-dans-une-cage-de-fer","status":"publish","type":"page","link":"https:\/\/quentinplemarie.com\/?page_id=78","title":{"rendered":"Un c\u0153ur battant dans une cage de fer"},"content":{"rendered":"\n<figure class=\"wp-block-image aligncenter size-full is-resized\"><img fetchpriority=\"high\" decoding=\"async\" width=\"595\" height=\"842\" src=\"https:\/\/quentinplemarie.com\/wp-content\/uploads\/2023\/12\/coeur-battant-v1.png\" alt=\"\" class=\"wp-image-443\" style=\"width:289px;height:auto\" srcset=\"https:\/\/quentinplemarie.com\/wp-content\/uploads\/2023\/12\/coeur-battant-v1.png 595w, https:\/\/quentinplemarie.com\/wp-content\/uploads\/2023\/12\/coeur-battant-v1-400x566.png 400w, https:\/\/quentinplemarie.com\/wp-content\/uploads\/2023\/12\/coeur-battant-v1-212x300.png 212w\" sizes=\"(max-width: 595px) 100vw, 595px\" \/><\/figure>\n\n\n\n<h2 class=\"wp-block-heading\">Pr\u00e9sentation de l&rsquo;histoire<\/h2>\n\n\n\n<p><strong>Titre<\/strong> : Un c\u0153ur battant dans une cage de fer<br><strong>Genre<\/strong> : Steampunk, action<br><strong>Nombre de mots<\/strong> : ~25 000<\/p>\n\n\n\n<p>D\u00e9but du XX\u00e8me si\u00e8cle.<br>Londres est ravag\u00e9e.<br>Une arm\u00e9e d&rsquo;automates cauchemardesques a envahi la ville et a massacr\u00e9 sa population, r\u00e9coltant divers organes sur les cadavres humains pour se les implanter. Jusqu&rsquo;au jour o\u00f9 un robot d\u00e9fectueux se r\u00e9veille avec des souvenirs confus et contradictoires. Echappant au contr\u00f4le de ses pairs, il ignore encore qu&rsquo;il sera l&rsquo;\u00e9l\u00e9ment d\u00e9clencheur d&rsquo;une r\u00e9volution sans pr\u00e9c\u00e9dent&#8230;<\/p>\n\n\n\n<h2 class=\"wp-block-heading\">O\u00f9 la lire ?<\/h2>\n\n\n\n<div class=\"wp-block-buttons is-content-justification-center is-layout-flex wp-container-core-buttons-is-layout-a89b3969 wp-block-buttons-is-layout-flex\">\n<div class=\"wp-block-button\"><a class=\"wp-block-button__link wp-element-button\">Sur Wattpad<\/a><\/div>\n<\/div>\n\n\n\n<h2 class=\"wp-block-heading\">Anecdotes et distinctions<\/h2>\n\n\n\n<h6 class=\"wp-block-heading\">Wattys 2017<\/h6>\n\n\n\n<p><em>\u00ab\u00a0Un coeur battant dans une cage de fer\u00a0\u00bb<\/em> a \u00e9t\u00e9 prim\u00e9e en <strong>2017 <\/strong>par les <strong>Wattys<\/strong>, concours annuel organis\u00e9 par Wattpad France pour r\u00e9compenser les meilleures histoires, dans la cat\u00e9gorie \u00ab\u00a0Nouveaux venus\u00a0\u00bb (histoires publi\u00e9es depuis moins d&rsquo;un an) !<br>Une distinction dont je suis extr\u00eamement fier, et qui a eu pour effet d&rsquo;attirer plusieurs milliers de nouveaux lecteurs dans cet univers steampunk, qui cumule \u00e0 l&rsquo;heure o\u00f9 j&rsquo;\u00e9cris ces lignes environ <strong>13 500 lectures sur Wattpad <\/strong>!<\/p>\n\n\n\n<h2 class=\"wp-block-heading\">Les personnages<\/h2>\n\n\n\n<div class=\"wp-block-cover\" style=\"min-height:253px;aspect-ratio:unset;\"><span aria-hidden=\"true\" class=\"wp-block-cover__background has-background-dim\"><\/span><img decoding=\"async\" width=\"1024\" height=\"1024\" class=\"wp-block-cover__image-background wp-image-445\" alt=\"\" src=\"https:\/\/quentinplemarie.com\/wp-content\/uploads\/2023\/12\/quniting_drawing_of_a_young_blonde_female_steampunk_warrior_dre_6b03945a-3e6c-433c-ade3-b8b8e4ae2894.png\" style=\"object-position:49% 45%\" data-object-fit=\"cover\" data-object-position=\"49% 45%\" srcset=\"https:\/\/quentinplemarie.com\/wp-content\/uploads\/2023\/12\/quniting_drawing_of_a_young_blonde_female_steampunk_warrior_dre_6b03945a-3e6c-433c-ade3-b8b8e4ae2894.png 1024w, https:\/\/quentinplemarie.com\/wp-content\/uploads\/2023\/12\/quniting_drawing_of_a_young_blonde_female_steampunk_warrior_dre_6b03945a-3e6c-433c-ade3-b8b8e4ae2894-500x500.png 500w, https:\/\/quentinplemarie.com\/wp-content\/uploads\/2023\/12\/quniting_drawing_of_a_young_blonde_female_steampunk_warrior_dre_6b03945a-3e6c-433c-ade3-b8b8e4ae2894-100x100.png 100w, https:\/\/quentinplemarie.com\/wp-content\/uploads\/2023\/12\/quniting_drawing_of_a_young_blonde_female_steampunk_warrior_dre_6b03945a-3e6c-433c-ade3-b8b8e4ae2894-400x400.png 400w, https:\/\/quentinplemarie.com\/wp-content\/uploads\/2023\/12\/quniting_drawing_of_a_young_blonde_female_steampunk_warrior_dre_6b03945a-3e6c-433c-ade3-b8b8e4ae2894-300x300.png 300w, https:\/\/quentinplemarie.com\/wp-content\/uploads\/2023\/12\/quniting_drawing_of_a_young_blonde_female_steampunk_warrior_dre_6b03945a-3e6c-433c-ade3-b8b8e4ae2894-150x150.png 150w, https:\/\/quentinplemarie.com\/wp-content\/uploads\/2023\/12\/quniting_drawing_of_a_young_blonde_female_steampunk_warrior_dre_6b03945a-3e6c-433c-ade3-b8b8e4ae2894-768x768.png 768w\" sizes=\"(max-width: 1024px) 100vw, 1024px\" \/><div class=\"wp-block-cover__inner-container is-layout-flow wp-block-cover-is-layout-flow\">\n<p class=\"has-text-align-center has-large-font-size\">D\u00e9couvrez les personnages de l&rsquo;histoire !<\/p>\n\n\n\n<div class=\"wp-block-buttons is-content-justification-center is-layout-flex wp-container-core-buttons-is-layout-a89b3969 wp-block-buttons-is-layout-flex\">\n<div class=\"wp-block-button is-style-outline is-style-outline--1\"><a class=\"wp-block-button__link wp-element-button\" href=\"https:\/\/quentinplemarie.com\/?page_id=412\">Par ici !<\/a><\/div>\n<\/div>\n<\/div><\/div>\n\n\n\n<h2 class=\"wp-block-heading\">De futurs projets ?<\/h2>\n\n\n\n<p>Il est plus que probable que l&rsquo;univers de <em>\u00ab\u00a0Un c\u0153ur battant dans une cage de fer\u00a0\u00bb<\/em> soit de nouveau explor\u00e9, et ce tr\u00e8s prochainement !<\/p>\n\n\n\n<p>N&rsquo;h\u00e9sitez pas \u00e0 me suivre sur les r\u00e9seaux sociaux pour ne louper aucune annonce !<\/p>\n\n\n\n<h2 class=\"wp-block-heading\">Quelques commentaires de lecteurs&#8230;<\/h2>\n\n\n\n<blockquote class=\"wp-block-quote is-layout-flow wp-block-quote-is-layout-flow\">\n<p><em>Je n&rsquo;ai pas l&rsquo;habitude de lire des nouvelles. Pourtant, la tienne a su conqu\u00e9rir mon coeur.<\/em><\/p>\n<cite><strong>MayanneFAuteur<\/strong>, sur Wattpad<\/cite><\/blockquote>\n\n\n\n<blockquote class=\"wp-block-quote is-layout-flow wp-block-quote-is-layout-flow\">\n<p><em>Magnifique! Y a pas de mot assez fort et juste pour d\u00e9crire cette histoire.<\/em><\/p>\n<cite><strong>KeraZK<\/strong>, sur Wattpad<\/cite><\/blockquote>\n\n\n\n<blockquote class=\"wp-block-quote is-layout-flow wp-block-quote-is-layout-flow\">\n<p><em>Pur\u00e9e, c&rsquo;est ouf. L&rsquo;histoire est si belle<\/em><\/p>\n<cite><strong>StoriesbyMael<\/strong>, sur Wattpad<\/cite><\/blockquote>\n\n\n\n<blockquote class=\"wp-block-quote is-layout-flow wp-block-quote-is-layout-flow\">\n<p><em>Cette histoire est bluffante !<\/em><\/p>\n<cite><strong>wastedfeather<\/strong>, sur Wattpad<\/cite><\/blockquote>\n\n\n\n<blockquote class=\"wp-block-quote is-layout-flow wp-block-quote-is-layout-flow\">\n<p><em>J&rsquo;ai vraiment ador\u00e9 cette histoire ! On est happ\u00e9 dans l&rsquo;univers d\u00e8s les premi\u00e8res lignes et tu as un talent certain pour rendre tes personnages attachants en quelques paragraphes \u00e0 peine. Cela vaut tout particuli\u00e8rement pour le robot qui est, peut-\u00eatre de mani\u00e8re un peu contradictoire d&rsquo;ailleurs, un des personnages les plus humains et les mieux r\u00e9ussis que j&rsquo;ai pu croiser sur Wattpad.<\/em> <em>[&#8230;]<\/em><\/p>\n\n\n\n<p><em>Je passais une tr\u00e8s mauvaise journ\u00e9e mais ton histoire m&rsquo;a redonn\u00e9 le sourire, et je dois l&rsquo;admettre, tir\u00e9 une larme ou deux. C&rsquo;est une franche r\u00e9ussite et je suis s\u00fbre et certaine que je la relirais !<\/em><\/p>\n<cite><strong>StrigaViridis<\/strong>, sur Wattpad<\/cite><\/blockquote>\n\n\n\n<p><\/p>\n","protected":false},"excerpt":{"rendered":"<p>Pr\u00e9sentation de l&rsquo;histoire Titre : Un c\u0153ur battant dans une cage de ferGenre : Steampunk, actionNombre de mots : ~25 000 D\u00e9but du XX\u00e8me si\u00e8cle.Londres est ravag\u00e9e.Une arm\u00e9e d&rsquo;automates cauchemardesques&#8230;<\/p>\n","protected":false},"author":1,"featured_media":0,"parent":0,"menu_order":0,"comment_status":"closed","ping_status":"closed","template":"","meta":{"om_disable_all_campaigns":false,"_monsterinsights_skip_tracking":false,"_monsterinsights_sitenote_active":false,"_monsterinsights_sitenote_note":"","_monsterinsights_sitenote_category":0,"_uf_show_specific_survey":0,"_uf_disable_surveys":false,"_EventAllDay":false,"_EventTimezone":"","_EventStartDate":"","_EventEndDate":"","_EventStartDateUTC":"","_EventEndDateUTC":"","_EventShowMap":false,"_EventShowMapLink":false,"_EventURL":"","_EventCost":"","_EventCostDescription":"","_EventCurrencySymbol":"","_EventCurrencyCode":"","_EventCurrencyPosition":"","_EventDateTimeSeparator":"","_EventTimeRangeSeparator":"","_EventOrganizerID":[],"_EventVenueID":[],"_OrganizerEmail":"","_OrganizerPhone":"","_OrganizerWebsite":"","_VenueAddress":"","_VenueCity":"","_VenueCountry":"","_VenueProvince":"","_VenueState":"","_VenueZip":"","_VenuePhone":"","_VenueURL":"","_VenueStateProvince":"","_VenueLat":"","_VenueLng":"","_VenueShowMap":false,"_VenueShowMapLink":false,"footnotes":""},"class_list":["post-78","page","type-page","status-publish","hentry"],"aioseo_notices":[],"jetpack_sharing_enabled":true,"_links":{"self":[{"href":"https:\/\/quentinplemarie.com\/index.php?rest_route=\/wp\/v2\/pages\/78","targetHints":{"allow":["GET"]}}],"collection":[{"href":"https:\/\/quentinplemarie.com\/index.php?rest_route=\/wp\/v2\/pages"}],"about":[{"href":"https:\/\/quentinplemarie.com\/index.php?rest_route=\/wp\/v2\/types\/page"}],"author":[{"embeddable":true,"href":"https:\/\/quentinplemarie.com\/index.php?rest_route=\/wp\/v2\/users\/1"}],"replies":[{"embeddable":true,"href":"https:\/\/quentinplemarie.com\/index.php?rest_route=%2Fwp%2Fv2%2Fcomments&post=78"}],"version-history":[{"count":6,"href":"https:\/\/quentinplemarie.com\/index.php?rest_route=\/wp\/v2\/pages\/78\/revisions"}],"predecessor-version":[{"id":725,"href":"https:\/\/quentinplemarie.com\/index.php?rest_route=\/wp\/v2\/pages\/78\/revisions\/725"}],"wp:attachment":[{"href":"https:\/\/quentinplemarie.com\/index.php?rest_route=%2Fwp%2Fv2%2Fmedia&parent=78"}],"curies":[{"name":"wp","href":"https:\/\/api.w.org\/{rel}","templated":true}]}}