{"id":794,"date":"2025-06-18T13:38:55","date_gmt":"2025-06-18T11:38:55","guid":{"rendered":"https:\/\/quentinplemarie.com\/?page_id=794"},"modified":"2025-11-30T21:48:52","modified_gmt":"2025-11-30T20:48:52","slug":"de-victoria-in-machinas-tome-i-de-fer-et-de-sang","status":"publish","type":"page","link":"https:\/\/quentinplemarie.com\/?page_id=794","title":{"rendered":"De Victoria in Machinas &#8211; Tome I : De Fer et de Sang"},"content":{"rendered":"\n<figure class=\"wp-block-image aligncenter size-large is-resized\"><img fetchpriority=\"high\" decoding=\"async\" width=\"1024\" height=\"787\" src=\"http:\/\/quentinplemarie.com\/wp-content\/uploads\/2025\/06\/DVIM-mockup-broche-1024x787.png\" alt=\"\" class=\"wp-image-787\" style=\"width:628px;height:auto\" srcset=\"https:\/\/quentinplemarie.com\/wp-content\/uploads\/2025\/06\/DVIM-mockup-broche-1024x787.png 1024w, https:\/\/quentinplemarie.com\/wp-content\/uploads\/2025\/06\/DVIM-mockup-broche-300x230.png 300w, https:\/\/quentinplemarie.com\/wp-content\/uploads\/2025\/06\/DVIM-mockup-broche-768x590.png 768w, https:\/\/quentinplemarie.com\/wp-content\/uploads\/2025\/06\/DVIM-mockup-broche-1536x1180.png 1536w, https:\/\/quentinplemarie.com\/wp-content\/uploads\/2025\/06\/DVIM-mockup-broche-2048x1573.png 2048w, https:\/\/quentinplemarie.com\/wp-content\/uploads\/2025\/06\/DVIM-mockup-broche-1320x1014.png 1320w, https:\/\/quentinplemarie.com\/wp-content\/uploads\/2025\/06\/DVIM-mockup-broche-400x307.png 400w\" sizes=\"(max-width: 1024px) 100vw, 1024px\" \/><figcaption class=\"wp-element-caption\">Couverture : Pauline Gallois Illustrations \u00a9<\/figcaption><\/figure>\n\n\n\n<h4 class=\"wp-block-heading\">A propos<\/h4>\n\n\n\n<p class=\"has-text-align-center\"><strong>Genre <\/strong>: Steampunk, action, uchronie, dystopie, romance<br><strong>Nombre de pages<\/strong> : 270<br><strong>Date de sortie <\/strong>:<br>&#8211; En pr\u00e9-commande du 9 ao\u00fbt au 20 septembre 2025 sur Ulule !<br>&#8211; Officiellement disponible \u00e0 partir du 29 novembre 2025 !<\/p>\n\n\n\n<p><strong><span style=\"text-decoration: underline;\">R\u00e9sum\u00e9 :<\/span><\/strong><\/p>\n\n\n\n<p class=\"has-text-align-center\"><em><strong>D\u00e9but du XX\u00e8me si\u00e8cle.<\/strong><\/em><br><em><strong>Londres est ravag\u00e9e. Vici\u00e9e. D\u00e9vast\u00e9e.<\/strong><\/em><\/p>\n\n\n\n<p class=\"has-text-align-center\"><em>Une d\u00e9solation caus\u00e9e par une&nbsp;<strong>arm\u00e9e de machines cauchemardesques&nbsp;<\/strong>qui, non contentes d&rsquo;avoir massacr\u00e9 la population, r\u00e9coltent divers organes sur les cadavres humains pour se les&nbsp;<strong>implanter<\/strong>.&nbsp;Les survivants, contraints de se r\u00e9fugier dans les souterrains abandonn\u00e9s du m\u00e9tro britannique, ont perdu tout espoir de victoire.<\/em><\/p>\n\n\n\n<p class=\"has-text-align-center\"><em>Jusqu&rsquo;au jour o\u00f9 un&nbsp;<strong>robot d\u00e9fectueux<\/strong>&nbsp;s&rsquo;\u00e9veille, tiraill\u00e9 par des souvenirs confus et contradictoires : ceux de la naissance de l&rsquo;automate originel, et ceux d&rsquo;un soldat tomb\u00e9 au combat. \u00c9chappant au contr\u00f4le de ses pairs, sa rencontre avec&nbsp;<strong>Annie, une orpheline \u00e9gar\u00e9e&nbsp;<\/strong>sur les quais de la Tamise pollu\u00e9e, pourrait devenir l&rsquo;\u00e9l\u00e9ment d\u00e9clencheur de la r\u00e9volte des humains&#8230;<\/em><\/p>\n\n\n\n<hr class=\"wp-block-separator has-alpha-channel-opacity is-style-wide\"\/>\n\n\n\n<h4 class=\"wp-block-heading\">O\u00f9 l&rsquo;acheter ?<\/h4>\n\n\n\n<div class=\"wp-block-group is-vertical is-content-justification-center is-layout-flex wp-container-core-group-is-layout-b6c1f246 wp-block-group-is-layout-flex\">\n<p>En pr\u00e9-commande sur Ulule ! (campagne termin\u00e9e&#8230; \u00e0 388% de son objectif !)<\/p>\n\n\n\n<div class=\"wp-block-buttons is-content-justification-center is-layout-flex wp-container-core-buttons-is-layout-a89b3969 wp-block-buttons-is-layout-flex\">\n<div class=\"wp-block-button\"><a class=\"wp-block-button__link wp-element-button\" href=\"https:\/\/fr.ulule.com\/de-victoria-in-machinas---tome-i---de-fer-et-de-sang\/\" target=\"_blank\" rel=\"noreferrer noopener\">Vers la campagne Ulule !<\/a><\/div>\n<\/div>\n\n\n\n<hr class=\"wp-block-separator has-alpha-channel-opacity\"\/>\n\n\n\n<div class=\"wp-block-group is-nowrap is-layout-flex wp-container-core-group-is-layout-6c531013 wp-block-group-is-layout-flex\">\n<div class=\"wp-block-group is-nowrap is-layout-flex wp-container-core-group-is-layout-6c531013 wp-block-group-is-layout-flex\">\n<div class=\"wp-block-group is-vertical is-content-justification-center is-layout-flex wp-container-core-group-is-layout-ce155fab wp-block-group-is-layout-flex\">\n<p>Au format broch\u00e9 sur la boutique !<\/p>\n\n\n\n<div class=\"wp-block-buttons is-layout-flex wp-block-buttons-is-layout-flex\">\n<div class=\"wp-block-button\"><a class=\"wp-block-button__link wp-element-button\" href=\"https:\/\/quentinplemarie.com\/?product=de-victoria-in-machinas-tome-i-de-fer-de-sang-format-broche\" target=\"_blank\" rel=\"noreferrer noopener\">Vers la boutique<\/a><\/div>\n<\/div>\n<\/div>\n\n\n\n<div class=\"wp-block-group is-vertical is-content-justification-center is-layout-flex wp-container-core-group-is-layout-ce155fab wp-block-group-is-layout-flex\">\n<p>Au format num\u00e9rique sur Amazon !<\/p>\n\n\n\n<div class=\"wp-block-buttons is-layout-flex wp-block-buttons-is-layout-flex\">\n<div class=\"wp-block-button\"><a class=\"wp-block-button__link wp-element-button\" href=\"https:\/\/www.amazon.fr\/dp\/B0G4F7BXYD\/ref=sr_1_1?__mk_fr_FR=%C3%85M%C3%85%C5%BD%C3%95%C3%91&amp;crid=3AF3W10CVB8AP&amp;dib=eyJ2IjoiMSJ9.UgkyP8uCdt_bEuAkf4MDPQddqYK7K6c3LWTRKhN_UZ-6aBC8OkHpexHwkIqxGB52tOD3VjJsvNR1MTbG6OOzQxp9f6Xrca5MFL6uaxaJ4nFlmTHaxI4mkf9x8by4W5BEfnHTb9zUhdFOmHsxunWMMytW8uyeeQTsilyxe4kvTluXP7D5WxcfSX0q4Hluf0gakt6I-5FygWYPU949wVf_Gx7ENYN9oZzeP-nFnOH5KqM.vxmYV1CzTloH3Mln8gFeVVNFr8VyOwBfrsZMxAHiA4U&amp;dib_tag=se&amp;keywords=De+Victoria+in+Machinas&amp;qid=1764403971&amp;s=books&amp;sprefix=de+victoria+in+machinas%2Cstripbooks%2C75&amp;sr=1-1\" target=\"_blank\" rel=\"noreferrer noopener\">Vers Amazon<\/a><\/div>\n<\/div>\n<\/div>\n<\/div>\n<\/div>\n<\/div>\n\n\n\n<hr class=\"wp-block-separator has-alpha-channel-opacity is-style-wide\"\/>\n\n\n\n<h4 class=\"wp-block-heading\">Les anecdotes du roman<\/h4>\n\n\n\n<h6 class=\"wp-block-heading\">La g\u00e9n\u00e8se<\/h6>\n\n\n\n<p>De Victoria in Machinas est une trilogie qui puise ses sources dans une histoire courte que j&rsquo;ai publi\u00e9e sur Wattpad en 2017, et qui y a \u00e9t\u00e9 lue par plus de <strong>13500 lecteurs<\/strong> (en plus d&rsquo;y avoir remport\u00e9 les Wattys) : \u00ab\u00a0<em>Un c\u0153ur battant dans une cage de fer<\/em>\u00ab\u00a0. Apprenez-en plus sur cette histoire ci-dessous !<\/p>\n\n\n\n<div class=\"wp-block-buttons is-content-justification-center is-layout-flex wp-container-core-buttons-is-layout-a89b3969 wp-block-buttons-is-layout-flex\">\n<div class=\"wp-block-button\"><a class=\"wp-block-button__link wp-element-button\" href=\"https:\/\/quentinplemarie.com\/?page_id=78\" target=\"_blank\" rel=\"noreferrer noopener\">Un c\u0153ur battant dans une cage de fer<\/a><\/div>\n<\/div>\n\n\n\n<h6 class=\"wp-block-heading\">Une campagne record<\/h6>\n\n\n\n<p>La <strong>campagne Ulule <\/strong>de DVIM T1 s&rsquo;est tenue du 9 ao\u00fbt au 30 septembre 2025 (prolongations incluses) et a explos\u00e9 tous les records ! La campagne a \u00e9t\u00e9 <strong>valid\u00e9e en \u00e0 peine 48h<\/strong>, une <strong>centaine <\/strong>de romans ont \u00e9t\u00e9 pr\u00e9-command\u00e9s (vous imaginez pas le nombre de colis \u00e0 pr\u00e9parer&#8230;) et au total un score de<strong> 388% de l&rsquo;objectif initial<\/strong> a \u00e9t\u00e9 atteint !<br>Autant dire que tous les paliers ont \u00e9t\u00e9 d\u00e9bloqu\u00e9s (beaucoup d&rsquo;am\u00e9liorations pour le format collector : jaspage, m\u00e9tallisations, illustrations, pages de garde&#8230; et de contenu bonus pour tous les contributeurs !).<\/p>\n\n\n\n<hr class=\"wp-block-separator has-alpha-channel-opacity is-style-wide\"\/>\n\n\n\n<h4 class=\"wp-block-heading\">Les personnages<\/h4>\n\n\n\n<p>D\u00e9couvrez les personnages de <strong>De Victoria in Machinas<\/strong> !<\/p>\n\n\n\n<div class=\"wp-block-cover\" style=\"min-height:200px;aspect-ratio:unset;\"><img decoding=\"async\" width=\"724\" height=\"1024\" class=\"wp-block-cover__image-background wp-image-808\" alt=\"\" src=\"https:\/\/quentinplemarie.com\/wp-content\/uploads\/2025\/08\/2025.08.05-DVIM-Annie-resized-724x1024.jpg\" style=\"object-position:53% 36%\" data-object-fit=\"cover\" data-object-position=\"53% 36%\" srcset=\"https:\/\/quentinplemarie.com\/wp-content\/uploads\/2025\/08\/2025.08.05-DVIM-Annie-resized-724x1024.jpg 724w, https:\/\/quentinplemarie.com\/wp-content\/uploads\/2025\/08\/2025.08.05-DVIM-Annie-resized-212x300.jpg 212w, https:\/\/quentinplemarie.com\/wp-content\/uploads\/2025\/08\/2025.08.05-DVIM-Annie-resized-768x1086.jpg 768w, https:\/\/quentinplemarie.com\/wp-content\/uploads\/2025\/08\/2025.08.05-DVIM-Annie-resized-1086x1536.jpg 1086w, https:\/\/quentinplemarie.com\/wp-content\/uploads\/2025\/08\/2025.08.05-DVIM-Annie-resized-1448x2048.jpg 1448w, https:\/\/quentinplemarie.com\/wp-content\/uploads\/2025\/08\/2025.08.05-DVIM-Annie-resized-1320x1867.jpg 1320w, https:\/\/quentinplemarie.com\/wp-content\/uploads\/2025\/08\/2025.08.05-DVIM-Annie-resized-400x566.jpg 400w, https:\/\/quentinplemarie.com\/wp-content\/uploads\/2025\/08\/2025.08.05-DVIM-Annie-resized-scaled.jpg 1810w\" sizes=\"(max-width: 724px) 100vw, 724px\" \/><span aria-hidden=\"true\" class=\"wp-block-cover__background has-background-dim-30 has-background-dim\"><\/span><div class=\"wp-block-cover__inner-container is-layout-flow wp-block-cover-is-layout-flow\">\n<p class=\"has-text-align-center has-large-font-size\">D\u00e9couvrir les personnages de DVIM<\/p>\n\n\n\n<div class=\"wp-block-buttons is-content-justification-center is-layout-flex wp-container-core-buttons-is-layout-a89b3969 wp-block-buttons-is-layout-flex\">\n<div class=\"wp-block-button is-style-outline is-style-outline--1\"><a class=\"wp-block-button__link has-text-align-center wp-element-button\" href=\"https:\/\/quentinplemarie.com\/?page_id=412\" target=\"_blank\" rel=\"noreferrer noopener\">Par ici !<\/a><\/div>\n<\/div>\n<\/div><\/div>\n\n\n\n<hr class=\"wp-block-separator has-alpha-channel-opacity is-style-wide\"\/>\n\n\n\n<h4 class=\"wp-block-heading\">Les vid\u00e9os<\/h4>\n\n\n\n<p>A venir<\/p>\n\n\n\n<hr class=\"wp-block-separator has-alpha-channel-opacity is-style-wide\"\/>\n\n\n\n<h2 class=\"wp-block-heading\">Les retours des lecteurs<\/h2>\n\n\n\n<p>Retrouvez l\u2019avis des lecteurs ayant rejoint la r\u00e9bellion contre les machines sur les sites ci-dessous !<\/p>\n\n\n\n<div class=\"wp-block-group is-content-justification-center is-nowrap is-layout-flex wp-container-core-group-is-layout-23441af8 wp-block-group-is-layout-flex\">\n<div class=\"wp-block-buttons is-layout-flex wp-block-buttons-is-layout-flex\">\n<div class=\"wp-block-button\"><a class=\"wp-block-button__link wp-element-button\" href=\"https:\/\/booknode.com\/de_victoria_in_machinas_tome_1_de_fer_de_sang_03677491\" target=\"_blank\" rel=\"noreferrer noopener\">Booknode<\/a><\/div>\n<\/div>\n\n\n\n<div class=\"wp-block-buttons is-layout-flex wp-block-buttons-is-layout-flex\">\n<div class=\"wp-block-button\"><a class=\"wp-block-button__link wp-element-button\">Babelio<\/a><\/div>\n<\/div>\n\n\n\n<div class=\"wp-block-buttons is-layout-flex wp-block-buttons-is-layout-flex\">\n<div class=\"wp-block-button\"><a class=\"wp-block-button__link wp-element-button\" href=\"https:\/\/www.goodreads.com\/book\/show\/244549885-de-victoria-in-machinas---tome-i?ac=1&amp;from_search=true&amp;qid=7uAXOA0mpP&amp;rank=1#CommunityReviews\" target=\"_blank\" rel=\"noreferrer noopener\">Goodreads<\/a><\/div>\n<\/div>\n<\/div>\n\n\n\n<p><\/p>\n","protected":false},"excerpt":{"rendered":"<p>A propos Genre : Steampunk, action, uchronie, dystopie, romanceNombre de pages : 270Date de sortie :&#8211; En pr\u00e9-commande du 9 ao\u00fbt au 20 septembre 2025 sur Ulule !&#8211; Officiellement disponible&#8230;<\/p>\n","protected":false},"author":1,"featured_media":0,"parent":0,"menu_order":0,"comment_status":"closed","ping_status":"closed","template":"","meta":{"om_disable_all_campaigns":false,"_monsterinsights_skip_tracking":false,"_monsterinsights_sitenote_active":false,"_monsterinsights_sitenote_note":"","_monsterinsights_sitenote_category":0,"_uf_show_specific_survey":0,"_uf_disable_surveys":false,"_EventAllDay":false,"_EventTimezone":"","_EventStartDate":"","_EventEndDate":"","_EventStartDateUTC":"","_EventEndDateUTC":"","_EventShowMap":false,"_EventShowMapLink":false,"_EventURL":"","_EventCost":"","_EventCostDescription":"","_EventCurrencySymbol":"","_EventCurrencyCode":"","_EventCurrencyPosition":"","_EventDateTimeSeparator":"","_EventTimeRangeSeparator":"","_EventOrganizerID":[],"_EventVenueID":[],"_OrganizerEmail":"","_OrganizerPhone":"","_OrganizerWebsite":"","_VenueAddress":"","_VenueCity":"","_VenueCountry":"","_VenueProvince":"","_VenueState":"","_VenueZip":"","_VenuePhone":"","_VenueURL":"","_VenueStateProvince":"","_VenueLat":"","_VenueLng":"","_VenueShowMap":false,"_VenueShowMapLink":false,"footnotes":""},"class_list":["post-794","page","type-page","status-publish","hentry"],"aioseo_notices":[],"jetpack_sharing_enabled":true,"_links":{"self":[{"href":"https:\/\/quentinplemarie.com\/index.php?rest_route=\/wp\/v2\/pages\/794","targetHints":{"allow":["GET"]}}],"collection":[{"href":"https:\/\/quentinplemarie.com\/index.php?rest_route=\/wp\/v2\/pages"}],"about":[{"href":"https:\/\/quentinplemarie.com\/index.php?rest_route=\/wp\/v2\/types\/page"}],"author":[{"embeddable":true,"href":"https:\/\/quentinplemarie.com\/index.php?rest_route=\/wp\/v2\/users\/1"}],"replies":[{"embeddable":true,"href":"https:\/\/quentinplemarie.com\/index.php?rest_route=%2Fwp%2Fv2%2Fcomments&post=794"}],"version-history":[{"count":8,"href":"https:\/\/quentinplemarie.com\/index.php?rest_route=\/wp\/v2\/pages\/794\/revisions"}],"predecessor-version":[{"id":883,"href":"https:\/\/quentinplemarie.com\/index.php?rest_route=\/wp\/v2\/pages\/794\/revisions\/883"}],"wp:attachment":[{"href":"https:\/\/quentinplemarie.com\/index.php?rest_route=%2Fwp%2Fv2%2Fmedia&parent=794"}],"curies":[{"name":"wp","href":"https:\/\/api.w.org\/{rel}","templated":true}]}}