{"id":643,"date":"2024-09-28T11:46:41","date_gmt":"2024-09-28T09:46:41","guid":{"rendered":"https:\/\/quentinplemarie.com\/?post_type=product&#038;p=643"},"modified":"2025-05-18T14:43:00","modified_gmt":"2025-05-18T12:43:00","slug":"le-personarium-format-papier-dedicace","status":"publish","type":"product","link":"https:\/\/quentinplemarie.com\/?product=le-personarium-format-papier-dedicace","title":{"rendered":"Le Personarium (format broch\u00e9 d\u00e9dicac\u00e9)"},"content":{"rendered":"<p>D\u00e9couvrez Le Personarium, projet \u00e0 la fronti\u00e8re entre recueil de nouvelles et roman, <strong>au format broch\u00e9<\/strong>, avec, si vous le souhaitez, une\u00a0<strong>d\u00e9dicace<\/strong> pour la personne de votre choix !<\/p>\n<p><strong>Si vous souhaitez une d\u00e9dicace, merci d\u2019indiquer le nom de la personne \u00e0 qui elle doit s\u2019adresser en commentaire au moment de votre commande ! (par d\u00e9faut, j\u2019\u00e9crirai une d\u00e9dicace pour la personne passant la commande !)<\/strong><\/p>\n<hr \/>\n<p><strong>R\u00e9sum\u00e9 :<\/strong><\/p>\n<p><strong><em><span class=\"a-text-bold a-text-italic\">\u00ab Le Personarium est un sanctuaire \u00e0 l\u2019intersection des mondes.<br \/>\nCeux dont la m\u00e9moire y est conserv\u00e9e ne seront jamais oubli\u00e9s. \u00bb<\/span><\/em><\/strong><\/p>\n<p>Lorsqu\u2019un anonyme, \u00e0 l\u2019agonie dans un d\u00e9sert aride, voit se dessiner devant lui les colossales portes du\u00a0<strong><span class=\"a-text-bold\">Personarium<\/span><\/strong>, il croit \u00eatre victime d\u2019un mirage. Plong\u00e9 au c\u0153ur d\u2019un\u00a0<strong><span class=\"a-text-bold\">d\u00e9dale onirique<\/span><\/strong>, des \u0153uvres \u00e0 l\u2019effigie d\u2019inconnus le transportent alors vers\u00a0<strong><span class=\"a-text-bold\">d\u2019autres contr\u00e9es, d\u2019autres \u00e9poques, d\u2019autres r\u00e9alit\u00e9s<\/span><\/strong>.<\/p>\n<p>Deux jeunes femmes, \u00e0 Paris pendant la Belle Epoque.<br \/>\nUn chevalier et une assassin, au Japon f\u00e9odal.<br \/>\nUn scientifique, \u00e0 New York en 2025.<br \/>\nUn gar\u00e7on aux pouvoirs surnaturels, dans un futur \u00e0 l\u2019environnement ravag\u00e9.<br \/>\n<strong><span class=\"a-text-bold\">Et tant d\u2019autres destins li\u00e9s, dont les histoires lui sont narr\u00e9es.<\/span><\/strong><\/p>\n<p>Mais quel\u00a0<strong><span class=\"a-text-bold\">message<\/span><\/strong>\u00a0le Personarium tente-t-il de lui faire comprendre ? Quel lien existe-t-il entre ce lieu et son propre\u00a0<strong><span class=\"a-text-bold\">pass\u00e9<\/span><\/strong>\u00a0qu\u2019il cherche \u00e0 fuir ? Et qui est le\u00a0<strong><span class=\"a-text-bold\">Conservateur<\/span><\/strong>, qui le pourchasse comme une ombre ?<\/p>\n<p><em><span class=\"a-text-italic\">Dans ce recueil m\u00ealant les genres, toutes les nouvelles sont connect\u00e9es au sein d&rsquo;une grande histoire fil rouge. Quentin P. Lemari\u00e9 y joint ainsi de nombreux r\u00e9cits in\u00e9dits \u00e0 certaines de ses histoires ayant d\u00e9j\u00e0 rassembl\u00e9 plusieurs milliers de lecteurs sur Wattpad, le tout agr\u00e9ment\u00e9 <strong>d&rsquo;illustrations de l&rsquo;auteur<\/strong> !<\/span><\/em><\/p>\n<hr \/>\n<p>Retrouvez des extraits, vid\u00e9os, anecdotes et avis de lecteurs sur la <a href=\"https:\/\/quentinplemarie.com\/?page_id=584\"><strong>page d\u00e9di\u00e9e au livre<\/strong><\/a> !<\/p>\n","protected":false},"excerpt":{"rendered":"<p>D\u00e9couvrez Le Personarium, projet \u00e0 la fronti\u00e8re entre recueil de nouvelles et roman, <strong>au format broch\u00e9<\/strong>, avec, si vous le souhaitez, une\u00a0<strong>d\u00e9dicace<\/strong>\u00a0pour la personne de votre choix !<\/p>\n","protected":false},"featured_media":616,"comment_status":"open","ping_status":"closed","template":"","meta":{"om_disable_all_campaigns":false,"_monsterinsights_skip_tracking":false,"_monsterinsights_sitenote_active":false,"_monsterinsights_sitenote_note":"","_monsterinsights_sitenote_category":0,"_uf_show_specific_survey":0,"_uf_disable_surveys":false,"_EventAllDay":false,"_EventTimezone":"","_EventStartDate":"","_EventEndDate":"","_EventStartDateUTC":"","_EventEndDateUTC":"","_EventShowMap":false,"_EventShowMapLink":false,"_EventURL":"","_EventCost":"","_EventCostDescription":"","_EventCurrencySymbol":"","_EventCurrencyCode":"","_EventCurrencyPosition":"","_EventDateTimeSeparator":"","_EventTimeRangeSeparator":"","_EventOrganizerID":[],"_EventVenueID":[],"_OrganizerEmail":"","_OrganizerPhone":"","_OrganizerWebsite":"","_VenueAddress":"","_VenueCity":"","_VenueCountry":"","_VenueProvince":"","_VenueState":"","_VenueZip":"","_VenuePhone":"","_VenueURL":"","_VenueStateProvince":"","_VenueLat":"","_VenueLng":"","_VenueShowMap":false,"_VenueShowMapLink":false},"product_brand":[],"product_cat":[27],"product_tag":[],"class_list":{"0":"post-643","1":"product","2":"type-product","3":"status-publish","4":"has-post-thumbnail","6":"product_cat-imaginaire","7":"product_shipping_class-livre","9":"first","10":"instock","11":"shipping-taxable","12":"purchasable","13":"product-type-simple"},"aioseo_notices":[],"jetpack_sharing_enabled":true,"_links":{"self":[{"href":"https:\/\/quentinplemarie.com\/index.php?rest_route=\/wp\/v2\/product\/643","targetHints":{"allow":["GET"]}}],"collection":[{"href":"https:\/\/quentinplemarie.com\/index.php?rest_route=\/wp\/v2\/product"}],"about":[{"href":"https:\/\/quentinplemarie.com\/index.php?rest_route=\/wp\/v2\/types\/product"}],"replies":[{"embeddable":true,"href":"https:\/\/quentinplemarie.com\/index.php?rest_route=%2Fwp%2Fv2%2Fcomments&post=643"}],"wp:featuredmedia":[{"embeddable":true,"href":"https:\/\/quentinplemarie.com\/index.php?rest_route=\/wp\/v2\/media\/616"}],"wp:attachment":[{"href":"https:\/\/quentinplemarie.com\/index.php?rest_route=%2Fwp%2Fv2%2Fmedia&parent=643"}],"wp:term":[{"taxonomy":"product_brand","embeddable":true,"href":"https:\/\/quentinplemarie.com\/index.php?rest_route=%2Fwp%2Fv2%2Fproduct_brand&post=643"},{"taxonomy":"product_cat","embeddable":true,"href":"https:\/\/quentinplemarie.com\/index.php?rest_route=%2Fwp%2Fv2%2Fproduct_cat&post=643"},{"taxonomy":"product_tag","embeddable":true,"href":"https:\/\/quentinplemarie.com\/index.php?rest_route=%2Fwp%2Fv2%2Fproduct_tag&post=643"}],"curies":[{"name":"wp","href":"https:\/\/api.w.org\/{rel}","templated":true}]}}