{"id":738,"date":"2025-05-17T21:44:14","date_gmt":"2025-05-17T19:44:14","guid":{"rendered":"https:\/\/quentinplemarie.com\/?post_type=product&#038;p=738"},"modified":"2025-05-18T14:44:23","modified_gmt":"2025-05-18T12:44:23","slug":"illustrations-du-personarium-prints-format-a5","status":"publish","type":"product","link":"https:\/\/quentinplemarie.com\/?product=illustrations-du-personarium-prints-format-a5","title":{"rendered":"Illustrations du Personarium (prints format A5)"},"content":{"rendered":"<p>Retrouvez <strong>les illustrations du Personarium au format A5 sur un <span style=\"text-decoration: underline;\">magnifique papier nacr\u00e9<\/span><\/strong> qui vous transportera imm\u00e9diatement \u00e0 travers les histoires qui sont contenues dans chacun de ces portraits !<\/p>\n<p><span style=\"text-decoration: underline;\"><strong>8 illustrations sont disponibles :<\/strong><\/span><\/p>\n<p><img fetchpriority=\"high\" decoding=\"async\" class=\"alignnone wp-image-767\" src=\"http:\/\/quentinplemarie.com\/wp-content\/uploads\/2025\/05\/Sans-titre-1350-x-1080-px-1500-x-1080-px_20250517_232757_0000-300x216.png\" alt=\"\" width=\"482\" height=\"347\" srcset=\"https:\/\/quentinplemarie.com\/wp-content\/uploads\/2025\/05\/Sans-titre-1350-x-1080-px-1500-x-1080-px_20250517_232757_0000-300x216.png 300w, https:\/\/quentinplemarie.com\/wp-content\/uploads\/2025\/05\/Sans-titre-1350-x-1080-px-1500-x-1080-px_20250517_232757_0000-1024x737.png 1024w, https:\/\/quentinplemarie.com\/wp-content\/uploads\/2025\/05\/Sans-titre-1350-x-1080-px-1500-x-1080-px_20250517_232757_0000-768x553.png 768w, https:\/\/quentinplemarie.com\/wp-content\/uploads\/2025\/05\/Sans-titre-1350-x-1080-px-1500-x-1080-px_20250517_232757_0000-1320x950.png 1320w, https:\/\/quentinplemarie.com\/wp-content\/uploads\/2025\/05\/Sans-titre-1350-x-1080-px-1500-x-1080-px_20250517_232757_0000-400x288.png 400w, https:\/\/quentinplemarie.com\/wp-content\/uploads\/2025\/05\/Sans-titre-1350-x-1080-px-1500-x-1080-px_20250517_232757_0000.png 1500w\" sizes=\"(max-width: 482px) 100vw, 482px\" \/><\/p>\n<ol>\n<li style=\"text-align: left;\"><strong>Le Talisman de Calypso<\/strong><\/li>\n<li style=\"text-align: left;\"><strong>Les yeux ferm\u00e9s<\/strong><\/li>\n<li style=\"text-align: left;\"><strong>La machine \u00e0 voyager dans le temps<\/strong><\/li>\n<li style=\"text-align: left;\"><strong>Eagleman<\/strong><\/li>\n<li style=\"text-align: left;\"><strong>Si<\/strong><\/li>\n<li style=\"text-align: left;\"><strong>En attendant l&rsquo;aube<\/strong><\/li>\n<li style=\"text-align: left;\"><strong>Leo<\/strong><\/li>\n<li style=\"text-align: left;\"><strong>Le Personarium (fil rouge)<\/strong><\/li>\n<\/ol>\n","protected":false},"excerpt":{"rendered":"<p>Retrouvez les illustrations du Personarium au format A5 sur un magnifique papier nacr\u00e9 qui vous transportera imm\u00e9diatement \u00e0 travers les histoires qui sont contenues dans chacun de ces portraits !&#8230;<\/p>\n","protected":false},"featured_media":766,"comment_status":"open","ping_status":"closed","template":"","meta":{"om_disable_all_campaigns":false,"_monsterinsights_skip_tracking":false,"_monsterinsights_sitenote_active":false,"_monsterinsights_sitenote_note":"","_monsterinsights_sitenote_category":0,"_uf_show_specific_survey":0,"_uf_disable_surveys":false,"_EventAllDay":false,"_EventTimezone":"","_EventStartDate":"","_EventEndDate":"","_EventStartDateUTC":"","_EventEndDateUTC":"","_EventShowMap":false,"_EventShowMapLink":false,"_EventURL":"","_EventCost":"","_EventCostDescription":"","_EventCurrencySymbol":"","_EventCurrencyCode":"","_EventCurrencyPosition":"","_EventDateTimeSeparator":"","_EventTimeRangeSeparator":"","_EventOrganizerID":[],"_EventVenueID":[],"_OrganizerEmail":"","_OrganizerPhone":"","_OrganizerWebsite":"","_VenueAddress":"","_VenueCity":"","_VenueCountry":"","_VenueProvince":"","_VenueState":"","_VenueZip":"","_VenuePhone":"","_VenueURL":"","_VenueStateProvince":"","_VenueLat":"","_VenueLng":"","_VenueShowMap":false,"_VenueShowMapLink":false},"product_brand":[],"product_cat":[32,27],"product_tag":[],"class_list":{"0":"post-738","1":"product","2":"type-product","3":"status-publish","4":"has-post-thumbnail","6":"product_cat-illustrations","7":"product_cat-imaginaire","8":"product_shipping_class-illustrations","10":"first","11":"instock","12":"shipping-taxable","13":"purchasable","14":"product-type-variable"},"aioseo_notices":[],"jetpack_sharing_enabled":true,"_links":{"self":[{"href":"https:\/\/quentinplemarie.com\/index.php?rest_route=\/wp\/v2\/product\/738","targetHints":{"allow":["GET"]}}],"collection":[{"href":"https:\/\/quentinplemarie.com\/index.php?rest_route=\/wp\/v2\/product"}],"about":[{"href":"https:\/\/quentinplemarie.com\/index.php?rest_route=\/wp\/v2\/types\/product"}],"replies":[{"embeddable":true,"href":"https:\/\/quentinplemarie.com\/index.php?rest_route=%2Fwp%2Fv2%2Fcomments&post=738"}],"wp:featuredmedia":[{"embeddable":true,"href":"https:\/\/quentinplemarie.com\/index.php?rest_route=\/wp\/v2\/media\/766"}],"wp:attachment":[{"href":"https:\/\/quentinplemarie.com\/index.php?rest_route=%2Fwp%2Fv2%2Fmedia&parent=738"}],"wp:term":[{"taxonomy":"product_brand","embeddable":true,"href":"https:\/\/quentinplemarie.com\/index.php?rest_route=%2Fwp%2Fv2%2Fproduct_brand&post=738"},{"taxonomy":"product_cat","embeddable":true,"href":"https:\/\/quentinplemarie.com\/index.php?rest_route=%2Fwp%2Fv2%2Fproduct_cat&post=738"},{"taxonomy":"product_tag","embeddable":true,"href":"https:\/\/quentinplemarie.com\/index.php?rest_route=%2Fwp%2Fv2%2Fproduct_tag&post=738"}],"curies":[{"name":"wp","href":"https:\/\/api.w.org\/{rel}","templated":true}]}}