{"id":749,"date":"2025-05-16T08:24:36","date_gmt":"2025-05-16T06:24:36","guid":{"rendered":"https:\/\/quentinplemarie.com\/?post_type=product&#038;p=749"},"modified":"2025-05-18T14:43:26","modified_gmt":"2025-05-18T12:43:26","slug":"sous-le-chapiteau-des-cauchemars-format-broche","status":"publish","type":"product","link":"https:\/\/quentinplemarie.com\/?product=sous-le-chapiteau-des-cauchemars-format-broche","title":{"rendered":"Sous le chapiteau des cauchemars (format broch\u00e9)"},"content":{"rendered":"<p><strong>Sous le chapiteau des cauchemars, la 15\u00e8me histoire du Personarium, enfin disponible au format broch\u00e9 !<\/strong><\/p>\n<hr \/>\n<p><strong><em><span class=\"a-text-bold a-text-italic\">\u00ab Ici, les chim\u00e8res sont r\u00e9elles, la gravit\u00e9 dispara\u00eet, les pantins prennent vie, les flammes dansent\u2026 \u00bb<\/span><\/em><\/strong><\/p>\n<p><strong><span class=\"a-text-bold\">Janvier 1925.<\/span><\/strong><\/p>\n<p>Depuis plusieurs d\u00e9cennies,\u00a0<strong><span class=\"a-text-bold\">une troupe de cirque nomade<\/span><\/strong>\u00a0aussi insaisissable qu\u2019un mirage envo\u00fbte l\u2019Europe par leurs tours si incroyables qu\u2019ils en para\u00eessent&#8230;\u00a0<strong><span class=\"a-text-bold\">magiques<\/span><\/strong>.<br \/>\nUn homme, cependant, ne semble pas affect\u00e9 par leurs prodiges venus d\u2019un autre monde.<br \/>\nCar si<strong>\u00a0<span class=\"a-text-bold\">l\u2019inspecteur Gaston Martin<\/span><\/strong>\u00a0assiste \u00e0 la repr\u00e9sentation, c\u2019est pour lever le voile sur\u00a0<strong><span class=\"a-text-bold\">une s\u00e9rie de disparitions<\/span><\/strong>\u00a0d\u2019enfants survenues dans le sillage des saltimbanques.<br \/>\nAccompagn\u00e9 \u00e0 ses d\u00e9pends de\u00a0<strong><span class=\"a-text-bold\">L\u00e9onie<\/span><\/strong>, sa prot\u00e9g\u00e9e, il s\u2019infiltre alors sous le myst\u00e9rieux\u00a0<strong><span class=\"a-text-bold\">chapiteau<\/span><\/strong>\u00a0o\u00f9 se terrent\u00a0<span class=\"a-text-bold\">leurs <strong>pires cauchemars<\/strong><\/span>&#8230;<\/p>\n<p><em><span class=\"a-text-italic\">\u00ab Sous le chapiteau des cauchemars \u00bb est la 15\u00e8me histoire s\u2019inscrivant dans l\u2019univers du Personarium, recueil de nouvelles fantastiques du m\u00eame auteur !<\/span><\/em><\/p>\n<hr \/>\n<p>D\u00e9couvrez l&rsquo;univers du livre sur sa <strong><a href=\"https:\/\/quentinplemarie.com\/?page_id=747\">page d\u00e9di\u00e9e<\/a><\/strong> !<\/p>\n","protected":false},"excerpt":{"rendered":"<p>Sous le chapiteau des cauchemars, la 15\u00e8me histoire du Personarium, au format broch\u00e9 !<\/p>\n","protected":false},"featured_media":750,"comment_status":"open","ping_status":"closed","template":"","meta":{"om_disable_all_campaigns":false,"_monsterinsights_skip_tracking":false,"_monsterinsights_sitenote_active":false,"_monsterinsights_sitenote_note":"","_monsterinsights_sitenote_category":0,"_uf_show_specific_survey":0,"_uf_disable_surveys":false,"_EventAllDay":false,"_EventTimezone":"","_EventStartDate":"","_EventEndDate":"","_EventStartDateUTC":"","_EventEndDateUTC":"","_EventShowMap":false,"_EventShowMapLink":false,"_EventURL":"","_EventCost":"","_EventCostDescription":"","_EventCurrencySymbol":"","_EventCurrencyCode":"","_EventCurrencyPosition":"","_EventDateTimeSeparator":"","_EventTimeRangeSeparator":"","_EventOrganizerID":[],"_EventVenueID":[],"_OrganizerEmail":"","_OrganizerPhone":"","_OrganizerWebsite":"","_VenueAddress":"","_VenueCity":"","_VenueCountry":"","_VenueProvince":"","_VenueState":"","_VenueZip":"","_VenuePhone":"","_VenueURL":"","_VenueStateProvince":"","_VenueLat":"","_VenueLng":"","_VenueShowMap":false,"_VenueShowMapLink":false},"product_brand":[],"product_cat":[27],"product_tag":[],"class_list":{"0":"post-749","1":"product","2":"type-product","3":"status-publish","4":"has-post-thumbnail","6":"product_cat-imaginaire","7":"product_shipping_class-livre","9":"first","10":"instock","11":"shipping-taxable","12":"purchasable","13":"product-type-simple"},"aioseo_notices":[],"jetpack_sharing_enabled":true,"_links":{"self":[{"href":"https:\/\/quentinplemarie.com\/index.php?rest_route=\/wp\/v2\/product\/749","targetHints":{"allow":["GET"]}}],"collection":[{"href":"https:\/\/quentinplemarie.com\/index.php?rest_route=\/wp\/v2\/product"}],"about":[{"href":"https:\/\/quentinplemarie.com\/index.php?rest_route=\/wp\/v2\/types\/product"}],"replies":[{"embeddable":true,"href":"https:\/\/quentinplemarie.com\/index.php?rest_route=%2Fwp%2Fv2%2Fcomments&post=749"}],"wp:featuredmedia":[{"embeddable":true,"href":"https:\/\/quentinplemarie.com\/index.php?rest_route=\/wp\/v2\/media\/750"}],"wp:attachment":[{"href":"https:\/\/quentinplemarie.com\/index.php?rest_route=%2Fwp%2Fv2%2Fmedia&parent=749"}],"wp:term":[{"taxonomy":"product_brand","embeddable":true,"href":"https:\/\/quentinplemarie.com\/index.php?rest_route=%2Fwp%2Fv2%2Fproduct_brand&post=749"},{"taxonomy":"product_cat","embeddable":true,"href":"https:\/\/quentinplemarie.com\/index.php?rest_route=%2Fwp%2Fv2%2Fproduct_cat&post=749"},{"taxonomy":"product_tag","embeddable":true,"href":"https:\/\/quentinplemarie.com\/index.php?rest_route=%2Fwp%2Fv2%2Fproduct_tag&post=749"}],"curies":[{"name":"wp","href":"https:\/\/api.w.org\/{rel}","templated":true}]}}