{"id":859,"date":"2025-11-28T22:04:25","date_gmt":"2025-11-28T21:04:25","guid":{"rendered":"https:\/\/quentinplemarie.com\/?post_type=product&#038;p=859"},"modified":"2025-11-28T22:12:09","modified_gmt":"2025-11-28T21:12:09","slug":"de-victoria-in-machinas-tome-i-de-fer-de-sang-format-broche","status":"publish","type":"product","link":"https:\/\/quentinplemarie.com\/?product=de-victoria-in-machinas-tome-i-de-fer-de-sang-format-broche","title":{"rendered":"De Victoria in Machinas &#8211; Tome I : De Fer &#038; de Sang (format broch\u00e9)"},"content":{"rendered":"<p><strong>Le Tome I de la trilogie steampunk palpitante <em>De Victoria in Machinas<\/em><\/strong>, au format broch\u00e9 ! D\u00e9dicace possible sur demande !<\/p>\n<p>Ce format est agr\u00e9ment\u00e9 d&rsquo;un vernis s\u00e9lectif d\u00e9bloqu\u00e9 par les contributeurs de la campagne de pr\u00e9-commande du roman.<\/p>\n<p>Retrouvez tout l&rsquo;univers du roman, ses personnages, des anecdotes et bien plus encore sur sa <a href=\"https:\/\/quentinplemarie.com\/?page_id=794\">page d\u00e9di\u00e9e<\/a>.<\/p>\n<hr \/>\n<p><span style=\"text-decoration: underline;\"><strong>R\u00e9sum\u00e9 :<\/strong><\/span><\/p>\n<p><em><strong>D\u00e9but du XX\u00e8me si\u00e8cle.<\/strong><\/em><br \/>\n<em><strong>Londres est ravag\u00e9e. Vici\u00e9e. D\u00e9vast\u00e9e.<\/strong><\/em><\/p>\n<p><em>Une d\u00e9solation caus\u00e9e par une\u00a0<strong>arm\u00e9e de machines cauchemardesques\u00a0<\/strong>qui, non contentes d\u2019avoir massacr\u00e9 la population, r\u00e9coltent divers organes sur les cadavres humains pour se les\u00a0<strong>implanter<\/strong>.\u00a0Les survivants, contraints de se r\u00e9fugier dans les souterrains abandonn\u00e9s du m\u00e9tro britannique, ont perdu tout espoir de victoire.<\/em><\/p>\n<p><em>Jusqu\u2019au jour o\u00f9 un\u00a0<strong>robot d\u00e9fectueux<\/strong>\u00a0s\u2019\u00e9veille, tiraill\u00e9 par des souvenirs confus et contradictoires : ceux de la naissance de l\u2019automate originel, et ceux d\u2019un soldat tomb\u00e9 au combat. \u00c9chappant au contr\u00f4le de ses pairs, sa rencontre avec\u00a0<strong>Annie, une orpheline \u00e9gar\u00e9e\u00a0<\/strong>sur les quais de la Tamise pollu\u00e9e, pourrait devenir l\u2019\u00e9l\u00e9ment d\u00e9clencheur de la r\u00e9volte des humains\u2026<\/em><\/p>\n","protected":false},"excerpt":{"rendered":"<p>Le Tome I de la trilogie steampunk palpitante De Victoria in Machinas, au format broch\u00e9 !<\/p>\n","protected":false},"featured_media":787,"comment_status":"open","ping_status":"closed","template":"","meta":{"om_disable_all_campaigns":false,"_monsterinsights_skip_tracking":false,"_monsterinsights_sitenote_active":false,"_monsterinsights_sitenote_note":"","_monsterinsights_sitenote_category":0,"_uf_show_specific_survey":0,"_uf_disable_surveys":false,"_EventAllDay":false,"_EventTimezone":"","_EventStartDate":"","_EventEndDate":"","_EventStartDateUTC":"","_EventEndDateUTC":"","_EventShowMap":false,"_EventShowMapLink":false,"_EventURL":"","_EventCost":"","_EventCostDescription":"","_EventCurrencySymbol":"","_EventCurrencyCode":"","_EventCurrencyPosition":"","_EventDateTimeSeparator":"","_EventTimeRangeSeparator":"","_EventOrganizerID":[],"_EventVenueID":[],"_OrganizerEmail":"","_OrganizerPhone":"","_OrganizerWebsite":"","_VenueAddress":"","_VenueCity":"","_VenueCountry":"","_VenueProvince":"","_VenueState":"","_VenueZip":"","_VenuePhone":"","_VenueURL":"","_VenueStateProvince":"","_VenueLat":"","_VenueLng":"","_VenueShowMap":false,"_VenueShowMapLink":false},"product_brand":[],"product_cat":[27,36],"product_tag":[],"class_list":{"0":"post-859","1":"product","2":"type-product","3":"status-publish","4":"has-post-thumbnail","6":"product_cat-imaginaire","7":"product_cat-livres","8":"product_shipping_class-livre","10":"first","11":"instock","12":"shipping-taxable","13":"purchasable","14":"product-type-simple"},"aioseo_notices":[],"jetpack_sharing_enabled":true,"_links":{"self":[{"href":"https:\/\/quentinplemarie.com\/index.php?rest_route=\/wp\/v2\/product\/859","targetHints":{"allow":["GET"]}}],"collection":[{"href":"https:\/\/quentinplemarie.com\/index.php?rest_route=\/wp\/v2\/product"}],"about":[{"href":"https:\/\/quentinplemarie.com\/index.php?rest_route=\/wp\/v2\/types\/product"}],"replies":[{"embeddable":true,"href":"https:\/\/quentinplemarie.com\/index.php?rest_route=%2Fwp%2Fv2%2Fcomments&post=859"}],"wp:featuredmedia":[{"embeddable":true,"href":"https:\/\/quentinplemarie.com\/index.php?rest_route=\/wp\/v2\/media\/787"}],"wp:attachment":[{"href":"https:\/\/quentinplemarie.com\/index.php?rest_route=%2Fwp%2Fv2%2Fmedia&parent=859"}],"wp:term":[{"taxonomy":"product_brand","embeddable":true,"href":"https:\/\/quentinplemarie.com\/index.php?rest_route=%2Fwp%2Fv2%2Fproduct_brand&post=859"},{"taxonomy":"product_cat","embeddable":true,"href":"https:\/\/quentinplemarie.com\/index.php?rest_route=%2Fwp%2Fv2%2Fproduct_cat&post=859"},{"taxonomy":"product_tag","embeddable":true,"href":"https:\/\/quentinplemarie.com\/index.php?rest_route=%2Fwp%2Fv2%2Fproduct_tag&post=859"}],"curies":[{"name":"wp","href":"https:\/\/api.w.org\/{rel}","templated":true}]}}