{"id":863,"date":"2025-11-28T22:09:11","date_gmt":"2025-11-28T21:09:11","guid":{"rendered":"https:\/\/quentinplemarie.com\/?post_type=product&#038;p=863"},"modified":"2025-11-28T22:09:58","modified_gmt":"2025-11-28T21:09:58","slug":"illustrations-de-victoria-in-machinas-tome-i-prints-format-a5","status":"publish","type":"product","link":"https:\/\/quentinplemarie.com\/?product=illustrations-de-victoria-in-machinas-tome-i-prints-format-a5","title":{"rendered":"Illustrations De Victoria in Machinas Tome I (prints format A5)"},"content":{"rendered":"<p>Retrouvez les <strong>illustrations des pages de garde<\/strong> du format reli\u00e9 collector de<a href=\"https:\/\/quentinplemarie.com\/?page_id=794\"><strong> De Victoria in Machinas &#8211; Tome I : De Fer &amp; de Sang<\/strong><\/a>, sous forme de prints !<\/p>\n<p>Revivez certaines des sc\u00e8nes marquantes de DVIM T1 avec ces illustrations au <strong>format A5<\/strong> imprim\u00e9es sur un <strong>papier nacr\u00e9<\/strong> de haute qualit\u00e9 !<\/p>\n<p>2 mod\u00e8les possibles :<\/p>\n<ul>\n<li>Illustration \u00ab\u00a0<strong>contour noir<\/strong>\u00a0\u00bb : <em>L&rsquo;orpheline \u00e9gar\u00e9e et le robot d\u00e9fectueux<\/em><\/li>\n<li>Illustration \u00ab\u00a0<strong>contour blanc<\/strong>\u00a0\u00bb : <em>Les ruines de Christchurch<\/em><\/li>\n<\/ul>\n","protected":false},"excerpt":{"rendered":"<p>Retrouvez les illustrations des pages de garde du format reli\u00e9 collector de De Victoria in Machinas &#8211; Tome I : De Fer &amp; de Sang, sous forme de prints !&#8230;<\/p>\n","protected":false},"featured_media":870,"comment_status":"open","ping_status":"closed","template":"","meta":{"om_disable_all_campaigns":false,"_monsterinsights_skip_tracking":false,"_monsterinsights_sitenote_active":false,"_monsterinsights_sitenote_note":"","_monsterinsights_sitenote_category":0,"_uf_show_specific_survey":0,"_uf_disable_surveys":false,"_EventAllDay":false,"_EventTimezone":"","_EventStartDate":"","_EventEndDate":"","_EventStartDateUTC":"","_EventEndDateUTC":"","_EventShowMap":false,"_EventShowMapLink":false,"_EventURL":"","_EventCost":"","_EventCostDescription":"","_EventCurrencySymbol":"","_EventCurrencyCode":"","_EventCurrencyPosition":"","_EventDateTimeSeparator":"","_EventTimeRangeSeparator":"","_EventOrganizerID":[],"_EventVenueID":[],"_OrganizerEmail":"","_OrganizerPhone":"","_OrganizerWebsite":"","_VenueAddress":"","_VenueCity":"","_VenueCountry":"","_VenueProvince":"","_VenueState":"","_VenueZip":"","_VenuePhone":"","_VenueURL":"","_VenueStateProvince":"","_VenueLat":"","_VenueLng":"","_VenueShowMap":false,"_VenueShowMapLink":false},"product_brand":[],"product_cat":[15,32,27],"product_tag":[],"class_list":{"0":"post-863","1":"product","2":"type-product","3":"status-publish","4":"has-post-thumbnail","6":"product_cat-uncategorized","7":"product_cat-illustrations","8":"product_cat-imaginaire","9":"product_shipping_class-illustrations","11":"first","12":"instock","13":"shipping-taxable","14":"purchasable","15":"product-type-variable"},"aioseo_notices":[],"jetpack_sharing_enabled":true,"_links":{"self":[{"href":"https:\/\/quentinplemarie.com\/index.php?rest_route=\/wp\/v2\/product\/863","targetHints":{"allow":["GET"]}}],"collection":[{"href":"https:\/\/quentinplemarie.com\/index.php?rest_route=\/wp\/v2\/product"}],"about":[{"href":"https:\/\/quentinplemarie.com\/index.php?rest_route=\/wp\/v2\/types\/product"}],"replies":[{"embeddable":true,"href":"https:\/\/quentinplemarie.com\/index.php?rest_route=%2Fwp%2Fv2%2Fcomments&post=863"}],"wp:featuredmedia":[{"embeddable":true,"href":"https:\/\/quentinplemarie.com\/index.php?rest_route=\/wp\/v2\/media\/870"}],"wp:attachment":[{"href":"https:\/\/quentinplemarie.com\/index.php?rest_route=%2Fwp%2Fv2%2Fmedia&parent=863"}],"wp:term":[{"taxonomy":"product_brand","embeddable":true,"href":"https:\/\/quentinplemarie.com\/index.php?rest_route=%2Fwp%2Fv2%2Fproduct_brand&post=863"},{"taxonomy":"product_cat","embeddable":true,"href":"https:\/\/quentinplemarie.com\/index.php?rest_route=%2Fwp%2Fv2%2Fproduct_cat&post=863"},{"taxonomy":"product_tag","embeddable":true,"href":"https:\/\/quentinplemarie.com\/index.php?rest_route=%2Fwp%2Fv2%2Fproduct_tag&post=863"}],"curies":[{"name":"wp","href":"https:\/\/api.w.org\/{rel}","templated":true}]}}